{"id":1036,"date":"2022-05-26T20:46:29","date_gmt":"2022-05-26T23:46:29","guid":{"rendered":"https:\/\/kifase.com.br\/a\/?post_type=product&#038;p=1036"},"modified":"2022-05-26T20:46:29","modified_gmt":"2022-05-26T23:46:29","slug":"tampa-1-modulo-vertical-para-condulete-1-2-ou-3-4-aluminio-tramontina","status":"publish","type":"product","link":"https:\/\/kifase.com.br\/a\/produto\/tampa-1-modulo-vertical-para-condulete-1-2-ou-3-4-aluminio-tramontina\/","title":{"rendered":"Tampa 1 m\u00f3dulo vertical para condulete 1\/2&#8243; OU 3\/4&#8243; alum\u00ednio Tramontina"},"content":{"rendered":"<p>Tampa 1 m\u00f3dulo vertical para condulete 1\/2&#8243; OU 3\/4&#8243; alum\u00ednio Tramontina<\/p>\n","protected":false},"excerpt":{"rendered":"<p>Tampa 1 m\u00f3dulo vertical para condulete 1\/2&#8243; OU 3\/4&#8243; alum\u00ednio Tramontina<\/p>\n","protected":false},"featured_media":1037,"comment_status":"open","ping_status":"closed","template":"","meta":[],"product_cat":[31,77],"product_tag":[],"class_list":["post-1036","product","type-product","status-publish","has-post-thumbnail","hentry","product_cat-acabamentos","product_cat-conduletes-tramontina"],"yoast_head":"<!-- This site is optimized with the Yoast SEO plugin v20.1 - https:\/\/yoast.com\/wordpress\/plugins\/seo\/ -->\n<title>Tampa 1 m\u00f3dulo vertical para condulete 1\/2&quot; OU 3\/4&quot; alum\u00ednio Tramontina - Kifase Materiais El\u00e9tricos<\/title>\n<meta name=\"robots\" content=\"index, follow, max-snippet:-1, max-image-preview:large, max-video-preview:-1\" \/>\n<link rel=\"canonical\" href=\"https:\/\/kifase.com.br\/a\/produto\/tampa-1-modulo-vertical-para-condulete-1-2-ou-3-4-aluminio-tramontina\/\" \/>\n<meta property=\"og:locale\" content=\"pt_BR\" \/>\n<meta property=\"og:type\" content=\"article\" \/>\n<meta property=\"og:title\" content=\"Tampa 1 m\u00f3dulo vertical para condulete 1\/2&quot; OU 3\/4&quot; alum\u00ednio Tramontina - Kifase Materiais El\u00e9tricos\" \/>\n<meta property=\"og:description\" content=\"Tampa 1 m\u00f3dulo vertical para condulete 1\/2&quot; OU 3\/4&quot; alum\u00ednio Tramontina\" \/>\n<meta property=\"og:url\" content=\"https:\/\/kifase.com.br\/a\/produto\/tampa-1-modulo-vertical-para-condulete-1-2-ou-3-4-aluminio-tramontina\/\" \/>\n<meta property=\"og:site_name\" content=\"Kifase Materiais El\u00e9tricos\" \/>\n<meta property=\"article:publisher\" content=\"https:\/\/www.facebook.com\/kifaseloja\" \/>\n<meta property=\"og:image\" content=\"https:\/\/kifase.com.br\/a\/wp-content\/uploads\/2022\/05\/tampa-condule-vertical.jpg\" \/>\n\t<meta property=\"og:image:width\" content=\"827\" \/>\n\t<meta property=\"og:image:height\" content=\"827\" \/>\n\t<meta property=\"og:image:type\" content=\"image\/jpeg\" \/>\n<meta name=\"twitter:card\" content=\"summary_large_image\" \/>\n<script type=\"application\/ld+json\" class=\"yoast-schema-graph\">{\"@context\":\"https:\/\/schema.org\",\"@graph\":[{\"@type\":\"WebPage\",\"@id\":\"https:\/\/kifase.com.br\/a\/produto\/tampa-1-modulo-vertical-para-condulete-1-2-ou-3-4-aluminio-tramontina\/\",\"url\":\"https:\/\/kifase.com.br\/a\/produto\/tampa-1-modulo-vertical-para-condulete-1-2-ou-3-4-aluminio-tramontina\/\",\"name\":\"Tampa 1 m\u00f3dulo vertical para condulete 1\/2\\\" OU 3\/4\\\" alum\u00ednio Tramontina - Kifase Materiais El\u00e9tricos\",\"isPartOf\":{\"@id\":\"https:\/\/kifase.com.br\/a\/#website\"},\"datePublished\":\"2022-05-26T23:46:29+00:00\",\"dateModified\":\"2022-05-26T23:46:29+00:00\",\"breadcrumb\":{\"@id\":\"https:\/\/kifase.com.br\/a\/produto\/tampa-1-modulo-vertical-para-condulete-1-2-ou-3-4-aluminio-tramontina\/#breadcrumb\"},\"inLanguage\":\"pt-BR\",\"potentialAction\":[{\"@type\":\"ReadAction\",\"target\":[\"https:\/\/kifase.com.br\/a\/produto\/tampa-1-modulo-vertical-para-condulete-1-2-ou-3-4-aluminio-tramontina\/\"]}]},{\"@type\":\"BreadcrumbList\",\"@id\":\"https:\/\/kifase.com.br\/a\/produto\/tampa-1-modulo-vertical-para-condulete-1-2-ou-3-4-aluminio-tramontina\/#breadcrumb\",\"itemListElement\":[{\"@type\":\"ListItem\",\"position\":1,\"name\":\"In\u00edcio\",\"item\":\"https:\/\/kifase.com.br\/a\/\"},{\"@type\":\"ListItem\",\"position\":2,\"name\":\"Loja\",\"item\":\"https:\/\/kifase.com.br\/a\/loja\/\"},{\"@type\":\"ListItem\",\"position\":3,\"name\":\"Tampa 1 m\u00f3dulo vertical para condulete 1\/2&#8243; OU 3\/4&#8243; alum\u00ednio Tramontina\"}]},{\"@type\":\"WebSite\",\"@id\":\"https:\/\/kifase.com.br\/a\/#website\",\"url\":\"https:\/\/kifase.com.br\/a\/\",\"name\":\"Kifase Materiais El\u00e9tricos\",\"description\":\"Materiais el\u00e9tricos, ilumina\u00e7\u00e3o, ferramentas e utilidades.\",\"publisher\":{\"@id\":\"https:\/\/kifase.com.br\/a\/#organization\"},\"potentialAction\":[{\"@type\":\"SearchAction\",\"target\":{\"@type\":\"EntryPoint\",\"urlTemplate\":\"https:\/\/kifase.com.br\/a\/?s={search_term_string}\"},\"query-input\":\"required name=search_term_string\"}],\"inLanguage\":\"pt-BR\"},{\"@type\":\"Organization\",\"@id\":\"https:\/\/kifase.com.br\/a\/#organization\",\"name\":\"Kifase Materiais El\u00e9tricos\",\"url\":\"https:\/\/kifase.com.br\/a\/\",\"logo\":{\"@type\":\"ImageObject\",\"inLanguage\":\"pt-BR\",\"@id\":\"https:\/\/kifase.com.br\/a\/#\/schema\/logo\/image\/\",\"url\":\"https:\/\/kifase.com.br\/a\/wp-content\/uploads\/2022\/03\/kisafe-.jpg\",\"contentUrl\":\"https:\/\/kifase.com.br\/a\/wp-content\/uploads\/2022\/03\/kisafe-.jpg\",\"width\":339,\"height\":105,\"caption\":\"Kifase Materiais El\u00e9tricos\"},\"image\":{\"@id\":\"https:\/\/kifase.com.br\/a\/#\/schema\/logo\/image\/\"},\"sameAs\":[\"https:\/\/www.facebook.com\/kifaseloja\",\"https:\/\/www.instagram.com\/kifasemat.e\"]}]}<\/script>\n<!-- \/ Yoast SEO plugin. -->","yoast_head_json":{"title":"Tampa 1 m\u00f3dulo vertical para condulete 1\/2\" OU 3\/4\" alum\u00ednio Tramontina - Kifase Materiais El\u00e9tricos","robots":{"index":"index","follow":"follow","max-snippet":"max-snippet:-1","max-image-preview":"max-image-preview:large","max-video-preview":"max-video-preview:-1"},"canonical":"https:\/\/kifase.com.br\/a\/produto\/tampa-1-modulo-vertical-para-condulete-1-2-ou-3-4-aluminio-tramontina\/","og_locale":"pt_BR","og_type":"article","og_title":"Tampa 1 m\u00f3dulo vertical para condulete 1\/2\" OU 3\/4\" alum\u00ednio Tramontina - Kifase Materiais El\u00e9tricos","og_description":"Tampa 1 m\u00f3dulo vertical para condulete 1\/2\" OU 3\/4\" alum\u00ednio Tramontina","og_url":"https:\/\/kifase.com.br\/a\/produto\/tampa-1-modulo-vertical-para-condulete-1-2-ou-3-4-aluminio-tramontina\/","og_site_name":"Kifase Materiais El\u00e9tricos","article_publisher":"https:\/\/www.facebook.com\/kifaseloja","og_image":[{"width":827,"height":827,"url":"https:\/\/kifase.com.br\/a\/wp-content\/uploads\/2022\/05\/tampa-condule-vertical.jpg","type":"image\/jpeg"}],"twitter_card":"summary_large_image","schema":{"@context":"https:\/\/schema.org","@graph":[{"@type":"WebPage","@id":"https:\/\/kifase.com.br\/a\/produto\/tampa-1-modulo-vertical-para-condulete-1-2-ou-3-4-aluminio-tramontina\/","url":"https:\/\/kifase.com.br\/a\/produto\/tampa-1-modulo-vertical-para-condulete-1-2-ou-3-4-aluminio-tramontina\/","name":"Tampa 1 m\u00f3dulo vertical para condulete 1\/2\" OU 3\/4\" alum\u00ednio Tramontina - Kifase Materiais El\u00e9tricos","isPartOf":{"@id":"https:\/\/kifase.com.br\/a\/#website"},"datePublished":"2022-05-26T23:46:29+00:00","dateModified":"2022-05-26T23:46:29+00:00","breadcrumb":{"@id":"https:\/\/kifase.com.br\/a\/produto\/tampa-1-modulo-vertical-para-condulete-1-2-ou-3-4-aluminio-tramontina\/#breadcrumb"},"inLanguage":"pt-BR","potentialAction":[{"@type":"ReadAction","target":["https:\/\/kifase.com.br\/a\/produto\/tampa-1-modulo-vertical-para-condulete-1-2-ou-3-4-aluminio-tramontina\/"]}]},{"@type":"BreadcrumbList","@id":"https:\/\/kifase.com.br\/a\/produto\/tampa-1-modulo-vertical-para-condulete-1-2-ou-3-4-aluminio-tramontina\/#breadcrumb","itemListElement":[{"@type":"ListItem","position":1,"name":"In\u00edcio","item":"https:\/\/kifase.com.br\/a\/"},{"@type":"ListItem","position":2,"name":"Loja","item":"https:\/\/kifase.com.br\/a\/loja\/"},{"@type":"ListItem","position":3,"name":"Tampa 1 m\u00f3dulo vertical para condulete 1\/2&#8243; OU 3\/4&#8243; alum\u00ednio Tramontina"}]},{"@type":"WebSite","@id":"https:\/\/kifase.com.br\/a\/#website","url":"https:\/\/kifase.com.br\/a\/","name":"Kifase Materiais El\u00e9tricos","description":"Materiais el\u00e9tricos, ilumina\u00e7\u00e3o, ferramentas e utilidades.","publisher":{"@id":"https:\/\/kifase.com.br\/a\/#organization"},"potentialAction":[{"@type":"SearchAction","target":{"@type":"EntryPoint","urlTemplate":"https:\/\/kifase.com.br\/a\/?s={search_term_string}"},"query-input":"required name=search_term_string"}],"inLanguage":"pt-BR"},{"@type":"Organization","@id":"https:\/\/kifase.com.br\/a\/#organization","name":"Kifase Materiais El\u00e9tricos","url":"https:\/\/kifase.com.br\/a\/","logo":{"@type":"ImageObject","inLanguage":"pt-BR","@id":"https:\/\/kifase.com.br\/a\/#\/schema\/logo\/image\/","url":"https:\/\/kifase.com.br\/a\/wp-content\/uploads\/2022\/03\/kisafe-.jpg","contentUrl":"https:\/\/kifase.com.br\/a\/wp-content\/uploads\/2022\/03\/kisafe-.jpg","width":339,"height":105,"caption":"Kifase Materiais El\u00e9tricos"},"image":{"@id":"https:\/\/kifase.com.br\/a\/#\/schema\/logo\/image\/"},"sameAs":["https:\/\/www.facebook.com\/kifaseloja","https:\/\/www.instagram.com\/kifasemat.e"]}]}},"_links":{"self":[{"href":"https:\/\/kifase.com.br\/a\/wp-json\/wp\/v2\/product\/1036","targetHints":{"allow":["GET"]}}],"collection":[{"href":"https:\/\/kifase.com.br\/a\/wp-json\/wp\/v2\/product"}],"about":[{"href":"https:\/\/kifase.com.br\/a\/wp-json\/wp\/v2\/types\/product"}],"replies":[{"embeddable":true,"href":"https:\/\/kifase.com.br\/a\/wp-json\/wp\/v2\/comments?post=1036"}],"version-history":[{"count":1,"href":"https:\/\/kifase.com.br\/a\/wp-json\/wp\/v2\/product\/1036\/revisions"}],"predecessor-version":[{"id":1038,"href":"https:\/\/kifase.com.br\/a\/wp-json\/wp\/v2\/product\/1036\/revisions\/1038"}],"wp:featuredmedia":[{"embeddable":true,"href":"https:\/\/kifase.com.br\/a\/wp-json\/wp\/v2\/media\/1037"}],"wp:attachment":[{"href":"https:\/\/kifase.com.br\/a\/wp-json\/wp\/v2\/media?parent=1036"}],"wp:term":[{"taxonomy":"product_cat","embeddable":true,"href":"https:\/\/kifase.com.br\/a\/wp-json\/wp\/v2\/product_cat?post=1036"},{"taxonomy":"product_tag","embeddable":true,"href":"https:\/\/kifase.com.br\/a\/wp-json\/wp\/v2\/product_tag?post=1036"}],"curies":[{"name":"wp","href":"https:\/\/api.w.org\/{rel}","templated":true}]}}