{"id":1130,"date":"2022-06-22T21:21:05","date_gmt":"2022-06-23T00:21:05","guid":{"rendered":"https:\/\/kifase.com.br\/a\/?post_type=product&#038;p=1130"},"modified":"2023-05-18T11:10:14","modified_gmt":"2023-05-18T14:10:14","slug":"sensor-de-presenca-interno-standard-sobrepor-parede","status":"publish","type":"product","link":"https:\/\/kifase.com.br\/a\/produto\/sensor-de-presenca-interno-standard-sobrepor-parede\/","title":{"rendered":"Sensor de presen\u00e7a interno standard sobrepor parede"},"content":{"rendered":"<p>Sensor de presen\u00e7a interno sobrepor parede<\/p>\n<p>Os sensores de presen\u00e7a sobrepor para parede interna da MarGirius acionam automaticamente a ilumina\u00e7\u00e3o ao detectar movimento de fontes de calor, como pessoas e ve\u00edculos, desligando ap\u00f3s o tempo programado.<\/p>\n<p>Vers\u00e1teis, podem ser usados em escadarias, halls, corredores, garagens, entre outros ambientes que n\u00e3o necessitem de ilumina\u00e7\u00e3o cont\u00ednua.<\/p>\n","protected":false},"excerpt":{"rendered":"<p>Sensor de presen\u00e7a interno sobrepor parede<\/p>\n<p>Os sensores de presen\u00e7a sobrepor para parede interna da MarGirius acionam automaticamente a ilumina\u00e7\u00e3o ao detectar movimento de fontes de calor, como pessoas e ve\u00edculos, desligando ap\u00f3s o tempo programado.<\/p>\n<p>Vers\u00e1teis, podem ser usados em escadarias, halls, corredores, garagens, entre outros ambientes que n\u00e3o necessitem de ilumina\u00e7\u00e3o cont\u00ednua.<\/p>\n","protected":false},"featured_media":1131,"comment_status":"open","ping_status":"closed","template":"","meta":[],"product_cat":[28,53],"product_tag":[],"class_list":["post-1130","product","type-product","status-publish","has-post-thumbnail","hentry","product_cat-sensores","product_cat-sobrepor-teto-parede"],"yoast_head":"<!-- This site is optimized with the Yoast SEO plugin v20.1 - https:\/\/yoast.com\/wordpress\/plugins\/seo\/ -->\n<title>Sensor de presen\u00e7a interno standard sobrepor parede - Kifase Materiais El\u00e9tricos<\/title>\n<meta name=\"description\" content=\"Sensor de presen\u00e7a interno sobrepor paredeOs sensores de presen\u00e7a sobrepor para parede interna da MarGirius acionam automaticamente a ilumina\u00e7\u00e3o ao detectar movimento de fontes de calor, como pessoas e ve\u00edculos, desligando ap\u00f3s o tempo programado.Vers\u00e1teis, podem ser usados em escadarias, halls, corredores, garagens, entre outros ambientes que n\u00e3o necessitem de ilumina\u00e7\u00e3o cont\u00ednua.\" \/>\n<meta name=\"robots\" content=\"index, follow, max-snippet:-1, max-image-preview:large, max-video-preview:-1\" \/>\n<link rel=\"canonical\" href=\"https:\/\/kifase.com.br\/a\/produto\/sensor-de-presenca-interno-standard-sobrepor-parede\/\" \/>\n<meta property=\"og:locale\" content=\"pt_BR\" \/>\n<meta property=\"og:type\" content=\"article\" \/>\n<meta property=\"og:title\" content=\"Sensor de presen\u00e7a interno standard sobrepor parede - Kifase Materiais El\u00e9tricos\" \/>\n<meta property=\"og:description\" content=\"Sensor de presen\u00e7a interno sobrepor paredeOs sensores de presen\u00e7a sobrepor para parede interna da MarGirius acionam automaticamente a ilumina\u00e7\u00e3o ao detectar movimento de fontes de calor, como pessoas e ve\u00edculos, desligando ap\u00f3s o tempo programado.Vers\u00e1teis, podem ser usados em escadarias, halls, corredores, garagens, entre outros ambientes que n\u00e3o necessitem de ilumina\u00e7\u00e3o cont\u00ednua.\" \/>\n<meta property=\"og:url\" content=\"https:\/\/kifase.com.br\/a\/produto\/sensor-de-presenca-interno-standard-sobrepor-parede\/\" \/>\n<meta property=\"og:site_name\" content=\"Kifase Materiais El\u00e9tricos\" \/>\n<meta property=\"article:publisher\" content=\"https:\/\/www.facebook.com\/kifaseloja\" \/>\n<meta property=\"article:modified_time\" content=\"2023-05-18T14:10:14+00:00\" \/>\n<meta property=\"og:image\" content=\"https:\/\/kifase.com.br\/a\/wp-content\/uploads\/2022\/06\/sensorparede.jpg\" \/>\n\t<meta property=\"og:image:width\" content=\"827\" \/>\n\t<meta property=\"og:image:height\" content=\"846\" \/>\n\t<meta property=\"og:image:type\" content=\"image\/jpeg\" \/>\n<meta name=\"twitter:card\" content=\"summary_large_image\" \/>\n<meta name=\"twitter:label1\" content=\"Est. tempo de leitura\" \/>\n\t<meta name=\"twitter:data1\" content=\"1 minuto\" \/>\n<script type=\"application\/ld+json\" class=\"yoast-schema-graph\">{\"@context\":\"https:\/\/schema.org\",\"@graph\":[{\"@type\":\"WebPage\",\"@id\":\"https:\/\/kifase.com.br\/a\/produto\/sensor-de-presenca-interno-standard-sobrepor-parede\/\",\"url\":\"https:\/\/kifase.com.br\/a\/produto\/sensor-de-presenca-interno-standard-sobrepor-parede\/\",\"name\":\"Sensor de presen\u00e7a interno standard sobrepor parede - Kifase Materiais El\u00e9tricos\",\"isPartOf\":{\"@id\":\"https:\/\/kifase.com.br\/a\/#website\"},\"datePublished\":\"2022-06-23T00:21:05+00:00\",\"dateModified\":\"2023-05-18T14:10:14+00:00\",\"description\":\"Sensor de presen\u00e7a interno sobrepor paredeOs sensores de presen\u00e7a sobrepor para parede interna da MarGirius acionam automaticamente a ilumina\u00e7\u00e3o ao detectar movimento de fontes de calor, como pessoas e ve\u00edculos, desligando ap\u00f3s o tempo programado.Vers\u00e1teis, podem ser usados em escadarias, halls, corredores, garagens, entre outros ambientes que n\u00e3o necessitem de ilumina\u00e7\u00e3o cont\u00ednua.\",\"breadcrumb\":{\"@id\":\"https:\/\/kifase.com.br\/a\/produto\/sensor-de-presenca-interno-standard-sobrepor-parede\/#breadcrumb\"},\"inLanguage\":\"pt-BR\",\"potentialAction\":[{\"@type\":\"ReadAction\",\"target\":[\"https:\/\/kifase.com.br\/a\/produto\/sensor-de-presenca-interno-standard-sobrepor-parede\/\"]}]},{\"@type\":\"BreadcrumbList\",\"@id\":\"https:\/\/kifase.com.br\/a\/produto\/sensor-de-presenca-interno-standard-sobrepor-parede\/#breadcrumb\",\"itemListElement\":[{\"@type\":\"ListItem\",\"position\":1,\"name\":\"In\u00edcio\",\"item\":\"https:\/\/kifase.com.br\/a\/\"},{\"@type\":\"ListItem\",\"position\":2,\"name\":\"Loja\",\"item\":\"https:\/\/kifase.com.br\/a\/loja\/\"},{\"@type\":\"ListItem\",\"position\":3,\"name\":\"Sensor de presen\u00e7a interno standard sobrepor parede\"}]},{\"@type\":\"WebSite\",\"@id\":\"https:\/\/kifase.com.br\/a\/#website\",\"url\":\"https:\/\/kifase.com.br\/a\/\",\"name\":\"Kifase Materiais El\u00e9tricos\",\"description\":\"Materiais el\u00e9tricos, ilumina\u00e7\u00e3o, ferramentas e utilidades.\",\"publisher\":{\"@id\":\"https:\/\/kifase.com.br\/a\/#organization\"},\"potentialAction\":[{\"@type\":\"SearchAction\",\"target\":{\"@type\":\"EntryPoint\",\"urlTemplate\":\"https:\/\/kifase.com.br\/a\/?s={search_term_string}\"},\"query-input\":\"required name=search_term_string\"}],\"inLanguage\":\"pt-BR\"},{\"@type\":\"Organization\",\"@id\":\"https:\/\/kifase.com.br\/a\/#organization\",\"name\":\"Kifase Materiais El\u00e9tricos\",\"url\":\"https:\/\/kifase.com.br\/a\/\",\"logo\":{\"@type\":\"ImageObject\",\"inLanguage\":\"pt-BR\",\"@id\":\"https:\/\/kifase.com.br\/a\/#\/schema\/logo\/image\/\",\"url\":\"https:\/\/kifase.com.br\/a\/wp-content\/uploads\/2022\/03\/kisafe-.jpg\",\"contentUrl\":\"https:\/\/kifase.com.br\/a\/wp-content\/uploads\/2022\/03\/kisafe-.jpg\",\"width\":339,\"height\":105,\"caption\":\"Kifase Materiais El\u00e9tricos\"},\"image\":{\"@id\":\"https:\/\/kifase.com.br\/a\/#\/schema\/logo\/image\/\"},\"sameAs\":[\"https:\/\/www.facebook.com\/kifaseloja\",\"https:\/\/www.instagram.com\/kifasemat.e\"]}]}<\/script>\n<!-- \/ Yoast SEO plugin. -->","yoast_head_json":{"title":"Sensor de presen\u00e7a interno standard sobrepor parede - Kifase Materiais El\u00e9tricos","description":"Sensor de presen\u00e7a interno sobrepor paredeOs sensores de presen\u00e7a sobrepor para parede interna da MarGirius acionam automaticamente a ilumina\u00e7\u00e3o ao detectar movimento de fontes de calor, como pessoas e ve\u00edculos, desligando ap\u00f3s o tempo programado.Vers\u00e1teis, podem ser usados em escadarias, halls, corredores, garagens, entre outros ambientes que n\u00e3o necessitem de ilumina\u00e7\u00e3o cont\u00ednua.","robots":{"index":"index","follow":"follow","max-snippet":"max-snippet:-1","max-image-preview":"max-image-preview:large","max-video-preview":"max-video-preview:-1"},"canonical":"https:\/\/kifase.com.br\/a\/produto\/sensor-de-presenca-interno-standard-sobrepor-parede\/","og_locale":"pt_BR","og_type":"article","og_title":"Sensor de presen\u00e7a interno standard sobrepor parede - Kifase Materiais El\u00e9tricos","og_description":"Sensor de presen\u00e7a interno sobrepor paredeOs sensores de presen\u00e7a sobrepor para parede interna da MarGirius acionam automaticamente a ilumina\u00e7\u00e3o ao detectar movimento de fontes de calor, como pessoas e ve\u00edculos, desligando ap\u00f3s o tempo programado.Vers\u00e1teis, podem ser usados em escadarias, halls, corredores, garagens, entre outros ambientes que n\u00e3o necessitem de ilumina\u00e7\u00e3o cont\u00ednua.","og_url":"https:\/\/kifase.com.br\/a\/produto\/sensor-de-presenca-interno-standard-sobrepor-parede\/","og_site_name":"Kifase Materiais El\u00e9tricos","article_publisher":"https:\/\/www.facebook.com\/kifaseloja","article_modified_time":"2023-05-18T14:10:14+00:00","og_image":[{"width":827,"height":846,"url":"https:\/\/kifase.com.br\/a\/wp-content\/uploads\/2022\/06\/sensorparede.jpg","type":"image\/jpeg"}],"twitter_card":"summary_large_image","twitter_misc":{"Est. tempo de leitura":"1 minuto"},"schema":{"@context":"https:\/\/schema.org","@graph":[{"@type":"WebPage","@id":"https:\/\/kifase.com.br\/a\/produto\/sensor-de-presenca-interno-standard-sobrepor-parede\/","url":"https:\/\/kifase.com.br\/a\/produto\/sensor-de-presenca-interno-standard-sobrepor-parede\/","name":"Sensor de presen\u00e7a interno standard sobrepor parede - Kifase Materiais El\u00e9tricos","isPartOf":{"@id":"https:\/\/kifase.com.br\/a\/#website"},"datePublished":"2022-06-23T00:21:05+00:00","dateModified":"2023-05-18T14:10:14+00:00","description":"Sensor de presen\u00e7a interno sobrepor paredeOs sensores de presen\u00e7a sobrepor para parede interna da MarGirius acionam automaticamente a ilumina\u00e7\u00e3o ao detectar movimento de fontes de calor, como pessoas e ve\u00edculos, desligando ap\u00f3s o tempo programado.Vers\u00e1teis, podem ser usados em escadarias, halls, corredores, garagens, entre outros ambientes que n\u00e3o necessitem de ilumina\u00e7\u00e3o cont\u00ednua.","breadcrumb":{"@id":"https:\/\/kifase.com.br\/a\/produto\/sensor-de-presenca-interno-standard-sobrepor-parede\/#breadcrumb"},"inLanguage":"pt-BR","potentialAction":[{"@type":"ReadAction","target":["https:\/\/kifase.com.br\/a\/produto\/sensor-de-presenca-interno-standard-sobrepor-parede\/"]}]},{"@type":"BreadcrumbList","@id":"https:\/\/kifase.com.br\/a\/produto\/sensor-de-presenca-interno-standard-sobrepor-parede\/#breadcrumb","itemListElement":[{"@type":"ListItem","position":1,"name":"In\u00edcio","item":"https:\/\/kifase.com.br\/a\/"},{"@type":"ListItem","position":2,"name":"Loja","item":"https:\/\/kifase.com.br\/a\/loja\/"},{"@type":"ListItem","position":3,"name":"Sensor de presen\u00e7a interno standard sobrepor parede"}]},{"@type":"WebSite","@id":"https:\/\/kifase.com.br\/a\/#website","url":"https:\/\/kifase.com.br\/a\/","name":"Kifase Materiais El\u00e9tricos","description":"Materiais el\u00e9tricos, ilumina\u00e7\u00e3o, ferramentas e utilidades.","publisher":{"@id":"https:\/\/kifase.com.br\/a\/#organization"},"potentialAction":[{"@type":"SearchAction","target":{"@type":"EntryPoint","urlTemplate":"https:\/\/kifase.com.br\/a\/?s={search_term_string}"},"query-input":"required name=search_term_string"}],"inLanguage":"pt-BR"},{"@type":"Organization","@id":"https:\/\/kifase.com.br\/a\/#organization","name":"Kifase Materiais El\u00e9tricos","url":"https:\/\/kifase.com.br\/a\/","logo":{"@type":"ImageObject","inLanguage":"pt-BR","@id":"https:\/\/kifase.com.br\/a\/#\/schema\/logo\/image\/","url":"https:\/\/kifase.com.br\/a\/wp-content\/uploads\/2022\/03\/kisafe-.jpg","contentUrl":"https:\/\/kifase.com.br\/a\/wp-content\/uploads\/2022\/03\/kisafe-.jpg","width":339,"height":105,"caption":"Kifase Materiais El\u00e9tricos"},"image":{"@id":"https:\/\/kifase.com.br\/a\/#\/schema\/logo\/image\/"},"sameAs":["https:\/\/www.facebook.com\/kifaseloja","https:\/\/www.instagram.com\/kifasemat.e"]}]}},"_links":{"self":[{"href":"https:\/\/kifase.com.br\/a\/wp-json\/wp\/v2\/product\/1130","targetHints":{"allow":["GET"]}}],"collection":[{"href":"https:\/\/kifase.com.br\/a\/wp-json\/wp\/v2\/product"}],"about":[{"href":"https:\/\/kifase.com.br\/a\/wp-json\/wp\/v2\/types\/product"}],"replies":[{"embeddable":true,"href":"https:\/\/kifase.com.br\/a\/wp-json\/wp\/v2\/comments?post=1130"}],"version-history":[{"count":2,"href":"https:\/\/kifase.com.br\/a\/wp-json\/wp\/v2\/product\/1130\/revisions"}],"predecessor-version":[{"id":1133,"href":"https:\/\/kifase.com.br\/a\/wp-json\/wp\/v2\/product\/1130\/revisions\/1133"}],"wp:featuredmedia":[{"embeddable":true,"href":"https:\/\/kifase.com.br\/a\/wp-json\/wp\/v2\/media\/1131"}],"wp:attachment":[{"href":"https:\/\/kifase.com.br\/a\/wp-json\/wp\/v2\/media?parent=1130"}],"wp:term":[{"taxonomy":"product_cat","embeddable":true,"href":"https:\/\/kifase.com.br\/a\/wp-json\/wp\/v2\/product_cat?post=1130"},{"taxonomy":"product_tag","embeddable":true,"href":"https:\/\/kifase.com.br\/a\/wp-json\/wp\/v2\/product_tag?post=1130"}],"curies":[{"name":"wp","href":"https:\/\/api.w.org\/{rel}","templated":true}]}}