{"id":503,"date":"2022-04-10T21:26:50","date_gmt":"2022-04-11T00:26:50","guid":{"rendered":"https:\/\/kifase.com.br\/a\/?post_type=product&#038;p=503"},"modified":"2022-06-21T21:32:45","modified_gmt":"2022-06-22T00:32:45","slug":"acqua-storm-ultra","status":"publish","type":"product","link":"https:\/\/kifase.com.br\/a\/produto\/acqua-storm-ultra\/","title":{"rendered":"Acqua Storm Ultra"},"content":{"rendered":"<p>Tecnologia Press Plus &#8211; Jatos de alta performance mesmo com baixa press\u00e3o.<br \/>\nExclusiva resist\u00eancia Loren Ultra &#8211; Longa dura\u00e7\u00e3o em compara\u00e7\u00e3o as resist\u00eancias comuns.<br \/>\nResist\u00eancia de troca r\u00e1pida Loren Ultra: Exclusivo cartucho que garante uma troca r\u00e1pida e segura.<br \/>\nComando eletr\u00f4nico &#8211; Permite a escolha gradual e precisa da temperatura.<br \/>\nHaste de controle de temperaturas &#8211; Controle de temperaturas ao alcance das m\u00e3os (uso opcional).<br \/>\nD.R.I. &#8211; Dispositivo de Regulagem de Inclina\u00e7\u00e3o.<br \/>\nDucha manual com design exclusivo.<br \/>\nCompat\u00edvel com aquecimento solar e outros sistemas de aquecimento.<\/p>\n<p><img fetchpriority=\"high\" decoding=\"async\" class=\"alignnone wp-image-505\" src=\"http:\/\/kifase.com.br\/a\/wp-content\/uploads\/2022\/04\/tabelaacquaultra-300x268.jpg\" alt=\"\" width=\"478\" height=\"427\" srcset=\"https:\/\/kifase.com.br\/a\/wp-content\/uploads\/2022\/04\/tabelaacquaultra-300x268.jpg 300w, https:\/\/kifase.com.br\/a\/wp-content\/uploads\/2022\/04\/tabelaacquaultra.jpg 475w\" sizes=\"(max-width: 478px) 100vw, 478px\" \/><\/p>\n","protected":false},"excerpt":{"rendered":"<p>Tecnologia Press Plus &#8211; Jatos de alta performance mesmo com baixa press\u00e3o.<br \/>\nExclusiva resist\u00eancia Loren Ultra &#8211; Longa dura\u00e7\u00e3o em compara\u00e7\u00e3o as resist\u00eancias comuns.<br \/>\nResist\u00eancia de troca r\u00e1pida Loren Ultra: Exclusivo cartucho que garante uma troca r\u00e1pida e segura.<br \/>\nComando eletr\u00f4nico &#8211; Permite a escolha gradual e precisa da temperatura.<br \/>\nHaste de controle de temperaturas &#8211; Controle de temperaturas ao alcance das m\u00e3os (uso opcional).<br \/>\nD.R.I. &#8211; Dispositivo de Regulagem de Inclina\u00e7\u00e3o.<br \/>\nDucha manual com design exclusivo.<br \/>\nCompat\u00edvel com aquecimento solar e outros sistemas de aquecimento.<\/p>\n","protected":false},"featured_media":504,"comment_status":"open","ping_status":"closed","template":"","meta":[],"product_cat":[43,25],"product_tag":[],"class_list":["post-503","product","type-product","status-publish","has-post-thumbnail","hentry","product_cat-acqua-storm","product_cat-chuveiros"],"yoast_head":"<!-- This site is optimized with the Yoast SEO plugin v20.1 - https:\/\/yoast.com\/wordpress\/plugins\/seo\/ -->\n<title>Acqua Storm Ultra - Kifase Materiais El\u00e9tricos<\/title>\n<meta name=\"robots\" content=\"index, follow, max-snippet:-1, max-image-preview:large, max-video-preview:-1\" \/>\n<link rel=\"canonical\" href=\"https:\/\/kifase.com.br\/a\/produto\/acqua-storm-ultra\/\" \/>\n<meta property=\"og:locale\" content=\"pt_BR\" \/>\n<meta property=\"og:type\" content=\"article\" \/>\n<meta property=\"og:title\" content=\"Acqua Storm Ultra - Kifase Materiais El\u00e9tricos\" \/>\n<meta property=\"og:description\" content=\"Tecnologia Press Plus - Jatos de alta performance mesmo com baixa press\u00e3o. Exclusiva resist\u00eancia Loren Ultra - Longa dura\u00e7\u00e3o em compara\u00e7\u00e3o as resist\u00eancias comuns. Resist\u00eancia de troca r\u00e1pida Loren Ultra: Exclusivo cartucho que garante uma troca r\u00e1pida e segura. Comando eletr\u00f4nico - Permite a escolha gradual e precisa da temperatura. Haste de controle de temperaturas - Controle de temperaturas ao alcance das m\u00e3os (uso opcional). D.R.I. - Dispositivo de Regulagem de Inclina\u00e7\u00e3o. Ducha manual com design exclusivo. Compat\u00edvel com aquecimento solar e outros sistemas de aquecimento.\" \/>\n<meta property=\"og:url\" content=\"https:\/\/kifase.com.br\/a\/produto\/acqua-storm-ultra\/\" \/>\n<meta property=\"og:site_name\" content=\"Kifase Materiais El\u00e9tricos\" \/>\n<meta property=\"article:publisher\" content=\"https:\/\/www.facebook.com\/kifaseloja\" \/>\n<meta property=\"article:modified_time\" content=\"2022-06-22T00:32:45+00:00\" \/>\n<meta property=\"og:image\" content=\"https:\/\/kifase.com.br\/a\/wp-content\/uploads\/2022\/04\/acqua-ultra.jpg\" \/>\n\t<meta property=\"og:image:width\" content=\"1000\" \/>\n\t<meta property=\"og:image:height\" content=\"1027\" \/>\n\t<meta property=\"og:image:type\" content=\"image\/jpeg\" \/>\n<meta name=\"twitter:card\" content=\"summary_large_image\" \/>\n<meta name=\"twitter:label1\" content=\"Est. tempo de leitura\" \/>\n\t<meta name=\"twitter:data1\" content=\"1 minuto\" \/>\n<script type=\"application\/ld+json\" class=\"yoast-schema-graph\">{\"@context\":\"https:\/\/schema.org\",\"@graph\":[{\"@type\":\"WebPage\",\"@id\":\"https:\/\/kifase.com.br\/a\/produto\/acqua-storm-ultra\/\",\"url\":\"https:\/\/kifase.com.br\/a\/produto\/acqua-storm-ultra\/\",\"name\":\"Acqua Storm Ultra - Kifase Materiais El\u00e9tricos\",\"isPartOf\":{\"@id\":\"https:\/\/kifase.com.br\/a\/#website\"},\"datePublished\":\"2022-04-11T00:26:50+00:00\",\"dateModified\":\"2022-06-22T00:32:45+00:00\",\"breadcrumb\":{\"@id\":\"https:\/\/kifase.com.br\/a\/produto\/acqua-storm-ultra\/#breadcrumb\"},\"inLanguage\":\"pt-BR\",\"potentialAction\":[{\"@type\":\"ReadAction\",\"target\":[\"https:\/\/kifase.com.br\/a\/produto\/acqua-storm-ultra\/\"]}]},{\"@type\":\"BreadcrumbList\",\"@id\":\"https:\/\/kifase.com.br\/a\/produto\/acqua-storm-ultra\/#breadcrumb\",\"itemListElement\":[{\"@type\":\"ListItem\",\"position\":1,\"name\":\"In\u00edcio\",\"item\":\"https:\/\/kifase.com.br\/a\/\"},{\"@type\":\"ListItem\",\"position\":2,\"name\":\"Loja\",\"item\":\"https:\/\/kifase.com.br\/a\/loja\/\"},{\"@type\":\"ListItem\",\"position\":3,\"name\":\"Acqua Storm Ultra\"}]},{\"@type\":\"WebSite\",\"@id\":\"https:\/\/kifase.com.br\/a\/#website\",\"url\":\"https:\/\/kifase.com.br\/a\/\",\"name\":\"Kifase Materiais El\u00e9tricos\",\"description\":\"Materiais el\u00e9tricos, ilumina\u00e7\u00e3o, ferramentas e utilidades.\",\"publisher\":{\"@id\":\"https:\/\/kifase.com.br\/a\/#organization\"},\"potentialAction\":[{\"@type\":\"SearchAction\",\"target\":{\"@type\":\"EntryPoint\",\"urlTemplate\":\"https:\/\/kifase.com.br\/a\/?s={search_term_string}\"},\"query-input\":\"required name=search_term_string\"}],\"inLanguage\":\"pt-BR\"},{\"@type\":\"Organization\",\"@id\":\"https:\/\/kifase.com.br\/a\/#organization\",\"name\":\"Kifase Materiais El\u00e9tricos\",\"url\":\"https:\/\/kifase.com.br\/a\/\",\"logo\":{\"@type\":\"ImageObject\",\"inLanguage\":\"pt-BR\",\"@id\":\"https:\/\/kifase.com.br\/a\/#\/schema\/logo\/image\/\",\"url\":\"https:\/\/kifase.com.br\/a\/wp-content\/uploads\/2022\/03\/kisafe-.jpg\",\"contentUrl\":\"https:\/\/kifase.com.br\/a\/wp-content\/uploads\/2022\/03\/kisafe-.jpg\",\"width\":339,\"height\":105,\"caption\":\"Kifase Materiais El\u00e9tricos\"},\"image\":{\"@id\":\"https:\/\/kifase.com.br\/a\/#\/schema\/logo\/image\/\"},\"sameAs\":[\"https:\/\/www.facebook.com\/kifaseloja\",\"https:\/\/www.instagram.com\/kifasemat.e\"]}]}<\/script>\n<!-- \/ Yoast SEO plugin. -->","yoast_head_json":{"title":"Acqua Storm Ultra - Kifase Materiais El\u00e9tricos","robots":{"index":"index","follow":"follow","max-snippet":"max-snippet:-1","max-image-preview":"max-image-preview:large","max-video-preview":"max-video-preview:-1"},"canonical":"https:\/\/kifase.com.br\/a\/produto\/acqua-storm-ultra\/","og_locale":"pt_BR","og_type":"article","og_title":"Acqua Storm Ultra - Kifase Materiais El\u00e9tricos","og_description":"Tecnologia Press Plus - Jatos de alta performance mesmo com baixa press\u00e3o. Exclusiva resist\u00eancia Loren Ultra - Longa dura\u00e7\u00e3o em compara\u00e7\u00e3o as resist\u00eancias comuns. Resist\u00eancia de troca r\u00e1pida Loren Ultra: Exclusivo cartucho que garante uma troca r\u00e1pida e segura. Comando eletr\u00f4nico - Permite a escolha gradual e precisa da temperatura. Haste de controle de temperaturas - Controle de temperaturas ao alcance das m\u00e3os (uso opcional). D.R.I. - Dispositivo de Regulagem de Inclina\u00e7\u00e3o. Ducha manual com design exclusivo. Compat\u00edvel com aquecimento solar e outros sistemas de aquecimento.","og_url":"https:\/\/kifase.com.br\/a\/produto\/acqua-storm-ultra\/","og_site_name":"Kifase Materiais El\u00e9tricos","article_publisher":"https:\/\/www.facebook.com\/kifaseloja","article_modified_time":"2022-06-22T00:32:45+00:00","og_image":[{"width":1000,"height":1027,"url":"https:\/\/kifase.com.br\/a\/wp-content\/uploads\/2022\/04\/acqua-ultra.jpg","type":"image\/jpeg"}],"twitter_card":"summary_large_image","twitter_misc":{"Est. tempo de leitura":"1 minuto"},"schema":{"@context":"https:\/\/schema.org","@graph":[{"@type":"WebPage","@id":"https:\/\/kifase.com.br\/a\/produto\/acqua-storm-ultra\/","url":"https:\/\/kifase.com.br\/a\/produto\/acqua-storm-ultra\/","name":"Acqua Storm Ultra - Kifase Materiais El\u00e9tricos","isPartOf":{"@id":"https:\/\/kifase.com.br\/a\/#website"},"datePublished":"2022-04-11T00:26:50+00:00","dateModified":"2022-06-22T00:32:45+00:00","breadcrumb":{"@id":"https:\/\/kifase.com.br\/a\/produto\/acqua-storm-ultra\/#breadcrumb"},"inLanguage":"pt-BR","potentialAction":[{"@type":"ReadAction","target":["https:\/\/kifase.com.br\/a\/produto\/acqua-storm-ultra\/"]}]},{"@type":"BreadcrumbList","@id":"https:\/\/kifase.com.br\/a\/produto\/acqua-storm-ultra\/#breadcrumb","itemListElement":[{"@type":"ListItem","position":1,"name":"In\u00edcio","item":"https:\/\/kifase.com.br\/a\/"},{"@type":"ListItem","position":2,"name":"Loja","item":"https:\/\/kifase.com.br\/a\/loja\/"},{"@type":"ListItem","position":3,"name":"Acqua Storm Ultra"}]},{"@type":"WebSite","@id":"https:\/\/kifase.com.br\/a\/#website","url":"https:\/\/kifase.com.br\/a\/","name":"Kifase Materiais El\u00e9tricos","description":"Materiais el\u00e9tricos, ilumina\u00e7\u00e3o, ferramentas e utilidades.","publisher":{"@id":"https:\/\/kifase.com.br\/a\/#organization"},"potentialAction":[{"@type":"SearchAction","target":{"@type":"EntryPoint","urlTemplate":"https:\/\/kifase.com.br\/a\/?s={search_term_string}"},"query-input":"required name=search_term_string"}],"inLanguage":"pt-BR"},{"@type":"Organization","@id":"https:\/\/kifase.com.br\/a\/#organization","name":"Kifase Materiais El\u00e9tricos","url":"https:\/\/kifase.com.br\/a\/","logo":{"@type":"ImageObject","inLanguage":"pt-BR","@id":"https:\/\/kifase.com.br\/a\/#\/schema\/logo\/image\/","url":"https:\/\/kifase.com.br\/a\/wp-content\/uploads\/2022\/03\/kisafe-.jpg","contentUrl":"https:\/\/kifase.com.br\/a\/wp-content\/uploads\/2022\/03\/kisafe-.jpg","width":339,"height":105,"caption":"Kifase Materiais El\u00e9tricos"},"image":{"@id":"https:\/\/kifase.com.br\/a\/#\/schema\/logo\/image\/"},"sameAs":["https:\/\/www.facebook.com\/kifaseloja","https:\/\/www.instagram.com\/kifasemat.e"]}]}},"_links":{"self":[{"href":"https:\/\/kifase.com.br\/a\/wp-json\/wp\/v2\/product\/503","targetHints":{"allow":["GET"]}}],"collection":[{"href":"https:\/\/kifase.com.br\/a\/wp-json\/wp\/v2\/product"}],"about":[{"href":"https:\/\/kifase.com.br\/a\/wp-json\/wp\/v2\/types\/product"}],"replies":[{"embeddable":true,"href":"https:\/\/kifase.com.br\/a\/wp-json\/wp\/v2\/comments?post=503"}],"version-history":[{"count":5,"href":"https:\/\/kifase.com.br\/a\/wp-json\/wp\/v2\/product\/503\/revisions"}],"predecessor-version":[{"id":1098,"href":"https:\/\/kifase.com.br\/a\/wp-json\/wp\/v2\/product\/503\/revisions\/1098"}],"wp:featuredmedia":[{"embeddable":true,"href":"https:\/\/kifase.com.br\/a\/wp-json\/wp\/v2\/media\/504"}],"wp:attachment":[{"href":"https:\/\/kifase.com.br\/a\/wp-json\/wp\/v2\/media?parent=503"}],"wp:term":[{"taxonomy":"product_cat","embeddable":true,"href":"https:\/\/kifase.com.br\/a\/wp-json\/wp\/v2\/product_cat?post=503"},{"taxonomy":"product_tag","embeddable":true,"href":"https:\/\/kifase.com.br\/a\/wp-json\/wp\/v2\/product_tag?post=503"}],"curies":[{"name":"wp","href":"https:\/\/api.w.org\/{rel}","templated":true}]}}