{"id":518,"date":"2022-04-12T20:27:38","date_gmt":"2022-04-12T23:27:38","guid":{"rendered":"https:\/\/kifase.com.br\/a\/?post_type=product&#038;p=518"},"modified":"2022-05-18T19:36:43","modified_gmt":"2022-05-18T22:36:43","slug":"spot-direcionavel-avant","status":"publish","type":"product","link":"https:\/\/kifase.com.br\/a\/produto\/spot-direcionavel-avant\/","title":{"rendered":"Spot direcion\u00e1vel &#8211; Avant (Branco)"},"content":{"rendered":"<p>Spot Led Embutir Quadrado Preto 5W Direcion\u00e1vel Bivolt Avant<\/p>\n<p>&#8211; Uso embutido em teto, forros de gesso, modulares, forros de pvc, madeira e similares.<br \/>\n&#8211; Indiciado para locais internos, como apartamentos, casas, condom\u00ednios, lojas e estabelecimento comerciais.<br \/>\n&#8211; Possui sistema direcion\u00e1vel para melhor ajuste do seu projeto.<br \/>\n&#8211; Ideal para uso decorativo com destaque em paredes, com foco em objetos ou texturas.<\/p>\n<p>Especifica\u00e7\u00f5es:<\/p>\n<p>Pot\u00eancia: 5W<br \/>\nTemperatura de Cor: Branco Frio 6500K<\/p>\n","protected":false},"excerpt":{"rendered":"<p>Spot Led Embutir Quadrado Preto 5W Direcion\u00e1vel Bivolt Avant &#8211; Uso embutido em teto, forros de gesso, modulares, forros de pvc, madeira e similares. &#8211; Indiciado para locais internos, como apartamentos, casas, condom\u00ednios, lojas e estabelecimento comerciais. &#8211; Possui sistema direcion\u00e1vel para melhor ajuste do seu projeto. &#8211; Ideal para uso decorativo com destaque em [&hellip;]<\/p>\n","protected":false},"featured_media":901,"comment_status":"open","ping_status":"closed","template":"","meta":[],"product_cat":[23,36],"product_tag":[],"class_list":["post-518","product","type-product","status-publish","has-post-thumbnail","hentry","product_cat-iluminacao","product_cat-spot-embutir-branco-e-preto"],"yoast_head":"<!-- This site is optimized with the Yoast SEO plugin v20.1 - https:\/\/yoast.com\/wordpress\/plugins\/seo\/ -->\n<title>Spot direcion\u00e1vel - Avant (Branco) - Kifase Materiais El\u00e9tricos<\/title>\n<meta name=\"robots\" content=\"index, follow, max-snippet:-1, max-image-preview:large, max-video-preview:-1\" \/>\n<link rel=\"canonical\" href=\"https:\/\/kifase.com.br\/a\/produto\/spot-direcionavel-avant\/\" \/>\n<meta property=\"og:locale\" content=\"pt_BR\" \/>\n<meta property=\"og:type\" content=\"article\" \/>\n<meta property=\"og:title\" content=\"Spot direcion\u00e1vel - Avant (Branco) - Kifase Materiais El\u00e9tricos\" \/>\n<meta property=\"og:description\" content=\"Spot Led Embutir Quadrado Preto 5W Direcion\u00e1vel Bivolt Avant &#8211; Uso embutido em teto, forros de gesso, modulares, forros de pvc, madeira e similares. &#8211; Indiciado para locais internos, como apartamentos, casas, condom\u00ednios, lojas e estabelecimento comerciais. &#8211; Possui sistema direcion\u00e1vel para melhor ajuste do seu projeto. &#8211; Ideal para uso decorativo com destaque em [&hellip;]\" \/>\n<meta property=\"og:url\" content=\"https:\/\/kifase.com.br\/a\/produto\/spot-direcionavel-avant\/\" \/>\n<meta property=\"og:site_name\" content=\"Kifase Materiais El\u00e9tricos\" \/>\n<meta property=\"article:publisher\" content=\"https:\/\/www.facebook.com\/kifaseloja\" \/>\n<meta property=\"article:modified_time\" content=\"2022-05-18T22:36:43+00:00\" \/>\n<meta property=\"og:image\" content=\"https:\/\/kifase.com.br\/a\/wp-content\/uploads\/2022\/04\/spots.jpg\" \/>\n\t<meta property=\"og:image:width\" content=\"827\" \/>\n\t<meta property=\"og:image:height\" content=\"827\" \/>\n\t<meta property=\"og:image:type\" content=\"image\/jpeg\" \/>\n<meta name=\"twitter:card\" content=\"summary_large_image\" \/>\n<script type=\"application\/ld+json\" class=\"yoast-schema-graph\">{\"@context\":\"https:\/\/schema.org\",\"@graph\":[{\"@type\":\"WebPage\",\"@id\":\"https:\/\/kifase.com.br\/a\/produto\/spot-direcionavel-avant\/\",\"url\":\"https:\/\/kifase.com.br\/a\/produto\/spot-direcionavel-avant\/\",\"name\":\"Spot direcion\u00e1vel - Avant (Branco) - Kifase Materiais El\u00e9tricos\",\"isPartOf\":{\"@id\":\"https:\/\/kifase.com.br\/a\/#website\"},\"datePublished\":\"2022-04-12T23:27:38+00:00\",\"dateModified\":\"2022-05-18T22:36:43+00:00\",\"breadcrumb\":{\"@id\":\"https:\/\/kifase.com.br\/a\/produto\/spot-direcionavel-avant\/#breadcrumb\"},\"inLanguage\":\"pt-BR\",\"potentialAction\":[{\"@type\":\"ReadAction\",\"target\":[\"https:\/\/kifase.com.br\/a\/produto\/spot-direcionavel-avant\/\"]}]},{\"@type\":\"BreadcrumbList\",\"@id\":\"https:\/\/kifase.com.br\/a\/produto\/spot-direcionavel-avant\/#breadcrumb\",\"itemListElement\":[{\"@type\":\"ListItem\",\"position\":1,\"name\":\"In\u00edcio\",\"item\":\"https:\/\/kifase.com.br\/a\/\"},{\"@type\":\"ListItem\",\"position\":2,\"name\":\"Loja\",\"item\":\"https:\/\/kifase.com.br\/a\/loja\/\"},{\"@type\":\"ListItem\",\"position\":3,\"name\":\"Spot direcion\u00e1vel &#8211; Avant (Branco)\"}]},{\"@type\":\"WebSite\",\"@id\":\"https:\/\/kifase.com.br\/a\/#website\",\"url\":\"https:\/\/kifase.com.br\/a\/\",\"name\":\"Kifase Materiais El\u00e9tricos\",\"description\":\"Materiais el\u00e9tricos, ilumina\u00e7\u00e3o, ferramentas e utilidades.\",\"publisher\":{\"@id\":\"https:\/\/kifase.com.br\/a\/#organization\"},\"potentialAction\":[{\"@type\":\"SearchAction\",\"target\":{\"@type\":\"EntryPoint\",\"urlTemplate\":\"https:\/\/kifase.com.br\/a\/?s={search_term_string}\"},\"query-input\":\"required name=search_term_string\"}],\"inLanguage\":\"pt-BR\"},{\"@type\":\"Organization\",\"@id\":\"https:\/\/kifase.com.br\/a\/#organization\",\"name\":\"Kifase Materiais El\u00e9tricos\",\"url\":\"https:\/\/kifase.com.br\/a\/\",\"logo\":{\"@type\":\"ImageObject\",\"inLanguage\":\"pt-BR\",\"@id\":\"https:\/\/kifase.com.br\/a\/#\/schema\/logo\/image\/\",\"url\":\"https:\/\/kifase.com.br\/a\/wp-content\/uploads\/2022\/03\/kisafe-.jpg\",\"contentUrl\":\"https:\/\/kifase.com.br\/a\/wp-content\/uploads\/2022\/03\/kisafe-.jpg\",\"width\":339,\"height\":105,\"caption\":\"Kifase Materiais El\u00e9tricos\"},\"image\":{\"@id\":\"https:\/\/kifase.com.br\/a\/#\/schema\/logo\/image\/\"},\"sameAs\":[\"https:\/\/www.facebook.com\/kifaseloja\",\"https:\/\/www.instagram.com\/kifasemat.e\"]}]}<\/script>\n<!-- \/ Yoast SEO plugin. -->","yoast_head_json":{"title":"Spot direcion\u00e1vel - Avant (Branco) - Kifase Materiais El\u00e9tricos","robots":{"index":"index","follow":"follow","max-snippet":"max-snippet:-1","max-image-preview":"max-image-preview:large","max-video-preview":"max-video-preview:-1"},"canonical":"https:\/\/kifase.com.br\/a\/produto\/spot-direcionavel-avant\/","og_locale":"pt_BR","og_type":"article","og_title":"Spot direcion\u00e1vel - Avant (Branco) - Kifase Materiais El\u00e9tricos","og_description":"Spot Led Embutir Quadrado Preto 5W Direcion\u00e1vel Bivolt Avant &#8211; Uso embutido em teto, forros de gesso, modulares, forros de pvc, madeira e similares. &#8211; Indiciado para locais internos, como apartamentos, casas, condom\u00ednios, lojas e estabelecimento comerciais. &#8211; Possui sistema direcion\u00e1vel para melhor ajuste do seu projeto. &#8211; Ideal para uso decorativo com destaque em [&hellip;]","og_url":"https:\/\/kifase.com.br\/a\/produto\/spot-direcionavel-avant\/","og_site_name":"Kifase Materiais El\u00e9tricos","article_publisher":"https:\/\/www.facebook.com\/kifaseloja","article_modified_time":"2022-05-18T22:36:43+00:00","og_image":[{"width":827,"height":827,"url":"https:\/\/kifase.com.br\/a\/wp-content\/uploads\/2022\/04\/spots.jpg","type":"image\/jpeg"}],"twitter_card":"summary_large_image","schema":{"@context":"https:\/\/schema.org","@graph":[{"@type":"WebPage","@id":"https:\/\/kifase.com.br\/a\/produto\/spot-direcionavel-avant\/","url":"https:\/\/kifase.com.br\/a\/produto\/spot-direcionavel-avant\/","name":"Spot direcion\u00e1vel - Avant (Branco) - Kifase Materiais El\u00e9tricos","isPartOf":{"@id":"https:\/\/kifase.com.br\/a\/#website"},"datePublished":"2022-04-12T23:27:38+00:00","dateModified":"2022-05-18T22:36:43+00:00","breadcrumb":{"@id":"https:\/\/kifase.com.br\/a\/produto\/spot-direcionavel-avant\/#breadcrumb"},"inLanguage":"pt-BR","potentialAction":[{"@type":"ReadAction","target":["https:\/\/kifase.com.br\/a\/produto\/spot-direcionavel-avant\/"]}]},{"@type":"BreadcrumbList","@id":"https:\/\/kifase.com.br\/a\/produto\/spot-direcionavel-avant\/#breadcrumb","itemListElement":[{"@type":"ListItem","position":1,"name":"In\u00edcio","item":"https:\/\/kifase.com.br\/a\/"},{"@type":"ListItem","position":2,"name":"Loja","item":"https:\/\/kifase.com.br\/a\/loja\/"},{"@type":"ListItem","position":3,"name":"Spot direcion\u00e1vel &#8211; Avant (Branco)"}]},{"@type":"WebSite","@id":"https:\/\/kifase.com.br\/a\/#website","url":"https:\/\/kifase.com.br\/a\/","name":"Kifase Materiais El\u00e9tricos","description":"Materiais el\u00e9tricos, ilumina\u00e7\u00e3o, ferramentas e utilidades.","publisher":{"@id":"https:\/\/kifase.com.br\/a\/#organization"},"potentialAction":[{"@type":"SearchAction","target":{"@type":"EntryPoint","urlTemplate":"https:\/\/kifase.com.br\/a\/?s={search_term_string}"},"query-input":"required name=search_term_string"}],"inLanguage":"pt-BR"},{"@type":"Organization","@id":"https:\/\/kifase.com.br\/a\/#organization","name":"Kifase Materiais El\u00e9tricos","url":"https:\/\/kifase.com.br\/a\/","logo":{"@type":"ImageObject","inLanguage":"pt-BR","@id":"https:\/\/kifase.com.br\/a\/#\/schema\/logo\/image\/","url":"https:\/\/kifase.com.br\/a\/wp-content\/uploads\/2022\/03\/kisafe-.jpg","contentUrl":"https:\/\/kifase.com.br\/a\/wp-content\/uploads\/2022\/03\/kisafe-.jpg","width":339,"height":105,"caption":"Kifase Materiais El\u00e9tricos"},"image":{"@id":"https:\/\/kifase.com.br\/a\/#\/schema\/logo\/image\/"},"sameAs":["https:\/\/www.facebook.com\/kifaseloja","https:\/\/www.instagram.com\/kifasemat.e"]}]}},"_links":{"self":[{"href":"https:\/\/kifase.com.br\/a\/wp-json\/wp\/v2\/product\/518","targetHints":{"allow":["GET"]}}],"collection":[{"href":"https:\/\/kifase.com.br\/a\/wp-json\/wp\/v2\/product"}],"about":[{"href":"https:\/\/kifase.com.br\/a\/wp-json\/wp\/v2\/types\/product"}],"replies":[{"embeddable":true,"href":"https:\/\/kifase.com.br\/a\/wp-json\/wp\/v2\/comments?post=518"}],"version-history":[{"count":4,"href":"https:\/\/kifase.com.br\/a\/wp-json\/wp\/v2\/product\/518\/revisions"}],"predecessor-version":[{"id":532,"href":"https:\/\/kifase.com.br\/a\/wp-json\/wp\/v2\/product\/518\/revisions\/532"}],"wp:featuredmedia":[{"embeddable":true,"href":"https:\/\/kifase.com.br\/a\/wp-json\/wp\/v2\/media\/901"}],"wp:attachment":[{"href":"https:\/\/kifase.com.br\/a\/wp-json\/wp\/v2\/media?parent=518"}],"wp:term":[{"taxonomy":"product_cat","embeddable":true,"href":"https:\/\/kifase.com.br\/a\/wp-json\/wp\/v2\/product_cat?post=518"},{"taxonomy":"product_tag","embeddable":true,"href":"https:\/\/kifase.com.br\/a\/wp-json\/wp\/v2\/product_tag?post=518"}],"curies":[{"name":"wp","href":"https:\/\/api.w.org\/{rel}","templated":true}]}}