{"id":537,"date":"2022-04-12T20:46:24","date_gmt":"2022-04-12T23:46:24","guid":{"rendered":"https:\/\/kifase.com.br\/a\/?post_type=product&#038;p=537"},"modified":"2022-05-19T21:30:16","modified_gmt":"2022-05-20T00:30:16","slug":"mini-disjuntores-steck","status":"publish","type":"product","link":"https:\/\/kifase.com.br\/a\/produto\/mini-disjuntores-steck\/","title":{"rendered":"Mini-Disjuntores Steck"},"content":{"rendered":"<p>A linha de Mini-Disjuntores Steck s\u00e3o equipamentos de alta tecnologia que protejem fios e cabos el\u00e9tricos contra curto-circuitos e sobrecargas de energia, proporcionando aplica\u00e7\u00f5es seguras e econ\u00f4micas em instala\u00e7\u00f5es el\u00e9tricas residenciais, comerciais e industriais.<\/p>\n<p>Produto certificado pelo: INMETRO<\/p>\n<p>Possuem contatos especiais de prata que oferecem garantia de seguran\u00e7a contra soldagem. Al\u00e9m disto s\u00e3o produtos de disparo livre, isto \u00e9, podem disparar mesmo com a alavanca de acionamento travada na posi\u00e7\u00e3o \u201cliga\u201d.<\/p>\n<p>CARACTER\u00cdSTICAS<br \/>\n\u2022 Fun\u00e7\u00e3o: Mini-disjuntores Curva C &#8211; usados para prote\u00e7\u00e3o de circuitos em geral que tamb\u00e9m possa ter cargas de natureza indutiva que apresentam picos de corrente no momento de liga\u00e7\u00e3o, como microondas, ar condicionado, motores para bombas, al\u00e9m de circuitos com carga semelhantes a essas.<\/p>\n","protected":false},"excerpt":{"rendered":"<p>A linha de Mini-Disjuntores Steck s\u00e3o equipamentos de alta tecnologia que protejem fios e cabos el\u00e9tricos contra curto-circuitos e sobrecargas de energia, proporcionando aplica\u00e7\u00f5es seguras e econ\u00f4micas em instala\u00e7\u00f5es el\u00e9tricas residenciais, comerciais e industriais.<\/p>\n<p>Produto certificado pelo: INMETRO<\/p>\n","protected":false},"featured_media":956,"comment_status":"open","ping_status":"closed","template":"","meta":[],"product_cat":[26,44],"product_tag":[],"class_list":["post-537","product","type-product","status-publish","has-post-thumbnail","hentry","product_cat-disjuntor-contador-mini-contador","product_cat-disjuntor"],"yoast_head":"<!-- This site is optimized with the Yoast SEO plugin v20.1 - https:\/\/yoast.com\/wordpress\/plugins\/seo\/ -->\n<title>Mini-Disjuntores Steck - Kifase Materiais El\u00e9tricos<\/title>\n<meta name=\"robots\" content=\"index, follow, max-snippet:-1, max-image-preview:large, max-video-preview:-1\" \/>\n<link rel=\"canonical\" href=\"https:\/\/kifase.com.br\/a\/produto\/mini-disjuntores-steck\/\" \/>\n<meta property=\"og:locale\" content=\"pt_BR\" \/>\n<meta property=\"og:type\" content=\"article\" \/>\n<meta property=\"og:title\" content=\"Mini-Disjuntores Steck - Kifase Materiais El\u00e9tricos\" \/>\n<meta property=\"og:description\" content=\"A linha de Mini-Disjuntores Steck s\u00e3o equipamentos de alta tecnologia que protejem fios e cabos el\u00e9tricos contra curto-circuitos e sobrecargas de energia, proporcionando aplica\u00e7\u00f5es seguras e econ\u00f4micas em instala\u00e7\u00f5es el\u00e9tricas residenciais, comerciais e industriais.  Produto certificado pelo: INMETRO\" \/>\n<meta property=\"og:url\" content=\"https:\/\/kifase.com.br\/a\/produto\/mini-disjuntores-steck\/\" \/>\n<meta property=\"og:site_name\" content=\"Kifase Materiais El\u00e9tricos\" \/>\n<meta property=\"article:publisher\" content=\"https:\/\/www.facebook.com\/kifaseloja\" \/>\n<meta property=\"article:modified_time\" content=\"2022-05-20T00:30:16+00:00\" \/>\n<meta property=\"og:image\" content=\"https:\/\/kifase.com.br\/a\/wp-content\/uploads\/2022\/04\/disjuntor-steck.jpg\" \/>\n\t<meta property=\"og:image:width\" content=\"827\" \/>\n\t<meta property=\"og:image:height\" content=\"827\" \/>\n\t<meta property=\"og:image:type\" content=\"image\/jpeg\" \/>\n<meta name=\"twitter:card\" content=\"summary_large_image\" \/>\n<meta name=\"twitter:label1\" content=\"Est. tempo de leitura\" \/>\n\t<meta name=\"twitter:data1\" content=\"1 minuto\" \/>\n<script type=\"application\/ld+json\" class=\"yoast-schema-graph\">{\"@context\":\"https:\/\/schema.org\",\"@graph\":[{\"@type\":\"WebPage\",\"@id\":\"https:\/\/kifase.com.br\/a\/produto\/mini-disjuntores-steck\/\",\"url\":\"https:\/\/kifase.com.br\/a\/produto\/mini-disjuntores-steck\/\",\"name\":\"Mini-Disjuntores Steck - Kifase Materiais El\u00e9tricos\",\"isPartOf\":{\"@id\":\"https:\/\/kifase.com.br\/a\/#website\"},\"datePublished\":\"2022-04-12T23:46:24+00:00\",\"dateModified\":\"2022-05-20T00:30:16+00:00\",\"breadcrumb\":{\"@id\":\"https:\/\/kifase.com.br\/a\/produto\/mini-disjuntores-steck\/#breadcrumb\"},\"inLanguage\":\"pt-BR\",\"potentialAction\":[{\"@type\":\"ReadAction\",\"target\":[\"https:\/\/kifase.com.br\/a\/produto\/mini-disjuntores-steck\/\"]}]},{\"@type\":\"BreadcrumbList\",\"@id\":\"https:\/\/kifase.com.br\/a\/produto\/mini-disjuntores-steck\/#breadcrumb\",\"itemListElement\":[{\"@type\":\"ListItem\",\"position\":1,\"name\":\"In\u00edcio\",\"item\":\"https:\/\/kifase.com.br\/a\/\"},{\"@type\":\"ListItem\",\"position\":2,\"name\":\"Loja\",\"item\":\"https:\/\/kifase.com.br\/a\/loja\/\"},{\"@type\":\"ListItem\",\"position\":3,\"name\":\"Mini-Disjuntores Steck\"}]},{\"@type\":\"WebSite\",\"@id\":\"https:\/\/kifase.com.br\/a\/#website\",\"url\":\"https:\/\/kifase.com.br\/a\/\",\"name\":\"Kifase Materiais El\u00e9tricos\",\"description\":\"Materiais el\u00e9tricos, ilumina\u00e7\u00e3o, ferramentas e utilidades.\",\"publisher\":{\"@id\":\"https:\/\/kifase.com.br\/a\/#organization\"},\"potentialAction\":[{\"@type\":\"SearchAction\",\"target\":{\"@type\":\"EntryPoint\",\"urlTemplate\":\"https:\/\/kifase.com.br\/a\/?s={search_term_string}\"},\"query-input\":\"required name=search_term_string\"}],\"inLanguage\":\"pt-BR\"},{\"@type\":\"Organization\",\"@id\":\"https:\/\/kifase.com.br\/a\/#organization\",\"name\":\"Kifase Materiais El\u00e9tricos\",\"url\":\"https:\/\/kifase.com.br\/a\/\",\"logo\":{\"@type\":\"ImageObject\",\"inLanguage\":\"pt-BR\",\"@id\":\"https:\/\/kifase.com.br\/a\/#\/schema\/logo\/image\/\",\"url\":\"https:\/\/kifase.com.br\/a\/wp-content\/uploads\/2022\/03\/kisafe-.jpg\",\"contentUrl\":\"https:\/\/kifase.com.br\/a\/wp-content\/uploads\/2022\/03\/kisafe-.jpg\",\"width\":339,\"height\":105,\"caption\":\"Kifase Materiais El\u00e9tricos\"},\"image\":{\"@id\":\"https:\/\/kifase.com.br\/a\/#\/schema\/logo\/image\/\"},\"sameAs\":[\"https:\/\/www.facebook.com\/kifaseloja\",\"https:\/\/www.instagram.com\/kifasemat.e\"]}]}<\/script>\n<!-- \/ Yoast SEO plugin. -->","yoast_head_json":{"title":"Mini-Disjuntores Steck - Kifase Materiais El\u00e9tricos","robots":{"index":"index","follow":"follow","max-snippet":"max-snippet:-1","max-image-preview":"max-image-preview:large","max-video-preview":"max-video-preview:-1"},"canonical":"https:\/\/kifase.com.br\/a\/produto\/mini-disjuntores-steck\/","og_locale":"pt_BR","og_type":"article","og_title":"Mini-Disjuntores Steck - Kifase Materiais El\u00e9tricos","og_description":"A linha de Mini-Disjuntores Steck s\u00e3o equipamentos de alta tecnologia que protejem fios e cabos el\u00e9tricos contra curto-circuitos e sobrecargas de energia, proporcionando aplica\u00e7\u00f5es seguras e econ\u00f4micas em instala\u00e7\u00f5es el\u00e9tricas residenciais, comerciais e industriais.  Produto certificado pelo: INMETRO","og_url":"https:\/\/kifase.com.br\/a\/produto\/mini-disjuntores-steck\/","og_site_name":"Kifase Materiais El\u00e9tricos","article_publisher":"https:\/\/www.facebook.com\/kifaseloja","article_modified_time":"2022-05-20T00:30:16+00:00","og_image":[{"width":827,"height":827,"url":"https:\/\/kifase.com.br\/a\/wp-content\/uploads\/2022\/04\/disjuntor-steck.jpg","type":"image\/jpeg"}],"twitter_card":"summary_large_image","twitter_misc":{"Est. tempo de leitura":"1 minuto"},"schema":{"@context":"https:\/\/schema.org","@graph":[{"@type":"WebPage","@id":"https:\/\/kifase.com.br\/a\/produto\/mini-disjuntores-steck\/","url":"https:\/\/kifase.com.br\/a\/produto\/mini-disjuntores-steck\/","name":"Mini-Disjuntores Steck - Kifase Materiais El\u00e9tricos","isPartOf":{"@id":"https:\/\/kifase.com.br\/a\/#website"},"datePublished":"2022-04-12T23:46:24+00:00","dateModified":"2022-05-20T00:30:16+00:00","breadcrumb":{"@id":"https:\/\/kifase.com.br\/a\/produto\/mini-disjuntores-steck\/#breadcrumb"},"inLanguage":"pt-BR","potentialAction":[{"@type":"ReadAction","target":["https:\/\/kifase.com.br\/a\/produto\/mini-disjuntores-steck\/"]}]},{"@type":"BreadcrumbList","@id":"https:\/\/kifase.com.br\/a\/produto\/mini-disjuntores-steck\/#breadcrumb","itemListElement":[{"@type":"ListItem","position":1,"name":"In\u00edcio","item":"https:\/\/kifase.com.br\/a\/"},{"@type":"ListItem","position":2,"name":"Loja","item":"https:\/\/kifase.com.br\/a\/loja\/"},{"@type":"ListItem","position":3,"name":"Mini-Disjuntores Steck"}]},{"@type":"WebSite","@id":"https:\/\/kifase.com.br\/a\/#website","url":"https:\/\/kifase.com.br\/a\/","name":"Kifase Materiais El\u00e9tricos","description":"Materiais el\u00e9tricos, ilumina\u00e7\u00e3o, ferramentas e utilidades.","publisher":{"@id":"https:\/\/kifase.com.br\/a\/#organization"},"potentialAction":[{"@type":"SearchAction","target":{"@type":"EntryPoint","urlTemplate":"https:\/\/kifase.com.br\/a\/?s={search_term_string}"},"query-input":"required name=search_term_string"}],"inLanguage":"pt-BR"},{"@type":"Organization","@id":"https:\/\/kifase.com.br\/a\/#organization","name":"Kifase Materiais El\u00e9tricos","url":"https:\/\/kifase.com.br\/a\/","logo":{"@type":"ImageObject","inLanguage":"pt-BR","@id":"https:\/\/kifase.com.br\/a\/#\/schema\/logo\/image\/","url":"https:\/\/kifase.com.br\/a\/wp-content\/uploads\/2022\/03\/kisafe-.jpg","contentUrl":"https:\/\/kifase.com.br\/a\/wp-content\/uploads\/2022\/03\/kisafe-.jpg","width":339,"height":105,"caption":"Kifase Materiais El\u00e9tricos"},"image":{"@id":"https:\/\/kifase.com.br\/a\/#\/schema\/logo\/image\/"},"sameAs":["https:\/\/www.facebook.com\/kifaseloja","https:\/\/www.instagram.com\/kifasemat.e"]}]}},"_links":{"self":[{"href":"https:\/\/kifase.com.br\/a\/wp-json\/wp\/v2\/product\/537","targetHints":{"allow":["GET"]}}],"collection":[{"href":"https:\/\/kifase.com.br\/a\/wp-json\/wp\/v2\/product"}],"about":[{"href":"https:\/\/kifase.com.br\/a\/wp-json\/wp\/v2\/types\/product"}],"replies":[{"embeddable":true,"href":"https:\/\/kifase.com.br\/a\/wp-json\/wp\/v2\/comments?post=537"}],"version-history":[{"count":2,"href":"https:\/\/kifase.com.br\/a\/wp-json\/wp\/v2\/product\/537\/revisions"}],"predecessor-version":[{"id":540,"href":"https:\/\/kifase.com.br\/a\/wp-json\/wp\/v2\/product\/537\/revisions\/540"}],"wp:featuredmedia":[{"embeddable":true,"href":"https:\/\/kifase.com.br\/a\/wp-json\/wp\/v2\/media\/956"}],"wp:attachment":[{"href":"https:\/\/kifase.com.br\/a\/wp-json\/wp\/v2\/media?parent=537"}],"wp:term":[{"taxonomy":"product_cat","embeddable":true,"href":"https:\/\/kifase.com.br\/a\/wp-json\/wp\/v2\/product_cat?post=537"},{"taxonomy":"product_tag","embeddable":true,"href":"https:\/\/kifase.com.br\/a\/wp-json\/wp\/v2\/product_tag?post=537"}],"curies":[{"name":"wp","href":"https:\/\/api.w.org\/{rel}","templated":true}]}}