{"id":638,"date":"2022-04-26T19:29:57","date_gmt":"2022-04-26T22:29:57","guid":{"rendered":"https:\/\/kifase.com.br\/a\/?post_type=product&#038;p=638"},"modified":"2022-04-26T19:29:57","modified_gmt":"2022-04-26T22:29:57","slug":"ventilador-de-teto-valen-preto-led-6500k","status":"publish","type":"product","link":"https:\/\/kifase.com.br\/a\/produto\/ventilador-de-teto-valen-preto-led-6500k\/","title":{"rendered":"Ventilador de Teto Valen Preto Led 6500k"},"content":{"rendered":"<p><span style=\"font-weight: 400;\">Os Ventiladores da Ventex s\u00e3o uma \u00f3tima op\u00e7\u00e3o para combater aqueles dias de calor intenso. Eles garantem uma \u00f3tima ventila\u00e7\u00e3o, com um baixo consumo de energia e um baix\u00edssimo n\u00edvel de ru\u00eddo, em compara\u00e7\u00e3o a outros presentes no mercado. Com seu motor grande e sua pot\u00eancia, \u00e9 um item indispens\u00e1vel em sua casa ou escrit\u00f3rio. Al\u00e9m de todos os benef\u00edcios, conta com modelos e cores, que deixar\u00e3o o ambiente com muito mais estilo. Ideal para quem procura beleza e efici\u00eancia em um s\u00f3 produto. N\u00e3o deixe de conferir!<\/span><\/p>\n","protected":false},"excerpt":{"rendered":"<p><span style=\"font-weight: 400;\">Os Ventiladores da Ventex s\u00e3o uma \u00f3tima op\u00e7\u00e3o para combater aqueles dias de calor intenso. Eles garantem uma \u00f3tima ventila\u00e7\u00e3o, com um baixo consumo de energia e um baix\u00edssimo n\u00edvel de ru\u00eddo, em compara\u00e7\u00e3o a outros presentes no mercado. Com seu motor grande e sua pot\u00eancia, \u00e9 um item indispens\u00e1vel em sua casa ou escrit\u00f3rio. Al\u00e9m de todos os benef\u00edcios, conta com modelos e cores, que deixar\u00e3o o ambiente com muito mais estilo. Ideal para quem procura beleza e efici\u00eancia em um s\u00f3 produto. N\u00e3o deixe de conferir!<\/span><\/p>\n","protected":false},"featured_media":639,"comment_status":"open","ping_status":"closed","template":"","meta":[],"product_cat":[50,27],"product_tag":[],"class_list":["post-638","product","type-product","status-publish","has-post-thumbnail","hentry","product_cat-teto-led","product_cat-ventiladores"],"yoast_head":"<!-- This site is optimized with the Yoast SEO plugin v20.1 - https:\/\/yoast.com\/wordpress\/plugins\/seo\/ -->\n<title>Ventilador de Teto Valen Preto Led 6500k - Kifase Materiais El\u00e9tricos<\/title>\n<meta name=\"robots\" content=\"index, follow, max-snippet:-1, max-image-preview:large, max-video-preview:-1\" \/>\n<link rel=\"canonical\" href=\"https:\/\/kifase.com.br\/a\/produto\/ventilador-de-teto-valen-preto-led-6500k\/\" \/>\n<meta property=\"og:locale\" content=\"pt_BR\" \/>\n<meta property=\"og:type\" content=\"article\" \/>\n<meta property=\"og:title\" content=\"Ventilador de Teto Valen Preto Led 6500k - Kifase Materiais El\u00e9tricos\" \/>\n<meta property=\"og:description\" content=\"Os Ventiladores da Ventex s\u00e3o uma \u00f3tima op\u00e7\u00e3o para combater aqueles dias de calor intenso. Eles garantem uma \u00f3tima ventila\u00e7\u00e3o, com um baixo consumo de energia e um baix\u00edssimo n\u00edvel de ru\u00eddo, em compara\u00e7\u00e3o a outros presentes no mercado. Com seu motor grande e sua pot\u00eancia, \u00e9 um item indispens\u00e1vel em sua casa ou escrit\u00f3rio. Al\u00e9m de todos os benef\u00edcios, conta com modelos e cores, que deixar\u00e3o o ambiente com muito mais estilo. Ideal para quem procura beleza e efici\u00eancia em um s\u00f3 produto. N\u00e3o deixe de conferir!\" \/>\n<meta property=\"og:url\" content=\"https:\/\/kifase.com.br\/a\/produto\/ventilador-de-teto-valen-preto-led-6500k\/\" \/>\n<meta property=\"og:site_name\" content=\"Kifase Materiais El\u00e9tricos\" \/>\n<meta property=\"article:publisher\" content=\"https:\/\/www.facebook.com\/kifaseloja\" \/>\n<meta property=\"og:image\" content=\"https:\/\/kifase.com.br\/a\/wp-content\/uploads\/2022\/04\/ventexvalen.jpg\" \/>\n\t<meta property=\"og:image:width\" content=\"827\" \/>\n\t<meta property=\"og:image:height\" content=\"846\" \/>\n\t<meta property=\"og:image:type\" content=\"image\/jpeg\" \/>\n<meta name=\"twitter:card\" content=\"summary_large_image\" \/>\n<meta name=\"twitter:label1\" content=\"Est. tempo de leitura\" \/>\n\t<meta name=\"twitter:data1\" content=\"1 minuto\" \/>\n<script type=\"application\/ld+json\" class=\"yoast-schema-graph\">{\"@context\":\"https:\/\/schema.org\",\"@graph\":[{\"@type\":\"WebPage\",\"@id\":\"https:\/\/kifase.com.br\/a\/produto\/ventilador-de-teto-valen-preto-led-6500k\/\",\"url\":\"https:\/\/kifase.com.br\/a\/produto\/ventilador-de-teto-valen-preto-led-6500k\/\",\"name\":\"Ventilador de Teto Valen Preto Led 6500k - Kifase Materiais El\u00e9tricos\",\"isPartOf\":{\"@id\":\"https:\/\/kifase.com.br\/a\/#website\"},\"datePublished\":\"2022-04-26T22:29:57+00:00\",\"dateModified\":\"2022-04-26T22:29:57+00:00\",\"breadcrumb\":{\"@id\":\"https:\/\/kifase.com.br\/a\/produto\/ventilador-de-teto-valen-preto-led-6500k\/#breadcrumb\"},\"inLanguage\":\"pt-BR\",\"potentialAction\":[{\"@type\":\"ReadAction\",\"target\":[\"https:\/\/kifase.com.br\/a\/produto\/ventilador-de-teto-valen-preto-led-6500k\/\"]}]},{\"@type\":\"BreadcrumbList\",\"@id\":\"https:\/\/kifase.com.br\/a\/produto\/ventilador-de-teto-valen-preto-led-6500k\/#breadcrumb\",\"itemListElement\":[{\"@type\":\"ListItem\",\"position\":1,\"name\":\"In\u00edcio\",\"item\":\"https:\/\/kifase.com.br\/a\/\"},{\"@type\":\"ListItem\",\"position\":2,\"name\":\"Loja\",\"item\":\"https:\/\/kifase.com.br\/a\/loja\/\"},{\"@type\":\"ListItem\",\"position\":3,\"name\":\"Ventilador de Teto Valen Preto Led 6500k\"}]},{\"@type\":\"WebSite\",\"@id\":\"https:\/\/kifase.com.br\/a\/#website\",\"url\":\"https:\/\/kifase.com.br\/a\/\",\"name\":\"Kifase Materiais El\u00e9tricos\",\"description\":\"Materiais el\u00e9tricos, ilumina\u00e7\u00e3o, ferramentas e utilidades.\",\"publisher\":{\"@id\":\"https:\/\/kifase.com.br\/a\/#organization\"},\"potentialAction\":[{\"@type\":\"SearchAction\",\"target\":{\"@type\":\"EntryPoint\",\"urlTemplate\":\"https:\/\/kifase.com.br\/a\/?s={search_term_string}\"},\"query-input\":\"required name=search_term_string\"}],\"inLanguage\":\"pt-BR\"},{\"@type\":\"Organization\",\"@id\":\"https:\/\/kifase.com.br\/a\/#organization\",\"name\":\"Kifase Materiais El\u00e9tricos\",\"url\":\"https:\/\/kifase.com.br\/a\/\",\"logo\":{\"@type\":\"ImageObject\",\"inLanguage\":\"pt-BR\",\"@id\":\"https:\/\/kifase.com.br\/a\/#\/schema\/logo\/image\/\",\"url\":\"https:\/\/kifase.com.br\/a\/wp-content\/uploads\/2022\/03\/kisafe-.jpg\",\"contentUrl\":\"https:\/\/kifase.com.br\/a\/wp-content\/uploads\/2022\/03\/kisafe-.jpg\",\"width\":339,\"height\":105,\"caption\":\"Kifase Materiais El\u00e9tricos\"},\"image\":{\"@id\":\"https:\/\/kifase.com.br\/a\/#\/schema\/logo\/image\/\"},\"sameAs\":[\"https:\/\/www.facebook.com\/kifaseloja\",\"https:\/\/www.instagram.com\/kifasemat.e\"]}]}<\/script>\n<!-- \/ Yoast SEO plugin. -->","yoast_head_json":{"title":"Ventilador de Teto Valen Preto Led 6500k - Kifase Materiais El\u00e9tricos","robots":{"index":"index","follow":"follow","max-snippet":"max-snippet:-1","max-image-preview":"max-image-preview:large","max-video-preview":"max-video-preview:-1"},"canonical":"https:\/\/kifase.com.br\/a\/produto\/ventilador-de-teto-valen-preto-led-6500k\/","og_locale":"pt_BR","og_type":"article","og_title":"Ventilador de Teto Valen Preto Led 6500k - Kifase Materiais El\u00e9tricos","og_description":"Os Ventiladores da Ventex s\u00e3o uma \u00f3tima op\u00e7\u00e3o para combater aqueles dias de calor intenso. Eles garantem uma \u00f3tima ventila\u00e7\u00e3o, com um baixo consumo de energia e um baix\u00edssimo n\u00edvel de ru\u00eddo, em compara\u00e7\u00e3o a outros presentes no mercado. Com seu motor grande e sua pot\u00eancia, \u00e9 um item indispens\u00e1vel em sua casa ou escrit\u00f3rio. Al\u00e9m de todos os benef\u00edcios, conta com modelos e cores, que deixar\u00e3o o ambiente com muito mais estilo. Ideal para quem procura beleza e efici\u00eancia em um s\u00f3 produto. N\u00e3o deixe de conferir!","og_url":"https:\/\/kifase.com.br\/a\/produto\/ventilador-de-teto-valen-preto-led-6500k\/","og_site_name":"Kifase Materiais El\u00e9tricos","article_publisher":"https:\/\/www.facebook.com\/kifaseloja","og_image":[{"width":827,"height":846,"url":"https:\/\/kifase.com.br\/a\/wp-content\/uploads\/2022\/04\/ventexvalen.jpg","type":"image\/jpeg"}],"twitter_card":"summary_large_image","twitter_misc":{"Est. tempo de leitura":"1 minuto"},"schema":{"@context":"https:\/\/schema.org","@graph":[{"@type":"WebPage","@id":"https:\/\/kifase.com.br\/a\/produto\/ventilador-de-teto-valen-preto-led-6500k\/","url":"https:\/\/kifase.com.br\/a\/produto\/ventilador-de-teto-valen-preto-led-6500k\/","name":"Ventilador de Teto Valen Preto Led 6500k - Kifase Materiais El\u00e9tricos","isPartOf":{"@id":"https:\/\/kifase.com.br\/a\/#website"},"datePublished":"2022-04-26T22:29:57+00:00","dateModified":"2022-04-26T22:29:57+00:00","breadcrumb":{"@id":"https:\/\/kifase.com.br\/a\/produto\/ventilador-de-teto-valen-preto-led-6500k\/#breadcrumb"},"inLanguage":"pt-BR","potentialAction":[{"@type":"ReadAction","target":["https:\/\/kifase.com.br\/a\/produto\/ventilador-de-teto-valen-preto-led-6500k\/"]}]},{"@type":"BreadcrumbList","@id":"https:\/\/kifase.com.br\/a\/produto\/ventilador-de-teto-valen-preto-led-6500k\/#breadcrumb","itemListElement":[{"@type":"ListItem","position":1,"name":"In\u00edcio","item":"https:\/\/kifase.com.br\/a\/"},{"@type":"ListItem","position":2,"name":"Loja","item":"https:\/\/kifase.com.br\/a\/loja\/"},{"@type":"ListItem","position":3,"name":"Ventilador de Teto Valen Preto Led 6500k"}]},{"@type":"WebSite","@id":"https:\/\/kifase.com.br\/a\/#website","url":"https:\/\/kifase.com.br\/a\/","name":"Kifase Materiais El\u00e9tricos","description":"Materiais el\u00e9tricos, ilumina\u00e7\u00e3o, ferramentas e utilidades.","publisher":{"@id":"https:\/\/kifase.com.br\/a\/#organization"},"potentialAction":[{"@type":"SearchAction","target":{"@type":"EntryPoint","urlTemplate":"https:\/\/kifase.com.br\/a\/?s={search_term_string}"},"query-input":"required name=search_term_string"}],"inLanguage":"pt-BR"},{"@type":"Organization","@id":"https:\/\/kifase.com.br\/a\/#organization","name":"Kifase Materiais El\u00e9tricos","url":"https:\/\/kifase.com.br\/a\/","logo":{"@type":"ImageObject","inLanguage":"pt-BR","@id":"https:\/\/kifase.com.br\/a\/#\/schema\/logo\/image\/","url":"https:\/\/kifase.com.br\/a\/wp-content\/uploads\/2022\/03\/kisafe-.jpg","contentUrl":"https:\/\/kifase.com.br\/a\/wp-content\/uploads\/2022\/03\/kisafe-.jpg","width":339,"height":105,"caption":"Kifase Materiais El\u00e9tricos"},"image":{"@id":"https:\/\/kifase.com.br\/a\/#\/schema\/logo\/image\/"},"sameAs":["https:\/\/www.facebook.com\/kifaseloja","https:\/\/www.instagram.com\/kifasemat.e"]}]}},"_links":{"self":[{"href":"https:\/\/kifase.com.br\/a\/wp-json\/wp\/v2\/product\/638","targetHints":{"allow":["GET"]}}],"collection":[{"href":"https:\/\/kifase.com.br\/a\/wp-json\/wp\/v2\/product"}],"about":[{"href":"https:\/\/kifase.com.br\/a\/wp-json\/wp\/v2\/types\/product"}],"replies":[{"embeddable":true,"href":"https:\/\/kifase.com.br\/a\/wp-json\/wp\/v2\/comments?post=638"}],"version-history":[{"count":1,"href":"https:\/\/kifase.com.br\/a\/wp-json\/wp\/v2\/product\/638\/revisions"}],"predecessor-version":[{"id":640,"href":"https:\/\/kifase.com.br\/a\/wp-json\/wp\/v2\/product\/638\/revisions\/640"}],"wp:featuredmedia":[{"embeddable":true,"href":"https:\/\/kifase.com.br\/a\/wp-json\/wp\/v2\/media\/639"}],"wp:attachment":[{"href":"https:\/\/kifase.com.br\/a\/wp-json\/wp\/v2\/media?parent=638"}],"wp:term":[{"taxonomy":"product_cat","embeddable":true,"href":"https:\/\/kifase.com.br\/a\/wp-json\/wp\/v2\/product_cat?post=638"},{"taxonomy":"product_tag","embeddable":true,"href":"https:\/\/kifase.com.br\/a\/wp-json\/wp\/v2\/product_tag?post=638"}],"curies":[{"name":"wp","href":"https:\/\/api.w.org\/{rel}","templated":true}]}}