{"id":675,"date":"2022-04-26T20:13:12","date_gmt":"2022-04-26T23:13:12","guid":{"rendered":"https:\/\/kifase.com.br\/a\/?post_type=product&#038;p=675"},"modified":"2022-06-22T21:35:57","modified_gmt":"2022-06-23T00:35:57","slug":"rele-fotoeletronico-compacto","status":"publish","type":"product","link":"https:\/\/kifase.com.br\/a\/produto\/rele-fotoeletronico-compacto\/","title":{"rendered":"Rel\u00e9 fotoeletr\u00f4nico compacto"},"content":{"rendered":"<p><span style=\"font-weight: 400;\">Rel\u00e9 fotoeletr\u00f4nico compacto \u00e9 um dispositivo discreto que tem as mesmas funcionalidades de um rel\u00e9 para acionar a carga ao escurecer e apagar ao amanhecer. Este rel\u00e9 compacto \u00e9 resinado podendo ficar exposto em \u00e1reas abertas. Podendo ser utilizado junto aos postes de ilumina\u00e7\u00e3o de jardins ou mesmo instalados discretamente em beiral de laje ou madeiramento.<\/span><\/p>\n","protected":false},"excerpt":{"rendered":"<p><span style=\"font-weight: 400;\">Rel\u00e9 fotoeletr\u00f4nico compacto \u00e9 um dispositivo discreto que tem as mesmas funcionalidades de um rel\u00e9 para acionar a carga ao escurecer e apagar ao amanhecer. Este rel\u00e9 compacto \u00e9 resinado podendo ficar exposto em \u00e1reas abertas. Podendo ser utilizado junto aos postes de ilumina\u00e7\u00e3o de jardins ou mesmo instalados discretamente em beiral de laje ou madeiramento.<\/span><\/p>\n","protected":false},"featured_media":731,"comment_status":"open","ping_status":"closed","template":"","meta":[],"product_cat":[56,28],"product_tag":[],"class_list":["post-675","product","type-product","status-publish","has-post-thumbnail","hentry","product_cat-rele-fotocelula-fotoeletrico","product_cat-sensores"],"yoast_head":"<!-- This site is optimized with the Yoast SEO plugin v20.1 - https:\/\/yoast.com\/wordpress\/plugins\/seo\/ -->\n<title>Rel\u00e9 fotoeletr\u00f4nico compacto - Kifase Materiais El\u00e9tricos<\/title>\n<meta name=\"robots\" content=\"index, follow, max-snippet:-1, max-image-preview:large, max-video-preview:-1\" \/>\n<link rel=\"canonical\" href=\"https:\/\/kifase.com.br\/a\/produto\/rele-fotoeletronico-compacto\/\" \/>\n<meta property=\"og:locale\" content=\"pt_BR\" \/>\n<meta property=\"og:type\" content=\"article\" \/>\n<meta property=\"og:title\" content=\"Rel\u00e9 fotoeletr\u00f4nico compacto - Kifase Materiais El\u00e9tricos\" \/>\n<meta property=\"og:description\" content=\"Rel\u00e9 fotoeletr\u00f4nico compacto \u00e9 um dispositivo discreto que tem as mesmas funcionalidades de um rel\u00e9 para acionar a carga ao escurecer e apagar ao amanhecer. Este rel\u00e9 compacto \u00e9 resinado podendo ficar exposto em \u00e1reas abertas. Podendo ser utilizado junto aos postes de ilumina\u00e7\u00e3o de jardins ou mesmo instalados discretamente em beiral de laje ou madeiramento.\" \/>\n<meta property=\"og:url\" content=\"https:\/\/kifase.com.br\/a\/produto\/rele-fotoeletronico-compacto\/\" \/>\n<meta property=\"og:site_name\" content=\"Kifase Materiais El\u00e9tricos\" \/>\n<meta property=\"article:publisher\" content=\"https:\/\/www.facebook.com\/kifaseloja\" \/>\n<meta property=\"article:modified_time\" content=\"2022-06-23T00:35:57+00:00\" \/>\n<meta property=\"og:image\" content=\"https:\/\/kifase.com.br\/a\/wp-content\/uploads\/2022\/04\/relefoto-1.jpg\" \/>\n\t<meta property=\"og:image:width\" content=\"827\" \/>\n\t<meta property=\"og:image:height\" content=\"846\" \/>\n\t<meta property=\"og:image:type\" content=\"image\/jpeg\" \/>\n<meta name=\"twitter:card\" content=\"summary_large_image\" \/>\n<script type=\"application\/ld+json\" class=\"yoast-schema-graph\">{\"@context\":\"https:\/\/schema.org\",\"@graph\":[{\"@type\":\"WebPage\",\"@id\":\"https:\/\/kifase.com.br\/a\/produto\/rele-fotoeletronico-compacto\/\",\"url\":\"https:\/\/kifase.com.br\/a\/produto\/rele-fotoeletronico-compacto\/\",\"name\":\"Rel\u00e9 fotoeletr\u00f4nico compacto - Kifase Materiais El\u00e9tricos\",\"isPartOf\":{\"@id\":\"https:\/\/kifase.com.br\/a\/#website\"},\"datePublished\":\"2022-04-26T23:13:12+00:00\",\"dateModified\":\"2022-06-23T00:35:57+00:00\",\"breadcrumb\":{\"@id\":\"https:\/\/kifase.com.br\/a\/produto\/rele-fotoeletronico-compacto\/#breadcrumb\"},\"inLanguage\":\"pt-BR\",\"potentialAction\":[{\"@type\":\"ReadAction\",\"target\":[\"https:\/\/kifase.com.br\/a\/produto\/rele-fotoeletronico-compacto\/\"]}]},{\"@type\":\"BreadcrumbList\",\"@id\":\"https:\/\/kifase.com.br\/a\/produto\/rele-fotoeletronico-compacto\/#breadcrumb\",\"itemListElement\":[{\"@type\":\"ListItem\",\"position\":1,\"name\":\"In\u00edcio\",\"item\":\"https:\/\/kifase.com.br\/a\/\"},{\"@type\":\"ListItem\",\"position\":2,\"name\":\"Loja\",\"item\":\"https:\/\/kifase.com.br\/a\/loja\/\"},{\"@type\":\"ListItem\",\"position\":3,\"name\":\"Rel\u00e9 fotoeletr\u00f4nico compacto\"}]},{\"@type\":\"WebSite\",\"@id\":\"https:\/\/kifase.com.br\/a\/#website\",\"url\":\"https:\/\/kifase.com.br\/a\/\",\"name\":\"Kifase Materiais El\u00e9tricos\",\"description\":\"Materiais el\u00e9tricos, ilumina\u00e7\u00e3o, ferramentas e utilidades.\",\"publisher\":{\"@id\":\"https:\/\/kifase.com.br\/a\/#organization\"},\"potentialAction\":[{\"@type\":\"SearchAction\",\"target\":{\"@type\":\"EntryPoint\",\"urlTemplate\":\"https:\/\/kifase.com.br\/a\/?s={search_term_string}\"},\"query-input\":\"required name=search_term_string\"}],\"inLanguage\":\"pt-BR\"},{\"@type\":\"Organization\",\"@id\":\"https:\/\/kifase.com.br\/a\/#organization\",\"name\":\"Kifase Materiais El\u00e9tricos\",\"url\":\"https:\/\/kifase.com.br\/a\/\",\"logo\":{\"@type\":\"ImageObject\",\"inLanguage\":\"pt-BR\",\"@id\":\"https:\/\/kifase.com.br\/a\/#\/schema\/logo\/image\/\",\"url\":\"https:\/\/kifase.com.br\/a\/wp-content\/uploads\/2022\/03\/kisafe-.jpg\",\"contentUrl\":\"https:\/\/kifase.com.br\/a\/wp-content\/uploads\/2022\/03\/kisafe-.jpg\",\"width\":339,\"height\":105,\"caption\":\"Kifase Materiais El\u00e9tricos\"},\"image\":{\"@id\":\"https:\/\/kifase.com.br\/a\/#\/schema\/logo\/image\/\"},\"sameAs\":[\"https:\/\/www.facebook.com\/kifaseloja\",\"https:\/\/www.instagram.com\/kifasemat.e\"]}]}<\/script>\n<!-- \/ Yoast SEO plugin. -->","yoast_head_json":{"title":"Rel\u00e9 fotoeletr\u00f4nico compacto - Kifase Materiais El\u00e9tricos","robots":{"index":"index","follow":"follow","max-snippet":"max-snippet:-1","max-image-preview":"max-image-preview:large","max-video-preview":"max-video-preview:-1"},"canonical":"https:\/\/kifase.com.br\/a\/produto\/rele-fotoeletronico-compacto\/","og_locale":"pt_BR","og_type":"article","og_title":"Rel\u00e9 fotoeletr\u00f4nico compacto - Kifase Materiais El\u00e9tricos","og_description":"Rel\u00e9 fotoeletr\u00f4nico compacto \u00e9 um dispositivo discreto que tem as mesmas funcionalidades de um rel\u00e9 para acionar a carga ao escurecer e apagar ao amanhecer. Este rel\u00e9 compacto \u00e9 resinado podendo ficar exposto em \u00e1reas abertas. Podendo ser utilizado junto aos postes de ilumina\u00e7\u00e3o de jardins ou mesmo instalados discretamente em beiral de laje ou madeiramento.","og_url":"https:\/\/kifase.com.br\/a\/produto\/rele-fotoeletronico-compacto\/","og_site_name":"Kifase Materiais El\u00e9tricos","article_publisher":"https:\/\/www.facebook.com\/kifaseloja","article_modified_time":"2022-06-23T00:35:57+00:00","og_image":[{"width":827,"height":846,"url":"https:\/\/kifase.com.br\/a\/wp-content\/uploads\/2022\/04\/relefoto-1.jpg","type":"image\/jpeg"}],"twitter_card":"summary_large_image","schema":{"@context":"https:\/\/schema.org","@graph":[{"@type":"WebPage","@id":"https:\/\/kifase.com.br\/a\/produto\/rele-fotoeletronico-compacto\/","url":"https:\/\/kifase.com.br\/a\/produto\/rele-fotoeletronico-compacto\/","name":"Rel\u00e9 fotoeletr\u00f4nico compacto - Kifase Materiais El\u00e9tricos","isPartOf":{"@id":"https:\/\/kifase.com.br\/a\/#website"},"datePublished":"2022-04-26T23:13:12+00:00","dateModified":"2022-06-23T00:35:57+00:00","breadcrumb":{"@id":"https:\/\/kifase.com.br\/a\/produto\/rele-fotoeletronico-compacto\/#breadcrumb"},"inLanguage":"pt-BR","potentialAction":[{"@type":"ReadAction","target":["https:\/\/kifase.com.br\/a\/produto\/rele-fotoeletronico-compacto\/"]}]},{"@type":"BreadcrumbList","@id":"https:\/\/kifase.com.br\/a\/produto\/rele-fotoeletronico-compacto\/#breadcrumb","itemListElement":[{"@type":"ListItem","position":1,"name":"In\u00edcio","item":"https:\/\/kifase.com.br\/a\/"},{"@type":"ListItem","position":2,"name":"Loja","item":"https:\/\/kifase.com.br\/a\/loja\/"},{"@type":"ListItem","position":3,"name":"Rel\u00e9 fotoeletr\u00f4nico compacto"}]},{"@type":"WebSite","@id":"https:\/\/kifase.com.br\/a\/#website","url":"https:\/\/kifase.com.br\/a\/","name":"Kifase Materiais El\u00e9tricos","description":"Materiais el\u00e9tricos, ilumina\u00e7\u00e3o, ferramentas e utilidades.","publisher":{"@id":"https:\/\/kifase.com.br\/a\/#organization"},"potentialAction":[{"@type":"SearchAction","target":{"@type":"EntryPoint","urlTemplate":"https:\/\/kifase.com.br\/a\/?s={search_term_string}"},"query-input":"required name=search_term_string"}],"inLanguage":"pt-BR"},{"@type":"Organization","@id":"https:\/\/kifase.com.br\/a\/#organization","name":"Kifase Materiais El\u00e9tricos","url":"https:\/\/kifase.com.br\/a\/","logo":{"@type":"ImageObject","inLanguage":"pt-BR","@id":"https:\/\/kifase.com.br\/a\/#\/schema\/logo\/image\/","url":"https:\/\/kifase.com.br\/a\/wp-content\/uploads\/2022\/03\/kisafe-.jpg","contentUrl":"https:\/\/kifase.com.br\/a\/wp-content\/uploads\/2022\/03\/kisafe-.jpg","width":339,"height":105,"caption":"Kifase Materiais El\u00e9tricos"},"image":{"@id":"https:\/\/kifase.com.br\/a\/#\/schema\/logo\/image\/"},"sameAs":["https:\/\/www.facebook.com\/kifaseloja","https:\/\/www.instagram.com\/kifasemat.e"]}]}},"_links":{"self":[{"href":"https:\/\/kifase.com.br\/a\/wp-json\/wp\/v2\/product\/675","targetHints":{"allow":["GET"]}}],"collection":[{"href":"https:\/\/kifase.com.br\/a\/wp-json\/wp\/v2\/product"}],"about":[{"href":"https:\/\/kifase.com.br\/a\/wp-json\/wp\/v2\/types\/product"}],"replies":[{"embeddable":true,"href":"https:\/\/kifase.com.br\/a\/wp-json\/wp\/v2\/comments?post=675"}],"version-history":[{"count":1,"href":"https:\/\/kifase.com.br\/a\/wp-json\/wp\/v2\/product\/675\/revisions"}],"predecessor-version":[{"id":677,"href":"https:\/\/kifase.com.br\/a\/wp-json\/wp\/v2\/product\/675\/revisions\/677"}],"wp:featuredmedia":[{"embeddable":true,"href":"https:\/\/kifase.com.br\/a\/wp-json\/wp\/v2\/media\/731"}],"wp:attachment":[{"href":"https:\/\/kifase.com.br\/a\/wp-json\/wp\/v2\/media?parent=675"}],"wp:term":[{"taxonomy":"product_cat","embeddable":true,"href":"https:\/\/kifase.com.br\/a\/wp-json\/wp\/v2\/product_cat?post=675"},{"taxonomy":"product_tag","embeddable":true,"href":"https:\/\/kifase.com.br\/a\/wp-json\/wp\/v2\/product_tag?post=675"}],"curies":[{"name":"wp","href":"https:\/\/api.w.org\/{rel}","templated":true}]}}