{"id":694,"date":"2022-04-26T20:31:18","date_gmt":"2022-04-26T23:31:18","guid":{"rendered":"https:\/\/kifase.com.br\/a\/?post_type=product&#038;p=694"},"modified":"2025-05-20T18:56:59","modified_gmt":"2025-05-20T21:56:59","slug":"placa-2-postos-afastados-4x2-tramontina-liz-branca","status":"publish","type":"product","link":"https:\/\/kifase.com.br\/a\/produto\/placa-2-postos-afastados-4x2-tramontina-liz-branca\/","title":{"rendered":"Placa 2 Postos Afastados 4&#215;2 Tramontina Liz Branca"},"content":{"rendered":"<p>Os espa\u00e7os v\u00e3o ficar com mais qualidade e praticidade com a Placa 2 Postos Afastados 4&#215;2 Tramontina Liz Branca. Produzida em termopl\u00e1stico, ela possui acabamento em brilho na cor branca, caracter\u00edstica que n\u00e3o ret\u00e9m poeira. Apresenta o modelo 4&#215;2 e dois postos separados na horizontal para utilizar os m\u00f3dulos da Linha Liz. Pode ainda ser trocada por outras cores da linha, garantindo versatilidade e muito mais estilo. Possui ainda sistema modular em duas pe\u00e7as: placa e suporte, tendo um ajuste entre ambos que torna o acabamento entre a placa e a parede muito mais perfeito, livre de frestas. Possui furo oblongo que facilita a fixa\u00e7\u00e3o e a regulagem da placa \u00e0 parede, deixando-a reta. Para um visual ainda mais especial, a fixa\u00e7\u00e3o n\u00e3o \u00e9 aparente. Al\u00e9m disso, pode ser fixada em paredes de madeira. Uma pe\u00e7a com visual elegante para embelezar seus ambientes, que acompanha suporte e parafusos para a instala\u00e7\u00e3o.<\/p>\n","protected":false},"excerpt":{"rendered":"<p>Os espa\u00e7os v\u00e3o ficar com mais qualidade e praticidade com a Placa 2 Postos Afastados 4&#215;2 Tramontina Liz Branca. Produzida em termopl\u00e1stico, ela possui acabamento em brilho na cor branca, caracter\u00edstica que n\u00e3o ret\u00e9m poeira. Apresenta o modelo 4&#215;2 e dois postos separados na horizontal para utilizar os m\u00f3dulos da Linha Liz. Pode ainda ser trocada por outras cores da linha, garantindo versatilidade e muito mais estilo. Possui ainda sistema modular em duas pe\u00e7as: placa e suporte, tendo um ajuste entre ambos que torna o acabamento entre a placa e a parede muito mais perfeito, livre de frestas. Possui furo oblongo que facilita a fixa\u00e7\u00e3o e a regulagem da placa \u00e0 parede, deixando-a reta. Para um visual ainda mais especial, a fixa\u00e7\u00e3o n\u00e3o \u00e9 aparente. Al\u00e9m disso, pode ser fixada em paredes de madeira. Uma pe\u00e7a com visual elegante para embelezar seus ambientes, que acompanha suporte e parafusos para a instala\u00e7\u00e3o.<\/p>\n","protected":false},"featured_media":695,"comment_status":"open","ping_status":"closed","template":"","meta":[],"product_cat":[31,67],"product_tag":[],"class_list":["post-694","product","type-product","status-publish","has-post-thumbnail","hentry","product_cat-acabamentos","product_cat-tramontina-liz"],"yoast_head":"<!-- This site is optimized with the Yoast SEO plugin v20.1 - https:\/\/yoast.com\/wordpress\/plugins\/seo\/ -->\n<title>Placa 2 Postos Afastados 4x2 Tramontina Liz Branca - Kifase Materiais El\u00e9tricos<\/title>\n<meta name=\"robots\" content=\"index, follow, max-snippet:-1, max-image-preview:large, max-video-preview:-1\" \/>\n<link rel=\"canonical\" href=\"https:\/\/kifase.com.br\/a\/produto\/placa-2-postos-afastados-4x2-tramontina-liz-branca\/\" \/>\n<meta property=\"og:locale\" content=\"pt_BR\" \/>\n<meta property=\"og:type\" content=\"article\" \/>\n<meta property=\"og:title\" content=\"Placa 2 Postos Afastados 4x2 Tramontina Liz Branca - Kifase Materiais El\u00e9tricos\" \/>\n<meta property=\"og:description\" content=\"Os espa\u00e7os v\u00e3o ficar com mais qualidade e praticidade com a Placa 2 Postos Afastados 4x2 Tramontina Liz Branca. Produzida em termopl\u00e1stico, ela possui acabamento em brilho na cor branca, caracter\u00edstica que n\u00e3o ret\u00e9m poeira. Apresenta o modelo 4x2 e dois postos separados na horizontal para utilizar os m\u00f3dulos da Linha Liz. Pode ainda ser trocada por outras cores da linha, garantindo versatilidade e muito mais estilo. Possui ainda sistema modular em duas pe\u00e7as: placa e suporte, tendo um ajuste entre ambos que torna o acabamento entre a placa e a parede muito mais perfeito, livre de frestas. Possui furo oblongo que facilita a fixa\u00e7\u00e3o e a regulagem da placa \u00e0 parede, deixando-a reta. Para um visual ainda mais especial, a fixa\u00e7\u00e3o n\u00e3o \u00e9 aparente. Al\u00e9m disso, pode ser fixada em paredes de madeira. Uma pe\u00e7a com visual elegante para embelezar seus ambientes, que acompanha suporte e parafusos para a instala\u00e7\u00e3o.\" \/>\n<meta property=\"og:url\" content=\"https:\/\/kifase.com.br\/a\/produto\/placa-2-postos-afastados-4x2-tramontina-liz-branca\/\" \/>\n<meta property=\"og:site_name\" content=\"Kifase Materiais El\u00e9tricos\" \/>\n<meta property=\"article:publisher\" content=\"https:\/\/www.facebook.com\/kifaseloja\" \/>\n<meta property=\"article:modified_time\" content=\"2025-05-20T21:56:59+00:00\" \/>\n<meta property=\"og:image\" content=\"https:\/\/kifase.com.br\/a\/wp-content\/uploads\/2022\/04\/tramontinaliz.jpg\" \/>\n\t<meta property=\"og:image:width\" content=\"827\" \/>\n\t<meta property=\"og:image:height\" content=\"846\" \/>\n\t<meta property=\"og:image:type\" content=\"image\/jpeg\" \/>\n<meta name=\"twitter:card\" content=\"summary_large_image\" \/>\n<meta name=\"twitter:label1\" content=\"Est. tempo de leitura\" \/>\n\t<meta name=\"twitter:data1\" content=\"1 minuto\" \/>\n<script type=\"application\/ld+json\" class=\"yoast-schema-graph\">{\"@context\":\"https:\/\/schema.org\",\"@graph\":[{\"@type\":\"WebPage\",\"@id\":\"https:\/\/kifase.com.br\/a\/produto\/placa-2-postos-afastados-4x2-tramontina-liz-branca\/\",\"url\":\"https:\/\/kifase.com.br\/a\/produto\/placa-2-postos-afastados-4x2-tramontina-liz-branca\/\",\"name\":\"Placa 2 Postos Afastados 4x2 Tramontina Liz Branca - Kifase Materiais El\u00e9tricos\",\"isPartOf\":{\"@id\":\"https:\/\/kifase.com.br\/a\/#website\"},\"datePublished\":\"2022-04-26T23:31:18+00:00\",\"dateModified\":\"2025-05-20T21:56:59+00:00\",\"breadcrumb\":{\"@id\":\"https:\/\/kifase.com.br\/a\/produto\/placa-2-postos-afastados-4x2-tramontina-liz-branca\/#breadcrumb\"},\"inLanguage\":\"pt-BR\",\"potentialAction\":[{\"@type\":\"ReadAction\",\"target\":[\"https:\/\/kifase.com.br\/a\/produto\/placa-2-postos-afastados-4x2-tramontina-liz-branca\/\"]}]},{\"@type\":\"BreadcrumbList\",\"@id\":\"https:\/\/kifase.com.br\/a\/produto\/placa-2-postos-afastados-4x2-tramontina-liz-branca\/#breadcrumb\",\"itemListElement\":[{\"@type\":\"ListItem\",\"position\":1,\"name\":\"In\u00edcio\",\"item\":\"https:\/\/kifase.com.br\/a\/\"},{\"@type\":\"ListItem\",\"position\":2,\"name\":\"Loja\",\"item\":\"https:\/\/kifase.com.br\/a\/loja\/\"},{\"@type\":\"ListItem\",\"position\":3,\"name\":\"Placa 2 Postos Afastados 4&#215;2 Tramontina Liz Branca\"}]},{\"@type\":\"WebSite\",\"@id\":\"https:\/\/kifase.com.br\/a\/#website\",\"url\":\"https:\/\/kifase.com.br\/a\/\",\"name\":\"Kifase Materiais El\u00e9tricos\",\"description\":\"Materiais el\u00e9tricos, ilumina\u00e7\u00e3o, ferramentas e utilidades.\",\"publisher\":{\"@id\":\"https:\/\/kifase.com.br\/a\/#organization\"},\"potentialAction\":[{\"@type\":\"SearchAction\",\"target\":{\"@type\":\"EntryPoint\",\"urlTemplate\":\"https:\/\/kifase.com.br\/a\/?s={search_term_string}\"},\"query-input\":\"required name=search_term_string\"}],\"inLanguage\":\"pt-BR\"},{\"@type\":\"Organization\",\"@id\":\"https:\/\/kifase.com.br\/a\/#organization\",\"name\":\"Kifase Materiais El\u00e9tricos\",\"url\":\"https:\/\/kifase.com.br\/a\/\",\"logo\":{\"@type\":\"ImageObject\",\"inLanguage\":\"pt-BR\",\"@id\":\"https:\/\/kifase.com.br\/a\/#\/schema\/logo\/image\/\",\"url\":\"https:\/\/kifase.com.br\/a\/wp-content\/uploads\/2022\/03\/kisafe-.jpg\",\"contentUrl\":\"https:\/\/kifase.com.br\/a\/wp-content\/uploads\/2022\/03\/kisafe-.jpg\",\"width\":339,\"height\":105,\"caption\":\"Kifase Materiais El\u00e9tricos\"},\"image\":{\"@id\":\"https:\/\/kifase.com.br\/a\/#\/schema\/logo\/image\/\"},\"sameAs\":[\"https:\/\/www.facebook.com\/kifaseloja\",\"https:\/\/www.instagram.com\/kifasemat.e\"]}]}<\/script>\n<!-- \/ Yoast SEO plugin. -->","yoast_head_json":{"title":"Placa 2 Postos Afastados 4x2 Tramontina Liz Branca - Kifase Materiais El\u00e9tricos","robots":{"index":"index","follow":"follow","max-snippet":"max-snippet:-1","max-image-preview":"max-image-preview:large","max-video-preview":"max-video-preview:-1"},"canonical":"https:\/\/kifase.com.br\/a\/produto\/placa-2-postos-afastados-4x2-tramontina-liz-branca\/","og_locale":"pt_BR","og_type":"article","og_title":"Placa 2 Postos Afastados 4x2 Tramontina Liz Branca - Kifase Materiais El\u00e9tricos","og_description":"Os espa\u00e7os v\u00e3o ficar com mais qualidade e praticidade com a Placa 2 Postos Afastados 4x2 Tramontina Liz Branca. Produzida em termopl\u00e1stico, ela possui acabamento em brilho na cor branca, caracter\u00edstica que n\u00e3o ret\u00e9m poeira. Apresenta o modelo 4x2 e dois postos separados na horizontal para utilizar os m\u00f3dulos da Linha Liz. Pode ainda ser trocada por outras cores da linha, garantindo versatilidade e muito mais estilo. Possui ainda sistema modular em duas pe\u00e7as: placa e suporte, tendo um ajuste entre ambos que torna o acabamento entre a placa e a parede muito mais perfeito, livre de frestas. Possui furo oblongo que facilita a fixa\u00e7\u00e3o e a regulagem da placa \u00e0 parede, deixando-a reta. Para um visual ainda mais especial, a fixa\u00e7\u00e3o n\u00e3o \u00e9 aparente. Al\u00e9m disso, pode ser fixada em paredes de madeira. Uma pe\u00e7a com visual elegante para embelezar seus ambientes, que acompanha suporte e parafusos para a instala\u00e7\u00e3o.","og_url":"https:\/\/kifase.com.br\/a\/produto\/placa-2-postos-afastados-4x2-tramontina-liz-branca\/","og_site_name":"Kifase Materiais El\u00e9tricos","article_publisher":"https:\/\/www.facebook.com\/kifaseloja","article_modified_time":"2025-05-20T21:56:59+00:00","og_image":[{"width":827,"height":846,"url":"https:\/\/kifase.com.br\/a\/wp-content\/uploads\/2022\/04\/tramontinaliz.jpg","type":"image\/jpeg"}],"twitter_card":"summary_large_image","twitter_misc":{"Est. tempo de leitura":"1 minuto"},"schema":{"@context":"https:\/\/schema.org","@graph":[{"@type":"WebPage","@id":"https:\/\/kifase.com.br\/a\/produto\/placa-2-postos-afastados-4x2-tramontina-liz-branca\/","url":"https:\/\/kifase.com.br\/a\/produto\/placa-2-postos-afastados-4x2-tramontina-liz-branca\/","name":"Placa 2 Postos Afastados 4x2 Tramontina Liz Branca - Kifase Materiais El\u00e9tricos","isPartOf":{"@id":"https:\/\/kifase.com.br\/a\/#website"},"datePublished":"2022-04-26T23:31:18+00:00","dateModified":"2025-05-20T21:56:59+00:00","breadcrumb":{"@id":"https:\/\/kifase.com.br\/a\/produto\/placa-2-postos-afastados-4x2-tramontina-liz-branca\/#breadcrumb"},"inLanguage":"pt-BR","potentialAction":[{"@type":"ReadAction","target":["https:\/\/kifase.com.br\/a\/produto\/placa-2-postos-afastados-4x2-tramontina-liz-branca\/"]}]},{"@type":"BreadcrumbList","@id":"https:\/\/kifase.com.br\/a\/produto\/placa-2-postos-afastados-4x2-tramontina-liz-branca\/#breadcrumb","itemListElement":[{"@type":"ListItem","position":1,"name":"In\u00edcio","item":"https:\/\/kifase.com.br\/a\/"},{"@type":"ListItem","position":2,"name":"Loja","item":"https:\/\/kifase.com.br\/a\/loja\/"},{"@type":"ListItem","position":3,"name":"Placa 2 Postos Afastados 4&#215;2 Tramontina Liz Branca"}]},{"@type":"WebSite","@id":"https:\/\/kifase.com.br\/a\/#website","url":"https:\/\/kifase.com.br\/a\/","name":"Kifase Materiais El\u00e9tricos","description":"Materiais el\u00e9tricos, ilumina\u00e7\u00e3o, ferramentas e utilidades.","publisher":{"@id":"https:\/\/kifase.com.br\/a\/#organization"},"potentialAction":[{"@type":"SearchAction","target":{"@type":"EntryPoint","urlTemplate":"https:\/\/kifase.com.br\/a\/?s={search_term_string}"},"query-input":"required name=search_term_string"}],"inLanguage":"pt-BR"},{"@type":"Organization","@id":"https:\/\/kifase.com.br\/a\/#organization","name":"Kifase Materiais El\u00e9tricos","url":"https:\/\/kifase.com.br\/a\/","logo":{"@type":"ImageObject","inLanguage":"pt-BR","@id":"https:\/\/kifase.com.br\/a\/#\/schema\/logo\/image\/","url":"https:\/\/kifase.com.br\/a\/wp-content\/uploads\/2022\/03\/kisafe-.jpg","contentUrl":"https:\/\/kifase.com.br\/a\/wp-content\/uploads\/2022\/03\/kisafe-.jpg","width":339,"height":105,"caption":"Kifase Materiais El\u00e9tricos"},"image":{"@id":"https:\/\/kifase.com.br\/a\/#\/schema\/logo\/image\/"},"sameAs":["https:\/\/www.facebook.com\/kifaseloja","https:\/\/www.instagram.com\/kifasemat.e"]}]}},"_links":{"self":[{"href":"https:\/\/kifase.com.br\/a\/wp-json\/wp\/v2\/product\/694","targetHints":{"allow":["GET"]}}],"collection":[{"href":"https:\/\/kifase.com.br\/a\/wp-json\/wp\/v2\/product"}],"about":[{"href":"https:\/\/kifase.com.br\/a\/wp-json\/wp\/v2\/types\/product"}],"replies":[{"embeddable":true,"href":"https:\/\/kifase.com.br\/a\/wp-json\/wp\/v2\/comments?post=694"}],"version-history":[{"count":1,"href":"https:\/\/kifase.com.br\/a\/wp-json\/wp\/v2\/product\/694\/revisions"}],"predecessor-version":[{"id":696,"href":"https:\/\/kifase.com.br\/a\/wp-json\/wp\/v2\/product\/694\/revisions\/696"}],"wp:featuredmedia":[{"embeddable":true,"href":"https:\/\/kifase.com.br\/a\/wp-json\/wp\/v2\/media\/695"}],"wp:attachment":[{"href":"https:\/\/kifase.com.br\/a\/wp-json\/wp\/v2\/media?parent=694"}],"wp:term":[{"taxonomy":"product_cat","embeddable":true,"href":"https:\/\/kifase.com.br\/a\/wp-json\/wp\/v2\/product_cat?post=694"},{"taxonomy":"product_tag","embeddable":true,"href":"https:\/\/kifase.com.br\/a\/wp-json\/wp\/v2\/product_tag?post=694"}],"curies":[{"name":"wp","href":"https:\/\/api.w.org\/{rel}","templated":true}]}}