{"id":709,"date":"2022-04-26T20:45:03","date_gmt":"2022-04-26T23:45:03","guid":{"rendered":"https:\/\/kifase.com.br\/a\/?post_type=product&#038;p=709"},"modified":"2022-06-21T21:40:38","modified_gmt":"2022-06-22T00:40:38","slug":"alicate-crimpador-cabo-telefone-rj11-e-rede-rj45-73","status":"publish","type":"product","link":"https:\/\/kifase.com.br\/a\/produto\/alicate-crimpador-cabo-telefone-rj11-e-rede-rj45-73\/","title":{"rendered":"Alicate crimpador cabo telefone RJ11 e rede RJ45 7,3&#8221;"},"content":{"rendered":"<p>Alicate Crimpador de Cabos Lotus Flex \u00e9 pr\u00f3prio para uso profissional e tamb\u00e9m dom\u00e9stico em instala\u00e7\u00f5es el\u00e9tricas e telef\u00f4nicas. Seu corpo \u00e9 feito em a\u00e7o fosfatado, com laminas de inox e pl\u00e1stico especial que permite mais prote\u00e7\u00e3o e melhor ader\u00eancia. Indicada para cortar e desencapar cabos el\u00e9tricos.<\/p>\n<p>Caracter\u00edsticas e Benef\u00edcios<\/p>\n<ul>\n<li aria-level=\"1\">Refer\u00eancia: 8932;<\/li>\n<li aria-level=\"1\">Para Cabos: RJ11 e RJ45 (4 e 8 pinos);<\/li>\n<li aria-level=\"1\">Tamanho: 7,3 polegadas;<\/li>\n<li aria-level=\"1\">Material\/Composi\u00e7\u00e3o: A\u00e7o Fosfatafo, Inox e Pl\u00e1stico Especial;<\/li>\n<li aria-level=\"1\">Cabo Ergon\u00f4mico;<\/li>\n<li aria-level=\"1\">Seguran\u00e7a e Resist\u00eancia;<\/li>\n<\/ul>\n","protected":false},"excerpt":{"rendered":"<p>Alicate Crimpador de Cabos Lotus Flex \u00e9 pr\u00f3prio para uso profissional e tamb\u00e9m dom\u00e9stico em instala\u00e7\u00f5es el\u00e9tricas e telef\u00f4nicas. Seu corpo \u00e9 feito em a\u00e7o fosfatado, com laminas de inox e pl\u00e1stico especial que permite mais prote\u00e7\u00e3o e melhor ader\u00eancia. Indicada para cortar e desencapar cabos el\u00e9tricos.<\/p>\n<p>Caracter\u00edsticas e Benef\u00edcios<\/p>\n<ul>\n<li aria-level=\"1\">Refer\u00eancia: 8932;<\/li>\n<li aria-level=\"1\">Para Cabos: RJ11 e RJ45 (4 e 8 pinos);<\/li>\n<li aria-level=\"1\">Tamanho: 7,3 polegadas;<\/li>\n<li aria-level=\"1\">Material\/Composi\u00e7\u00e3o: A\u00e7o Fosfatafo, Inox e Pl\u00e1stico Especial;<\/li>\n<li aria-level=\"1\">Cabo Ergon\u00f4mico;<\/li>\n<li aria-level=\"1\">Seguran\u00e7a e Resist\u00eancia;<\/li>\n<\/ul>\n","protected":false},"featured_media":710,"comment_status":"open","ping_status":"closed","template":"","meta":[],"product_cat":[71,32],"product_tag":[],"class_list":["post-709","product","type-product","status-publish","has-post-thumbnail","hentry","product_cat-alicate-rj-45-rj-11","product_cat-ferramentas"],"yoast_head":"<!-- This site is optimized with the Yoast SEO plugin v20.1 - https:\/\/yoast.com\/wordpress\/plugins\/seo\/ -->\n<title>Alicate crimpador cabo telefone RJ11 e rede RJ45 7,3&#039;&#039; - Kifase Materiais El\u00e9tricos<\/title>\n<meta name=\"robots\" content=\"index, follow, max-snippet:-1, max-image-preview:large, max-video-preview:-1\" \/>\n<link rel=\"canonical\" href=\"https:\/\/kifase.com.br\/a\/produto\/alicate-crimpador-cabo-telefone-rj11-e-rede-rj45-73\/\" \/>\n<meta property=\"og:locale\" content=\"pt_BR\" \/>\n<meta property=\"og:type\" content=\"article\" \/>\n<meta property=\"og:title\" content=\"Alicate crimpador cabo telefone RJ11 e rede RJ45 7,3&#039;&#039; - Kifase Materiais El\u00e9tricos\" \/>\n<meta property=\"og:description\" content=\"Alicate Crimpador de Cabos Lotus Flex \u00e9 pr\u00f3prio para uso profissional e tamb\u00e9m dom\u00e9stico em instala\u00e7\u00f5es el\u00e9tricas e telef\u00f4nicas. Seu corpo \u00e9 feito em a\u00e7o fosfatado, com laminas de inox e pl\u00e1stico especial que permite mais prote\u00e7\u00e3o e melhor ader\u00eancia. Indicada para cortar e desencapar cabos el\u00e9tricos.  Caracter\u00edsticas e Benef\u00edcios   Refer\u00eancia: 8932;  Para Cabos: RJ11 e RJ45 (4 e 8 pinos);  Tamanho: 7,3 polegadas;  Material\/Composi\u00e7\u00e3o: A\u00e7o Fosfatafo, Inox e Pl\u00e1stico Especial;  Cabo Ergon\u00f4mico;  Seguran\u00e7a e Resist\u00eancia;\" \/>\n<meta property=\"og:url\" content=\"https:\/\/kifase.com.br\/a\/produto\/alicate-crimpador-cabo-telefone-rj11-e-rede-rj45-73\/\" \/>\n<meta property=\"og:site_name\" content=\"Kifase Materiais El\u00e9tricos\" \/>\n<meta property=\"article:publisher\" content=\"https:\/\/www.facebook.com\/kifaseloja\" \/>\n<meta property=\"article:modified_time\" content=\"2022-06-22T00:40:38+00:00\" \/>\n<meta property=\"og:image\" content=\"https:\/\/kifase.com.br\/a\/wp-content\/uploads\/2022\/04\/alicateclipar.jpg\" \/>\n\t<meta property=\"og:image:width\" content=\"827\" \/>\n\t<meta property=\"og:image:height\" content=\"846\" \/>\n\t<meta property=\"og:image:type\" content=\"image\/jpeg\" \/>\n<meta name=\"twitter:card\" content=\"summary_large_image\" \/>\n<script type=\"application\/ld+json\" class=\"yoast-schema-graph\">{\"@context\":\"https:\/\/schema.org\",\"@graph\":[{\"@type\":\"WebPage\",\"@id\":\"https:\/\/kifase.com.br\/a\/produto\/alicate-crimpador-cabo-telefone-rj11-e-rede-rj45-73\/\",\"url\":\"https:\/\/kifase.com.br\/a\/produto\/alicate-crimpador-cabo-telefone-rj11-e-rede-rj45-73\/\",\"name\":\"Alicate crimpador cabo telefone RJ11 e rede RJ45 7,3'' - Kifase Materiais El\u00e9tricos\",\"isPartOf\":{\"@id\":\"https:\/\/kifase.com.br\/a\/#website\"},\"datePublished\":\"2022-04-26T23:45:03+00:00\",\"dateModified\":\"2022-06-22T00:40:38+00:00\",\"breadcrumb\":{\"@id\":\"https:\/\/kifase.com.br\/a\/produto\/alicate-crimpador-cabo-telefone-rj11-e-rede-rj45-73\/#breadcrumb\"},\"inLanguage\":\"pt-BR\",\"potentialAction\":[{\"@type\":\"ReadAction\",\"target\":[\"https:\/\/kifase.com.br\/a\/produto\/alicate-crimpador-cabo-telefone-rj11-e-rede-rj45-73\/\"]}]},{\"@type\":\"BreadcrumbList\",\"@id\":\"https:\/\/kifase.com.br\/a\/produto\/alicate-crimpador-cabo-telefone-rj11-e-rede-rj45-73\/#breadcrumb\",\"itemListElement\":[{\"@type\":\"ListItem\",\"position\":1,\"name\":\"In\u00edcio\",\"item\":\"https:\/\/kifase.com.br\/a\/\"},{\"@type\":\"ListItem\",\"position\":2,\"name\":\"Loja\",\"item\":\"https:\/\/kifase.com.br\/a\/loja\/\"},{\"@type\":\"ListItem\",\"position\":3,\"name\":\"Alicate crimpador cabo telefone RJ11 e rede RJ45 7,3&#8221;\"}]},{\"@type\":\"WebSite\",\"@id\":\"https:\/\/kifase.com.br\/a\/#website\",\"url\":\"https:\/\/kifase.com.br\/a\/\",\"name\":\"Kifase Materiais El\u00e9tricos\",\"description\":\"Materiais el\u00e9tricos, ilumina\u00e7\u00e3o, ferramentas e utilidades.\",\"publisher\":{\"@id\":\"https:\/\/kifase.com.br\/a\/#organization\"},\"potentialAction\":[{\"@type\":\"SearchAction\",\"target\":{\"@type\":\"EntryPoint\",\"urlTemplate\":\"https:\/\/kifase.com.br\/a\/?s={search_term_string}\"},\"query-input\":\"required name=search_term_string\"}],\"inLanguage\":\"pt-BR\"},{\"@type\":\"Organization\",\"@id\":\"https:\/\/kifase.com.br\/a\/#organization\",\"name\":\"Kifase Materiais El\u00e9tricos\",\"url\":\"https:\/\/kifase.com.br\/a\/\",\"logo\":{\"@type\":\"ImageObject\",\"inLanguage\":\"pt-BR\",\"@id\":\"https:\/\/kifase.com.br\/a\/#\/schema\/logo\/image\/\",\"url\":\"https:\/\/kifase.com.br\/a\/wp-content\/uploads\/2022\/03\/kisafe-.jpg\",\"contentUrl\":\"https:\/\/kifase.com.br\/a\/wp-content\/uploads\/2022\/03\/kisafe-.jpg\",\"width\":339,\"height\":105,\"caption\":\"Kifase Materiais El\u00e9tricos\"},\"image\":{\"@id\":\"https:\/\/kifase.com.br\/a\/#\/schema\/logo\/image\/\"},\"sameAs\":[\"https:\/\/www.facebook.com\/kifaseloja\",\"https:\/\/www.instagram.com\/kifasemat.e\"]}]}<\/script>\n<!-- \/ Yoast SEO plugin. -->","yoast_head_json":{"title":"Alicate crimpador cabo telefone RJ11 e rede RJ45 7,3'' - Kifase Materiais El\u00e9tricos","robots":{"index":"index","follow":"follow","max-snippet":"max-snippet:-1","max-image-preview":"max-image-preview:large","max-video-preview":"max-video-preview:-1"},"canonical":"https:\/\/kifase.com.br\/a\/produto\/alicate-crimpador-cabo-telefone-rj11-e-rede-rj45-73\/","og_locale":"pt_BR","og_type":"article","og_title":"Alicate crimpador cabo telefone RJ11 e rede RJ45 7,3'' - Kifase Materiais El\u00e9tricos","og_description":"Alicate Crimpador de Cabos Lotus Flex \u00e9 pr\u00f3prio para uso profissional e tamb\u00e9m dom\u00e9stico em instala\u00e7\u00f5es el\u00e9tricas e telef\u00f4nicas. Seu corpo \u00e9 feito em a\u00e7o fosfatado, com laminas de inox e pl\u00e1stico especial que permite mais prote\u00e7\u00e3o e melhor ader\u00eancia. Indicada para cortar e desencapar cabos el\u00e9tricos.  Caracter\u00edsticas e Benef\u00edcios   Refer\u00eancia: 8932;  Para Cabos: RJ11 e RJ45 (4 e 8 pinos);  Tamanho: 7,3 polegadas;  Material\/Composi\u00e7\u00e3o: A\u00e7o Fosfatafo, Inox e Pl\u00e1stico Especial;  Cabo Ergon\u00f4mico;  Seguran\u00e7a e Resist\u00eancia;","og_url":"https:\/\/kifase.com.br\/a\/produto\/alicate-crimpador-cabo-telefone-rj11-e-rede-rj45-73\/","og_site_name":"Kifase Materiais El\u00e9tricos","article_publisher":"https:\/\/www.facebook.com\/kifaseloja","article_modified_time":"2022-06-22T00:40:38+00:00","og_image":[{"width":827,"height":846,"url":"https:\/\/kifase.com.br\/a\/wp-content\/uploads\/2022\/04\/alicateclipar.jpg","type":"image\/jpeg"}],"twitter_card":"summary_large_image","schema":{"@context":"https:\/\/schema.org","@graph":[{"@type":"WebPage","@id":"https:\/\/kifase.com.br\/a\/produto\/alicate-crimpador-cabo-telefone-rj11-e-rede-rj45-73\/","url":"https:\/\/kifase.com.br\/a\/produto\/alicate-crimpador-cabo-telefone-rj11-e-rede-rj45-73\/","name":"Alicate crimpador cabo telefone RJ11 e rede RJ45 7,3'' - Kifase Materiais El\u00e9tricos","isPartOf":{"@id":"https:\/\/kifase.com.br\/a\/#website"},"datePublished":"2022-04-26T23:45:03+00:00","dateModified":"2022-06-22T00:40:38+00:00","breadcrumb":{"@id":"https:\/\/kifase.com.br\/a\/produto\/alicate-crimpador-cabo-telefone-rj11-e-rede-rj45-73\/#breadcrumb"},"inLanguage":"pt-BR","potentialAction":[{"@type":"ReadAction","target":["https:\/\/kifase.com.br\/a\/produto\/alicate-crimpador-cabo-telefone-rj11-e-rede-rj45-73\/"]}]},{"@type":"BreadcrumbList","@id":"https:\/\/kifase.com.br\/a\/produto\/alicate-crimpador-cabo-telefone-rj11-e-rede-rj45-73\/#breadcrumb","itemListElement":[{"@type":"ListItem","position":1,"name":"In\u00edcio","item":"https:\/\/kifase.com.br\/a\/"},{"@type":"ListItem","position":2,"name":"Loja","item":"https:\/\/kifase.com.br\/a\/loja\/"},{"@type":"ListItem","position":3,"name":"Alicate crimpador cabo telefone RJ11 e rede RJ45 7,3&#8221;"}]},{"@type":"WebSite","@id":"https:\/\/kifase.com.br\/a\/#website","url":"https:\/\/kifase.com.br\/a\/","name":"Kifase Materiais El\u00e9tricos","description":"Materiais el\u00e9tricos, ilumina\u00e7\u00e3o, ferramentas e utilidades.","publisher":{"@id":"https:\/\/kifase.com.br\/a\/#organization"},"potentialAction":[{"@type":"SearchAction","target":{"@type":"EntryPoint","urlTemplate":"https:\/\/kifase.com.br\/a\/?s={search_term_string}"},"query-input":"required name=search_term_string"}],"inLanguage":"pt-BR"},{"@type":"Organization","@id":"https:\/\/kifase.com.br\/a\/#organization","name":"Kifase Materiais El\u00e9tricos","url":"https:\/\/kifase.com.br\/a\/","logo":{"@type":"ImageObject","inLanguage":"pt-BR","@id":"https:\/\/kifase.com.br\/a\/#\/schema\/logo\/image\/","url":"https:\/\/kifase.com.br\/a\/wp-content\/uploads\/2022\/03\/kisafe-.jpg","contentUrl":"https:\/\/kifase.com.br\/a\/wp-content\/uploads\/2022\/03\/kisafe-.jpg","width":339,"height":105,"caption":"Kifase Materiais El\u00e9tricos"},"image":{"@id":"https:\/\/kifase.com.br\/a\/#\/schema\/logo\/image\/"},"sameAs":["https:\/\/www.facebook.com\/kifaseloja","https:\/\/www.instagram.com\/kifasemat.e"]}]}},"_links":{"self":[{"href":"https:\/\/kifase.com.br\/a\/wp-json\/wp\/v2\/product\/709","targetHints":{"allow":["GET"]}}],"collection":[{"href":"https:\/\/kifase.com.br\/a\/wp-json\/wp\/v2\/product"}],"about":[{"href":"https:\/\/kifase.com.br\/a\/wp-json\/wp\/v2\/types\/product"}],"replies":[{"embeddable":true,"href":"https:\/\/kifase.com.br\/a\/wp-json\/wp\/v2\/comments?post=709"}],"version-history":[{"count":2,"href":"https:\/\/kifase.com.br\/a\/wp-json\/wp\/v2\/product\/709\/revisions"}],"predecessor-version":[{"id":1128,"href":"https:\/\/kifase.com.br\/a\/wp-json\/wp\/v2\/product\/709\/revisions\/1128"}],"wp:featuredmedia":[{"embeddable":true,"href":"https:\/\/kifase.com.br\/a\/wp-json\/wp\/v2\/media\/710"}],"wp:attachment":[{"href":"https:\/\/kifase.com.br\/a\/wp-json\/wp\/v2\/media?parent=709"}],"wp:term":[{"taxonomy":"product_cat","embeddable":true,"href":"https:\/\/kifase.com.br\/a\/wp-json\/wp\/v2\/product_cat?post=709"},{"taxonomy":"product_tag","embeddable":true,"href":"https:\/\/kifase.com.br\/a\/wp-json\/wp\/v2\/product_tag?post=709"}],"curies":[{"name":"wp","href":"https:\/\/api.w.org\/{rel}","templated":true}]}}