{"id":719,"date":"2022-04-26T20:53:28","date_gmt":"2022-04-26T23:53:28","guid":{"rendered":"https:\/\/kifase.com.br\/a\/?post_type=product&#038;p=719"},"modified":"2022-06-21T21:39:47","modified_gmt":"2022-06-22T00:39:47","slug":"alicate-amperimetro-digital-9v","status":"publish","type":"product","link":"https:\/\/kifase.com.br\/a\/produto\/alicate-amperimetro-digital-9v\/","title":{"rendered":"Alicate amper\u00edmetro digital 9V"},"content":{"rendered":"<p><span style=\"font-weight: 400;\">Alicate Amper\u00edmetro \u00e9 indicado para medi\u00e7\u00f5es de correntes AC, tens\u00e3o, resist\u00eancia, frequ\u00eancia, continuidade e diodo. \u00c9 um equipamento ideal para medi\u00e7\u00e3o da intensidade de uma corrente el\u00e9trica, podendo nos informar tamb\u00e9m o sentido da corrente.<\/span><\/p>\n","protected":false},"excerpt":{"rendered":"<p><span style=\"font-weight: 400;\">Alicate Amper\u00edmetro \u00e9 indicado para medi\u00e7\u00f5es de correntes AC, tens\u00e3o, resist\u00eancia, frequ\u00eancia, continuidade e diodo. \u00c9 um equipamento ideal para medi\u00e7\u00e3o da intensidade de uma corrente el\u00e9trica, podendo nos informar tamb\u00e9m o sentido da corrente.<\/span><\/p>\n","protected":false},"featured_media":720,"comment_status":"open","ping_status":"closed","template":"","meta":[],"product_cat":[74,32],"product_tag":[],"class_list":["post-719","product","type-product","status-publish","has-post-thumbnail","hentry","product_cat-amperimetro","product_cat-ferramentas"],"yoast_head":"<!-- This site is optimized with the Yoast SEO plugin v20.1 - https:\/\/yoast.com\/wordpress\/plugins\/seo\/ -->\n<title>Alicate amper\u00edmetro digital 9V - Kifase Materiais El\u00e9tricos<\/title>\n<meta name=\"robots\" content=\"index, follow, max-snippet:-1, max-image-preview:large, max-video-preview:-1\" \/>\n<link rel=\"canonical\" href=\"https:\/\/kifase.com.br\/a\/produto\/alicate-amperimetro-digital-9v\/\" \/>\n<meta property=\"og:locale\" content=\"pt_BR\" \/>\n<meta property=\"og:type\" content=\"article\" \/>\n<meta property=\"og:title\" content=\"Alicate amper\u00edmetro digital 9V - Kifase Materiais El\u00e9tricos\" \/>\n<meta property=\"og:description\" content=\"Alicate Amper\u00edmetro \u00e9 indicado para medi\u00e7\u00f5es de correntes AC, tens\u00e3o, resist\u00eancia, frequ\u00eancia, continuidade e diodo. \u00c9 um equipamento ideal para medi\u00e7\u00e3o da intensidade de uma corrente el\u00e9trica, podendo nos informar tamb\u00e9m o sentido da corrente.\" \/>\n<meta property=\"og:url\" content=\"https:\/\/kifase.com.br\/a\/produto\/alicate-amperimetro-digital-9v\/\" \/>\n<meta property=\"og:site_name\" content=\"Kifase Materiais El\u00e9tricos\" \/>\n<meta property=\"article:publisher\" content=\"https:\/\/www.facebook.com\/kifaseloja\" \/>\n<meta property=\"article:modified_time\" content=\"2022-06-22T00:39:47+00:00\" \/>\n<meta property=\"og:image\" content=\"https:\/\/kifase.com.br\/a\/wp-content\/uploads\/2022\/04\/Amperimetro-Digital.jpg\" \/>\n\t<meta property=\"og:image:width\" content=\"827\" \/>\n\t<meta property=\"og:image:height\" content=\"846\" \/>\n\t<meta property=\"og:image:type\" content=\"image\/jpeg\" \/>\n<meta name=\"twitter:card\" content=\"summary_large_image\" \/>\n<script type=\"application\/ld+json\" class=\"yoast-schema-graph\">{\"@context\":\"https:\/\/schema.org\",\"@graph\":[{\"@type\":\"WebPage\",\"@id\":\"https:\/\/kifase.com.br\/a\/produto\/alicate-amperimetro-digital-9v\/\",\"url\":\"https:\/\/kifase.com.br\/a\/produto\/alicate-amperimetro-digital-9v\/\",\"name\":\"Alicate amper\u00edmetro digital 9V - Kifase Materiais El\u00e9tricos\",\"isPartOf\":{\"@id\":\"https:\/\/kifase.com.br\/a\/#website\"},\"datePublished\":\"2022-04-26T23:53:28+00:00\",\"dateModified\":\"2022-06-22T00:39:47+00:00\",\"breadcrumb\":{\"@id\":\"https:\/\/kifase.com.br\/a\/produto\/alicate-amperimetro-digital-9v\/#breadcrumb\"},\"inLanguage\":\"pt-BR\",\"potentialAction\":[{\"@type\":\"ReadAction\",\"target\":[\"https:\/\/kifase.com.br\/a\/produto\/alicate-amperimetro-digital-9v\/\"]}]},{\"@type\":\"BreadcrumbList\",\"@id\":\"https:\/\/kifase.com.br\/a\/produto\/alicate-amperimetro-digital-9v\/#breadcrumb\",\"itemListElement\":[{\"@type\":\"ListItem\",\"position\":1,\"name\":\"In\u00edcio\",\"item\":\"https:\/\/kifase.com.br\/a\/\"},{\"@type\":\"ListItem\",\"position\":2,\"name\":\"Loja\",\"item\":\"https:\/\/kifase.com.br\/a\/loja\/\"},{\"@type\":\"ListItem\",\"position\":3,\"name\":\"Alicate amper\u00edmetro digital 9V\"}]},{\"@type\":\"WebSite\",\"@id\":\"https:\/\/kifase.com.br\/a\/#website\",\"url\":\"https:\/\/kifase.com.br\/a\/\",\"name\":\"Kifase Materiais El\u00e9tricos\",\"description\":\"Materiais el\u00e9tricos, ilumina\u00e7\u00e3o, ferramentas e utilidades.\",\"publisher\":{\"@id\":\"https:\/\/kifase.com.br\/a\/#organization\"},\"potentialAction\":[{\"@type\":\"SearchAction\",\"target\":{\"@type\":\"EntryPoint\",\"urlTemplate\":\"https:\/\/kifase.com.br\/a\/?s={search_term_string}\"},\"query-input\":\"required name=search_term_string\"}],\"inLanguage\":\"pt-BR\"},{\"@type\":\"Organization\",\"@id\":\"https:\/\/kifase.com.br\/a\/#organization\",\"name\":\"Kifase Materiais El\u00e9tricos\",\"url\":\"https:\/\/kifase.com.br\/a\/\",\"logo\":{\"@type\":\"ImageObject\",\"inLanguage\":\"pt-BR\",\"@id\":\"https:\/\/kifase.com.br\/a\/#\/schema\/logo\/image\/\",\"url\":\"https:\/\/kifase.com.br\/a\/wp-content\/uploads\/2022\/03\/kisafe-.jpg\",\"contentUrl\":\"https:\/\/kifase.com.br\/a\/wp-content\/uploads\/2022\/03\/kisafe-.jpg\",\"width\":339,\"height\":105,\"caption\":\"Kifase Materiais El\u00e9tricos\"},\"image\":{\"@id\":\"https:\/\/kifase.com.br\/a\/#\/schema\/logo\/image\/\"},\"sameAs\":[\"https:\/\/www.facebook.com\/kifaseloja\",\"https:\/\/www.instagram.com\/kifasemat.e\"]}]}<\/script>\n<!-- \/ Yoast SEO plugin. -->","yoast_head_json":{"title":"Alicate amper\u00edmetro digital 9V - Kifase Materiais El\u00e9tricos","robots":{"index":"index","follow":"follow","max-snippet":"max-snippet:-1","max-image-preview":"max-image-preview:large","max-video-preview":"max-video-preview:-1"},"canonical":"https:\/\/kifase.com.br\/a\/produto\/alicate-amperimetro-digital-9v\/","og_locale":"pt_BR","og_type":"article","og_title":"Alicate amper\u00edmetro digital 9V - Kifase Materiais El\u00e9tricos","og_description":"Alicate Amper\u00edmetro \u00e9 indicado para medi\u00e7\u00f5es de correntes AC, tens\u00e3o, resist\u00eancia, frequ\u00eancia, continuidade e diodo. \u00c9 um equipamento ideal para medi\u00e7\u00e3o da intensidade de uma corrente el\u00e9trica, podendo nos informar tamb\u00e9m o sentido da corrente.","og_url":"https:\/\/kifase.com.br\/a\/produto\/alicate-amperimetro-digital-9v\/","og_site_name":"Kifase Materiais El\u00e9tricos","article_publisher":"https:\/\/www.facebook.com\/kifaseloja","article_modified_time":"2022-06-22T00:39:47+00:00","og_image":[{"width":827,"height":846,"url":"https:\/\/kifase.com.br\/a\/wp-content\/uploads\/2022\/04\/Amperimetro-Digital.jpg","type":"image\/jpeg"}],"twitter_card":"summary_large_image","schema":{"@context":"https:\/\/schema.org","@graph":[{"@type":"WebPage","@id":"https:\/\/kifase.com.br\/a\/produto\/alicate-amperimetro-digital-9v\/","url":"https:\/\/kifase.com.br\/a\/produto\/alicate-amperimetro-digital-9v\/","name":"Alicate amper\u00edmetro digital 9V - Kifase Materiais El\u00e9tricos","isPartOf":{"@id":"https:\/\/kifase.com.br\/a\/#website"},"datePublished":"2022-04-26T23:53:28+00:00","dateModified":"2022-06-22T00:39:47+00:00","breadcrumb":{"@id":"https:\/\/kifase.com.br\/a\/produto\/alicate-amperimetro-digital-9v\/#breadcrumb"},"inLanguage":"pt-BR","potentialAction":[{"@type":"ReadAction","target":["https:\/\/kifase.com.br\/a\/produto\/alicate-amperimetro-digital-9v\/"]}]},{"@type":"BreadcrumbList","@id":"https:\/\/kifase.com.br\/a\/produto\/alicate-amperimetro-digital-9v\/#breadcrumb","itemListElement":[{"@type":"ListItem","position":1,"name":"In\u00edcio","item":"https:\/\/kifase.com.br\/a\/"},{"@type":"ListItem","position":2,"name":"Loja","item":"https:\/\/kifase.com.br\/a\/loja\/"},{"@type":"ListItem","position":3,"name":"Alicate amper\u00edmetro digital 9V"}]},{"@type":"WebSite","@id":"https:\/\/kifase.com.br\/a\/#website","url":"https:\/\/kifase.com.br\/a\/","name":"Kifase Materiais El\u00e9tricos","description":"Materiais el\u00e9tricos, ilumina\u00e7\u00e3o, ferramentas e utilidades.","publisher":{"@id":"https:\/\/kifase.com.br\/a\/#organization"},"potentialAction":[{"@type":"SearchAction","target":{"@type":"EntryPoint","urlTemplate":"https:\/\/kifase.com.br\/a\/?s={search_term_string}"},"query-input":"required name=search_term_string"}],"inLanguage":"pt-BR"},{"@type":"Organization","@id":"https:\/\/kifase.com.br\/a\/#organization","name":"Kifase Materiais El\u00e9tricos","url":"https:\/\/kifase.com.br\/a\/","logo":{"@type":"ImageObject","inLanguage":"pt-BR","@id":"https:\/\/kifase.com.br\/a\/#\/schema\/logo\/image\/","url":"https:\/\/kifase.com.br\/a\/wp-content\/uploads\/2022\/03\/kisafe-.jpg","contentUrl":"https:\/\/kifase.com.br\/a\/wp-content\/uploads\/2022\/03\/kisafe-.jpg","width":339,"height":105,"caption":"Kifase Materiais El\u00e9tricos"},"image":{"@id":"https:\/\/kifase.com.br\/a\/#\/schema\/logo\/image\/"},"sameAs":["https:\/\/www.facebook.com\/kifaseloja","https:\/\/www.instagram.com\/kifasemat.e"]}]}},"_links":{"self":[{"href":"https:\/\/kifase.com.br\/a\/wp-json\/wp\/v2\/product\/719","targetHints":{"allow":["GET"]}}],"collection":[{"href":"https:\/\/kifase.com.br\/a\/wp-json\/wp\/v2\/product"}],"about":[{"href":"https:\/\/kifase.com.br\/a\/wp-json\/wp\/v2\/types\/product"}],"replies":[{"embeddable":true,"href":"https:\/\/kifase.com.br\/a\/wp-json\/wp\/v2\/comments?post=719"}],"version-history":[{"count":3,"href":"https:\/\/kifase.com.br\/a\/wp-json\/wp\/v2\/product\/719\/revisions"}],"predecessor-version":[{"id":1125,"href":"https:\/\/kifase.com.br\/a\/wp-json\/wp\/v2\/product\/719\/revisions\/1125"}],"wp:featuredmedia":[{"embeddable":true,"href":"https:\/\/kifase.com.br\/a\/wp-json\/wp\/v2\/media\/720"}],"wp:attachment":[{"href":"https:\/\/kifase.com.br\/a\/wp-json\/wp\/v2\/media?parent=719"}],"wp:term":[{"taxonomy":"product_cat","embeddable":true,"href":"https:\/\/kifase.com.br\/a\/wp-json\/wp\/v2\/product_cat?post=719"},{"taxonomy":"product_tag","embeddable":true,"href":"https:\/\/kifase.com.br\/a\/wp-json\/wp\/v2\/product_tag?post=719"}],"curies":[{"name":"wp","href":"https:\/\/api.w.org\/{rel}","templated":true}]}}