{"id":752,"date":"2022-04-27T20:38:47","date_gmt":"2022-04-27T23:38:47","guid":{"rendered":"https:\/\/kifase.com.br\/a\/?post_type=product&#038;p=752"},"modified":"2022-06-21T21:39:39","modified_gmt":"2022-06-22T00:39:39","slug":"lampada-led-bulbo-75w-alta-potencia-6500k","status":"publish","type":"product","link":"https:\/\/kifase.com.br\/a\/produto\/lampada-led-bulbo-75w-alta-potencia-6500k\/","title":{"rendered":"L\u00e2mpada led bulbo 75w alta potencia 6500k"},"content":{"rendered":"<p>Produto com qualidade Avant<\/p>\n<p>A l\u00e2mpada Bulbo High Power Avant \u00e9 indicada pra ilumina\u00e7\u00e3o de grandes \u00e1reas e substitui\u00e7\u00e3o de l\u00e2mpadas com alta pot\u00eancia.<\/p>\n<p>O uso de produtos Led, al\u00e9m de trazer uma ilumina\u00e7\u00e3o de alta qualidade, tamb\u00e9m gera uma grande economia de energia, representando cerca de at\u00e9 80% na redu\u00e7\u00e3o de sua conta!<\/p>\n<p>Ideal para ilumina\u00e7\u00e3o de Galp\u00f5es, Empresas, Lojas, Armaz\u00e9m, Transportadoras, etc.<\/p>\n<p>L\u00e2mpada de alta qualidade e luminosidade!<\/p>\n","protected":false},"excerpt":{"rendered":"<p>Produto com qualidade Avant A l\u00e2mpada Bulbo High Power Avant \u00e9 indicada pra ilumina\u00e7\u00e3o de grandes \u00e1reas e substitui\u00e7\u00e3o de l\u00e2mpadas com alta pot\u00eancia. O uso de produtos Led, al\u00e9m de trazer uma ilumina\u00e7\u00e3o de alta qualidade, tamb\u00e9m gera uma grande economia de energia, representando cerca de at\u00e9 80% na redu\u00e7\u00e3o de sua conta! Ideal [&hellip;]<\/p>\n","protected":false},"featured_media":754,"comment_status":"open","ping_status":"closed","template":"","meta":[],"product_cat":[23,33],"product_tag":[],"class_list":["post-752","product","type-product","status-publish","has-post-thumbnail","hentry","product_cat-iluminacao","product_cat-lampadas-bulbo-e-tubular"],"yoast_head":"<!-- This site is optimized with the Yoast SEO plugin v20.1 - https:\/\/yoast.com\/wordpress\/plugins\/seo\/ -->\n<title>L\u00e2mpada led bulbo 75w alta potencia 6500k - Kifase Materiais El\u00e9tricos<\/title>\n<meta name=\"robots\" content=\"index, follow, max-snippet:-1, max-image-preview:large, max-video-preview:-1\" \/>\n<link rel=\"canonical\" href=\"https:\/\/kifase.com.br\/a\/produto\/lampada-led-bulbo-75w-alta-potencia-6500k\/\" \/>\n<meta property=\"og:locale\" content=\"pt_BR\" \/>\n<meta property=\"og:type\" content=\"article\" \/>\n<meta property=\"og:title\" content=\"L\u00e2mpada led bulbo 75w alta potencia 6500k - Kifase Materiais El\u00e9tricos\" \/>\n<meta property=\"og:description\" content=\"Produto com qualidade Avant A l\u00e2mpada Bulbo High Power Avant \u00e9 indicada pra ilumina\u00e7\u00e3o de grandes \u00e1reas e substitui\u00e7\u00e3o de l\u00e2mpadas com alta pot\u00eancia. O uso de produtos Led, al\u00e9m de trazer uma ilumina\u00e7\u00e3o de alta qualidade, tamb\u00e9m gera uma grande economia de energia, representando cerca de at\u00e9 80% na redu\u00e7\u00e3o de sua conta! Ideal [&hellip;]\" \/>\n<meta property=\"og:url\" content=\"https:\/\/kifase.com.br\/a\/produto\/lampada-led-bulbo-75w-alta-potencia-6500k\/\" \/>\n<meta property=\"og:site_name\" content=\"Kifase Materiais El\u00e9tricos\" \/>\n<meta property=\"article:publisher\" content=\"https:\/\/www.facebook.com\/kifaseloja\" \/>\n<meta property=\"article:modified_time\" content=\"2022-06-22T00:39:39+00:00\" \/>\n<meta property=\"og:image\" content=\"https:\/\/kifase.com.br\/a\/wp-content\/uploads\/2022\/04\/lampadabulbo.jpg\" \/>\n\t<meta property=\"og:image:width\" content=\"827\" \/>\n\t<meta property=\"og:image:height\" content=\"846\" \/>\n\t<meta property=\"og:image:type\" content=\"image\/jpeg\" \/>\n<meta name=\"twitter:card\" content=\"summary_large_image\" \/>\n<script type=\"application\/ld+json\" class=\"yoast-schema-graph\">{\"@context\":\"https:\/\/schema.org\",\"@graph\":[{\"@type\":\"WebPage\",\"@id\":\"https:\/\/kifase.com.br\/a\/produto\/lampada-led-bulbo-75w-alta-potencia-6500k\/\",\"url\":\"https:\/\/kifase.com.br\/a\/produto\/lampada-led-bulbo-75w-alta-potencia-6500k\/\",\"name\":\"L\u00e2mpada led bulbo 75w alta potencia 6500k - Kifase Materiais El\u00e9tricos\",\"isPartOf\":{\"@id\":\"https:\/\/kifase.com.br\/a\/#website\"},\"datePublished\":\"2022-04-27T23:38:47+00:00\",\"dateModified\":\"2022-06-22T00:39:39+00:00\",\"breadcrumb\":{\"@id\":\"https:\/\/kifase.com.br\/a\/produto\/lampada-led-bulbo-75w-alta-potencia-6500k\/#breadcrumb\"},\"inLanguage\":\"pt-BR\",\"potentialAction\":[{\"@type\":\"ReadAction\",\"target\":[\"https:\/\/kifase.com.br\/a\/produto\/lampada-led-bulbo-75w-alta-potencia-6500k\/\"]}]},{\"@type\":\"BreadcrumbList\",\"@id\":\"https:\/\/kifase.com.br\/a\/produto\/lampada-led-bulbo-75w-alta-potencia-6500k\/#breadcrumb\",\"itemListElement\":[{\"@type\":\"ListItem\",\"position\":1,\"name\":\"In\u00edcio\",\"item\":\"https:\/\/kifase.com.br\/a\/\"},{\"@type\":\"ListItem\",\"position\":2,\"name\":\"Loja\",\"item\":\"https:\/\/kifase.com.br\/a\/loja\/\"},{\"@type\":\"ListItem\",\"position\":3,\"name\":\"L\u00e2mpada led bulbo 75w alta potencia 6500k\"}]},{\"@type\":\"WebSite\",\"@id\":\"https:\/\/kifase.com.br\/a\/#website\",\"url\":\"https:\/\/kifase.com.br\/a\/\",\"name\":\"Kifase Materiais El\u00e9tricos\",\"description\":\"Materiais el\u00e9tricos, ilumina\u00e7\u00e3o, ferramentas e utilidades.\",\"publisher\":{\"@id\":\"https:\/\/kifase.com.br\/a\/#organization\"},\"potentialAction\":[{\"@type\":\"SearchAction\",\"target\":{\"@type\":\"EntryPoint\",\"urlTemplate\":\"https:\/\/kifase.com.br\/a\/?s={search_term_string}\"},\"query-input\":\"required name=search_term_string\"}],\"inLanguage\":\"pt-BR\"},{\"@type\":\"Organization\",\"@id\":\"https:\/\/kifase.com.br\/a\/#organization\",\"name\":\"Kifase Materiais El\u00e9tricos\",\"url\":\"https:\/\/kifase.com.br\/a\/\",\"logo\":{\"@type\":\"ImageObject\",\"inLanguage\":\"pt-BR\",\"@id\":\"https:\/\/kifase.com.br\/a\/#\/schema\/logo\/image\/\",\"url\":\"https:\/\/kifase.com.br\/a\/wp-content\/uploads\/2022\/03\/kisafe-.jpg\",\"contentUrl\":\"https:\/\/kifase.com.br\/a\/wp-content\/uploads\/2022\/03\/kisafe-.jpg\",\"width\":339,\"height\":105,\"caption\":\"Kifase Materiais El\u00e9tricos\"},\"image\":{\"@id\":\"https:\/\/kifase.com.br\/a\/#\/schema\/logo\/image\/\"},\"sameAs\":[\"https:\/\/www.facebook.com\/kifaseloja\",\"https:\/\/www.instagram.com\/kifasemat.e\"]}]}<\/script>\n<!-- \/ Yoast SEO plugin. -->","yoast_head_json":{"title":"L\u00e2mpada led bulbo 75w alta potencia 6500k - Kifase Materiais El\u00e9tricos","robots":{"index":"index","follow":"follow","max-snippet":"max-snippet:-1","max-image-preview":"max-image-preview:large","max-video-preview":"max-video-preview:-1"},"canonical":"https:\/\/kifase.com.br\/a\/produto\/lampada-led-bulbo-75w-alta-potencia-6500k\/","og_locale":"pt_BR","og_type":"article","og_title":"L\u00e2mpada led bulbo 75w alta potencia 6500k - Kifase Materiais El\u00e9tricos","og_description":"Produto com qualidade Avant A l\u00e2mpada Bulbo High Power Avant \u00e9 indicada pra ilumina\u00e7\u00e3o de grandes \u00e1reas e substitui\u00e7\u00e3o de l\u00e2mpadas com alta pot\u00eancia. O uso de produtos Led, al\u00e9m de trazer uma ilumina\u00e7\u00e3o de alta qualidade, tamb\u00e9m gera uma grande economia de energia, representando cerca de at\u00e9 80% na redu\u00e7\u00e3o de sua conta! Ideal [&hellip;]","og_url":"https:\/\/kifase.com.br\/a\/produto\/lampada-led-bulbo-75w-alta-potencia-6500k\/","og_site_name":"Kifase Materiais El\u00e9tricos","article_publisher":"https:\/\/www.facebook.com\/kifaseloja","article_modified_time":"2022-06-22T00:39:39+00:00","og_image":[{"width":827,"height":846,"url":"https:\/\/kifase.com.br\/a\/wp-content\/uploads\/2022\/04\/lampadabulbo.jpg","type":"image\/jpeg"}],"twitter_card":"summary_large_image","schema":{"@context":"https:\/\/schema.org","@graph":[{"@type":"WebPage","@id":"https:\/\/kifase.com.br\/a\/produto\/lampada-led-bulbo-75w-alta-potencia-6500k\/","url":"https:\/\/kifase.com.br\/a\/produto\/lampada-led-bulbo-75w-alta-potencia-6500k\/","name":"L\u00e2mpada led bulbo 75w alta potencia 6500k - Kifase Materiais El\u00e9tricos","isPartOf":{"@id":"https:\/\/kifase.com.br\/a\/#website"},"datePublished":"2022-04-27T23:38:47+00:00","dateModified":"2022-06-22T00:39:39+00:00","breadcrumb":{"@id":"https:\/\/kifase.com.br\/a\/produto\/lampada-led-bulbo-75w-alta-potencia-6500k\/#breadcrumb"},"inLanguage":"pt-BR","potentialAction":[{"@type":"ReadAction","target":["https:\/\/kifase.com.br\/a\/produto\/lampada-led-bulbo-75w-alta-potencia-6500k\/"]}]},{"@type":"BreadcrumbList","@id":"https:\/\/kifase.com.br\/a\/produto\/lampada-led-bulbo-75w-alta-potencia-6500k\/#breadcrumb","itemListElement":[{"@type":"ListItem","position":1,"name":"In\u00edcio","item":"https:\/\/kifase.com.br\/a\/"},{"@type":"ListItem","position":2,"name":"Loja","item":"https:\/\/kifase.com.br\/a\/loja\/"},{"@type":"ListItem","position":3,"name":"L\u00e2mpada led bulbo 75w alta potencia 6500k"}]},{"@type":"WebSite","@id":"https:\/\/kifase.com.br\/a\/#website","url":"https:\/\/kifase.com.br\/a\/","name":"Kifase Materiais El\u00e9tricos","description":"Materiais el\u00e9tricos, ilumina\u00e7\u00e3o, ferramentas e utilidades.","publisher":{"@id":"https:\/\/kifase.com.br\/a\/#organization"},"potentialAction":[{"@type":"SearchAction","target":{"@type":"EntryPoint","urlTemplate":"https:\/\/kifase.com.br\/a\/?s={search_term_string}"},"query-input":"required name=search_term_string"}],"inLanguage":"pt-BR"},{"@type":"Organization","@id":"https:\/\/kifase.com.br\/a\/#organization","name":"Kifase Materiais El\u00e9tricos","url":"https:\/\/kifase.com.br\/a\/","logo":{"@type":"ImageObject","inLanguage":"pt-BR","@id":"https:\/\/kifase.com.br\/a\/#\/schema\/logo\/image\/","url":"https:\/\/kifase.com.br\/a\/wp-content\/uploads\/2022\/03\/kisafe-.jpg","contentUrl":"https:\/\/kifase.com.br\/a\/wp-content\/uploads\/2022\/03\/kisafe-.jpg","width":339,"height":105,"caption":"Kifase Materiais El\u00e9tricos"},"image":{"@id":"https:\/\/kifase.com.br\/a\/#\/schema\/logo\/image\/"},"sameAs":["https:\/\/www.facebook.com\/kifaseloja","https:\/\/www.instagram.com\/kifasemat.e"]}]}},"_links":{"self":[{"href":"https:\/\/kifase.com.br\/a\/wp-json\/wp\/v2\/product\/752","targetHints":{"allow":["GET"]}}],"collection":[{"href":"https:\/\/kifase.com.br\/a\/wp-json\/wp\/v2\/product"}],"about":[{"href":"https:\/\/kifase.com.br\/a\/wp-json\/wp\/v2\/types\/product"}],"replies":[{"embeddable":true,"href":"https:\/\/kifase.com.br\/a\/wp-json\/wp\/v2\/comments?post=752"}],"version-history":[{"count":2,"href":"https:\/\/kifase.com.br\/a\/wp-json\/wp\/v2\/product\/752\/revisions"}],"predecessor-version":[{"id":1124,"href":"https:\/\/kifase.com.br\/a\/wp-json\/wp\/v2\/product\/752\/revisions\/1124"}],"wp:featuredmedia":[{"embeddable":true,"href":"https:\/\/kifase.com.br\/a\/wp-json\/wp\/v2\/media\/754"}],"wp:attachment":[{"href":"https:\/\/kifase.com.br\/a\/wp-json\/wp\/v2\/media?parent=752"}],"wp:term":[{"taxonomy":"product_cat","embeddable":true,"href":"https:\/\/kifase.com.br\/a\/wp-json\/wp\/v2\/product_cat?post=752"},{"taxonomy":"product_tag","embeddable":true,"href":"https:\/\/kifase.com.br\/a\/wp-json\/wp\/v2\/product_tag?post=752"}],"curies":[{"name":"wp","href":"https:\/\/api.w.org\/{rel}","templated":true}]}}