{"id":759,"date":"2022-04-27T21:08:26","date_gmt":"2022-04-28T00:08:26","guid":{"rendered":"https:\/\/kifase.com.br\/a\/?post_type=product&#038;p=759"},"modified":"2022-06-21T21:39:15","modified_gmt":"2022-06-22T00:39:15","slug":"disjuntor-dr-tetrapolar-400v","status":"publish","type":"product","link":"https:\/\/kifase.com.br\/a\/produto\/disjuntor-dr-tetrapolar-400v\/","title":{"rendered":"Dispositivo DR bipolar e tetrapolar"},"content":{"rendered":"<p>Dispositivo DR Bipolar<\/p>\n<p>Como necessidade de aumento da seguran\u00e7a em todas as instala\u00e7\u00f5es el\u00e9tricas em \u00e1reas onde as normas prescrevem a aplica\u00e7\u00e3o de dispositivos de prote\u00e7\u00e3o de corrente residual. Os Interruptores Diferenciais Steck podem ser montados atrav\u00e9s de engate r\u00e1pido em trilho padr\u00e3o DIN 35mm.<\/p>\n<p>Dispositivo DR Tetrapolar<\/p>\n<p>Material de prote\u00e7\u00e3o contra correntes el\u00e9tricas ocasionais que possam passar pelo corpo humano em caso de contatos diretos ou indiretos e, quando a opera\u00e7\u00e3o de dispositivos el\u00e9tricos estiverem entre a corrente residual\/fulga de 30mA a 300mA, de acordo com a sua especifica\u00e7\u00e3o, o Interruptor Diferencial Residual (IDR) dispara. O Interruptor Diferencial Residual (IDR) atua quando as correntes precisam ser interrompidas no menor tempo poss\u00edvel.<\/p>\n","protected":false},"excerpt":{"rendered":"<p>Dispositivo DR Bipolar<\/p>\n<p>Como necessidade de aumento da seguran\u00e7a em todas as instala\u00e7\u00f5es el\u00e9tricas em \u00e1reas onde as normas prescrevem a aplica\u00e7\u00e3o de dispositivos de prote\u00e7\u00e3o de corrente residual. Os Interruptores Diferenciais Steck podem ser montados atrav\u00e9s de engate r\u00e1pido em trilho padr\u00e3o DIN 35mm.<\/p>\n<p>Dispositivo DR Tetrapolar<\/p>\n<p>Material de prote\u00e7\u00e3o contra correntes el\u00e9tricas ocasionais que possam passar pelo corpo humano em caso de contatos diretos ou indiretos e, quando a opera\u00e7\u00e3o de dispositivos el\u00e9tricos estiverem entre a corrente residual\/fulga de 30mA a 300mA, de acordo com a sua especifica\u00e7\u00e3o, o Interruptor Diferencial Residual (IDR) dispara. O Interruptor Diferencial Residual (IDR) atua quando as correntes precisam ser interrompidas no menor tempo poss\u00edvel.<\/p>\n","protected":false},"featured_media":968,"comment_status":"open","ping_status":"closed","template":"","meta":[],"product_cat":[26,45],"product_tag":[],"class_list":["post-759","product","type-product","status-publish","has-post-thumbnail","hentry","product_cat-disjuntor-contador-mini-contador","product_cat-drs-e-dps"],"yoast_head":"<!-- This site is optimized with the Yoast SEO plugin v20.1 - https:\/\/yoast.com\/wordpress\/plugins\/seo\/ -->\n<title>Dispositivo DR bipolar e tetrapolar - Kifase Materiais El\u00e9tricos<\/title>\n<meta name=\"robots\" content=\"index, follow, max-snippet:-1, max-image-preview:large, max-video-preview:-1\" \/>\n<link rel=\"canonical\" href=\"https:\/\/kifase.com.br\/a\/produto\/disjuntor-dr-tetrapolar-400v\/\" \/>\n<meta property=\"og:locale\" content=\"pt_BR\" \/>\n<meta property=\"og:type\" content=\"article\" \/>\n<meta property=\"og:title\" content=\"Dispositivo DR bipolar e tetrapolar - Kifase Materiais El\u00e9tricos\" \/>\n<meta property=\"og:description\" content=\"Dispositivo DR Bipolar  Como necessidade de aumento da seguran\u00e7a em todas as instala\u00e7\u00f5es el\u00e9tricas em \u00e1reas onde as normas prescrevem a aplica\u00e7\u00e3o de dispositivos de prote\u00e7\u00e3o de corrente residual. Os Interruptores Diferenciais Steck podem ser montados atrav\u00e9s de engate r\u00e1pido em trilho padr\u00e3o DIN 35mm.  Dispositivo DR Tetrapolar  Material de prote\u00e7\u00e3o contra correntes el\u00e9tricas ocasionais que possam passar pelo corpo humano em caso de contatos diretos ou indiretos e, quando a opera\u00e7\u00e3o de dispositivos el\u00e9tricos estiverem entre a corrente residual\/fulga de 30mA a 300mA, de acordo com a sua especifica\u00e7\u00e3o, o Interruptor Diferencial Residual (IDR) dispara. O Interruptor Diferencial Residual (IDR) atua quando as correntes precisam ser interrompidas no menor tempo poss\u00edvel.\" \/>\n<meta property=\"og:url\" content=\"https:\/\/kifase.com.br\/a\/produto\/disjuntor-dr-tetrapolar-400v\/\" \/>\n<meta property=\"og:site_name\" content=\"Kifase Materiais El\u00e9tricos\" \/>\n<meta property=\"article:publisher\" content=\"https:\/\/www.facebook.com\/kifaseloja\" \/>\n<meta property=\"article:modified_time\" content=\"2022-06-22T00:39:15+00:00\" \/>\n<meta property=\"og:image\" content=\"https:\/\/kifase.com.br\/a\/wp-content\/uploads\/2022\/04\/bipoloar-tetrapolar.jpg\" \/>\n\t<meta property=\"og:image:width\" content=\"827\" \/>\n\t<meta property=\"og:image:height\" content=\"827\" \/>\n\t<meta property=\"og:image:type\" content=\"image\/jpeg\" \/>\n<meta name=\"twitter:card\" content=\"summary_large_image\" \/>\n<meta name=\"twitter:label1\" content=\"Est. tempo de leitura\" \/>\n\t<meta name=\"twitter:data1\" content=\"1 minuto\" \/>\n<script type=\"application\/ld+json\" class=\"yoast-schema-graph\">{\"@context\":\"https:\/\/schema.org\",\"@graph\":[{\"@type\":\"WebPage\",\"@id\":\"https:\/\/kifase.com.br\/a\/produto\/disjuntor-dr-tetrapolar-400v\/\",\"url\":\"https:\/\/kifase.com.br\/a\/produto\/disjuntor-dr-tetrapolar-400v\/\",\"name\":\"Dispositivo DR bipolar e tetrapolar - Kifase Materiais El\u00e9tricos\",\"isPartOf\":{\"@id\":\"https:\/\/kifase.com.br\/a\/#website\"},\"datePublished\":\"2022-04-28T00:08:26+00:00\",\"dateModified\":\"2022-06-22T00:39:15+00:00\",\"breadcrumb\":{\"@id\":\"https:\/\/kifase.com.br\/a\/produto\/disjuntor-dr-tetrapolar-400v\/#breadcrumb\"},\"inLanguage\":\"pt-BR\",\"potentialAction\":[{\"@type\":\"ReadAction\",\"target\":[\"https:\/\/kifase.com.br\/a\/produto\/disjuntor-dr-tetrapolar-400v\/\"]}]},{\"@type\":\"BreadcrumbList\",\"@id\":\"https:\/\/kifase.com.br\/a\/produto\/disjuntor-dr-tetrapolar-400v\/#breadcrumb\",\"itemListElement\":[{\"@type\":\"ListItem\",\"position\":1,\"name\":\"In\u00edcio\",\"item\":\"https:\/\/kifase.com.br\/a\/\"},{\"@type\":\"ListItem\",\"position\":2,\"name\":\"Loja\",\"item\":\"https:\/\/kifase.com.br\/a\/loja\/\"},{\"@type\":\"ListItem\",\"position\":3,\"name\":\"Dispositivo DR bipolar e tetrapolar\"}]},{\"@type\":\"WebSite\",\"@id\":\"https:\/\/kifase.com.br\/a\/#website\",\"url\":\"https:\/\/kifase.com.br\/a\/\",\"name\":\"Kifase Materiais El\u00e9tricos\",\"description\":\"Materiais el\u00e9tricos, ilumina\u00e7\u00e3o, ferramentas e utilidades.\",\"publisher\":{\"@id\":\"https:\/\/kifase.com.br\/a\/#organization\"},\"potentialAction\":[{\"@type\":\"SearchAction\",\"target\":{\"@type\":\"EntryPoint\",\"urlTemplate\":\"https:\/\/kifase.com.br\/a\/?s={search_term_string}\"},\"query-input\":\"required name=search_term_string\"}],\"inLanguage\":\"pt-BR\"},{\"@type\":\"Organization\",\"@id\":\"https:\/\/kifase.com.br\/a\/#organization\",\"name\":\"Kifase Materiais El\u00e9tricos\",\"url\":\"https:\/\/kifase.com.br\/a\/\",\"logo\":{\"@type\":\"ImageObject\",\"inLanguage\":\"pt-BR\",\"@id\":\"https:\/\/kifase.com.br\/a\/#\/schema\/logo\/image\/\",\"url\":\"https:\/\/kifase.com.br\/a\/wp-content\/uploads\/2022\/03\/kisafe-.jpg\",\"contentUrl\":\"https:\/\/kifase.com.br\/a\/wp-content\/uploads\/2022\/03\/kisafe-.jpg\",\"width\":339,\"height\":105,\"caption\":\"Kifase Materiais El\u00e9tricos\"},\"image\":{\"@id\":\"https:\/\/kifase.com.br\/a\/#\/schema\/logo\/image\/\"},\"sameAs\":[\"https:\/\/www.facebook.com\/kifaseloja\",\"https:\/\/www.instagram.com\/kifasemat.e\"]}]}<\/script>\n<!-- \/ Yoast SEO plugin. -->","yoast_head_json":{"title":"Dispositivo DR bipolar e tetrapolar - Kifase Materiais El\u00e9tricos","robots":{"index":"index","follow":"follow","max-snippet":"max-snippet:-1","max-image-preview":"max-image-preview:large","max-video-preview":"max-video-preview:-1"},"canonical":"https:\/\/kifase.com.br\/a\/produto\/disjuntor-dr-tetrapolar-400v\/","og_locale":"pt_BR","og_type":"article","og_title":"Dispositivo DR bipolar e tetrapolar - Kifase Materiais El\u00e9tricos","og_description":"Dispositivo DR Bipolar  Como necessidade de aumento da seguran\u00e7a em todas as instala\u00e7\u00f5es el\u00e9tricas em \u00e1reas onde as normas prescrevem a aplica\u00e7\u00e3o de dispositivos de prote\u00e7\u00e3o de corrente residual. Os Interruptores Diferenciais Steck podem ser montados atrav\u00e9s de engate r\u00e1pido em trilho padr\u00e3o DIN 35mm.  Dispositivo DR Tetrapolar  Material de prote\u00e7\u00e3o contra correntes el\u00e9tricas ocasionais que possam passar pelo corpo humano em caso de contatos diretos ou indiretos e, quando a opera\u00e7\u00e3o de dispositivos el\u00e9tricos estiverem entre a corrente residual\/fulga de 30mA a 300mA, de acordo com a sua especifica\u00e7\u00e3o, o Interruptor Diferencial Residual (IDR) dispara. O Interruptor Diferencial Residual (IDR) atua quando as correntes precisam ser interrompidas no menor tempo poss\u00edvel.","og_url":"https:\/\/kifase.com.br\/a\/produto\/disjuntor-dr-tetrapolar-400v\/","og_site_name":"Kifase Materiais El\u00e9tricos","article_publisher":"https:\/\/www.facebook.com\/kifaseloja","article_modified_time":"2022-06-22T00:39:15+00:00","og_image":[{"width":827,"height":827,"url":"https:\/\/kifase.com.br\/a\/wp-content\/uploads\/2022\/04\/bipoloar-tetrapolar.jpg","type":"image\/jpeg"}],"twitter_card":"summary_large_image","twitter_misc":{"Est. tempo de leitura":"1 minuto"},"schema":{"@context":"https:\/\/schema.org","@graph":[{"@type":"WebPage","@id":"https:\/\/kifase.com.br\/a\/produto\/disjuntor-dr-tetrapolar-400v\/","url":"https:\/\/kifase.com.br\/a\/produto\/disjuntor-dr-tetrapolar-400v\/","name":"Dispositivo DR bipolar e tetrapolar - Kifase Materiais El\u00e9tricos","isPartOf":{"@id":"https:\/\/kifase.com.br\/a\/#website"},"datePublished":"2022-04-28T00:08:26+00:00","dateModified":"2022-06-22T00:39:15+00:00","breadcrumb":{"@id":"https:\/\/kifase.com.br\/a\/produto\/disjuntor-dr-tetrapolar-400v\/#breadcrumb"},"inLanguage":"pt-BR","potentialAction":[{"@type":"ReadAction","target":["https:\/\/kifase.com.br\/a\/produto\/disjuntor-dr-tetrapolar-400v\/"]}]},{"@type":"BreadcrumbList","@id":"https:\/\/kifase.com.br\/a\/produto\/disjuntor-dr-tetrapolar-400v\/#breadcrumb","itemListElement":[{"@type":"ListItem","position":1,"name":"In\u00edcio","item":"https:\/\/kifase.com.br\/a\/"},{"@type":"ListItem","position":2,"name":"Loja","item":"https:\/\/kifase.com.br\/a\/loja\/"},{"@type":"ListItem","position":3,"name":"Dispositivo DR bipolar e tetrapolar"}]},{"@type":"WebSite","@id":"https:\/\/kifase.com.br\/a\/#website","url":"https:\/\/kifase.com.br\/a\/","name":"Kifase Materiais El\u00e9tricos","description":"Materiais el\u00e9tricos, ilumina\u00e7\u00e3o, ferramentas e utilidades.","publisher":{"@id":"https:\/\/kifase.com.br\/a\/#organization"},"potentialAction":[{"@type":"SearchAction","target":{"@type":"EntryPoint","urlTemplate":"https:\/\/kifase.com.br\/a\/?s={search_term_string}"},"query-input":"required name=search_term_string"}],"inLanguage":"pt-BR"},{"@type":"Organization","@id":"https:\/\/kifase.com.br\/a\/#organization","name":"Kifase Materiais El\u00e9tricos","url":"https:\/\/kifase.com.br\/a\/","logo":{"@type":"ImageObject","inLanguage":"pt-BR","@id":"https:\/\/kifase.com.br\/a\/#\/schema\/logo\/image\/","url":"https:\/\/kifase.com.br\/a\/wp-content\/uploads\/2022\/03\/kisafe-.jpg","contentUrl":"https:\/\/kifase.com.br\/a\/wp-content\/uploads\/2022\/03\/kisafe-.jpg","width":339,"height":105,"caption":"Kifase Materiais El\u00e9tricos"},"image":{"@id":"https:\/\/kifase.com.br\/a\/#\/schema\/logo\/image\/"},"sameAs":["https:\/\/www.facebook.com\/kifaseloja","https:\/\/www.instagram.com\/kifasemat.e"]}]}},"_links":{"self":[{"href":"https:\/\/kifase.com.br\/a\/wp-json\/wp\/v2\/product\/759","targetHints":{"allow":["GET"]}}],"collection":[{"href":"https:\/\/kifase.com.br\/a\/wp-json\/wp\/v2\/product"}],"about":[{"href":"https:\/\/kifase.com.br\/a\/wp-json\/wp\/v2\/types\/product"}],"replies":[{"embeddable":true,"href":"https:\/\/kifase.com.br\/a\/wp-json\/wp\/v2\/comments?post=759"}],"version-history":[{"count":5,"href":"https:\/\/kifase.com.br\/a\/wp-json\/wp\/v2\/product\/759\/revisions"}],"predecessor-version":[{"id":1123,"href":"https:\/\/kifase.com.br\/a\/wp-json\/wp\/v2\/product\/759\/revisions\/1123"}],"wp:featuredmedia":[{"embeddable":true,"href":"https:\/\/kifase.com.br\/a\/wp-json\/wp\/v2\/media\/968"}],"wp:attachment":[{"href":"https:\/\/kifase.com.br\/a\/wp-json\/wp\/v2\/media?parent=759"}],"wp:term":[{"taxonomy":"product_cat","embeddable":true,"href":"https:\/\/kifase.com.br\/a\/wp-json\/wp\/v2\/product_cat?post=759"},{"taxonomy":"product_tag","embeddable":true,"href":"https:\/\/kifase.com.br\/a\/wp-json\/wp\/v2\/product_tag?post=759"}],"curies":[{"name":"wp","href":"https:\/\/api.w.org\/{rel}","templated":true}]}}