{"id":762,"date":"2022-04-27T21:10:33","date_gmt":"2022-04-28T00:10:33","guid":{"rendered":"https:\/\/kifase.com.br\/a\/?post_type=product&#038;p=762"},"modified":"2022-04-27T21:10:33","modified_gmt":"2022-04-28T00:10:33","slug":"dps-ecobox","status":"publish","type":"product","link":"https:\/\/kifase.com.br\/a\/produto\/dps-ecobox\/","title":{"rendered":"DPS Ecobox"},"content":{"rendered":"<p>Os Dispositivos de Prote\u00e7\u00e3o Contra Surtos da Linha DPS Ecobox foram desenvolvidos para proteger a instala\u00e7\u00e3o el\u00e9trica. Dever\u00e1 ser instalado ap\u00f3s os disjuntores do quadro de distribui\u00e7\u00e3o, com fixa\u00e7\u00e3o em trilho TS 35.<br \/>\nVeja o modo de instala\u00e7\u00e3o na p\u00e1gina 12.<br \/>\nEm conformidade com a norma ABNT 5410\/2004 e atende as caracter\u00edsticas das Classes I e II, norma NBR IEC 61643-1, assim tamb\u00e9m como da Classe \u00a8B\u00a8 e \u201cC\u201d, \u00a0norma DIN VDE 0675.<br \/>\nA \u00a0Linha \u00a0DPS ECOBOX, dispon\u00edvel nas vers\u00f5es monopolar, bipolar, tripolar e tetrapolar.<\/p>\n","protected":false},"excerpt":{"rendered":"<p>Os Dispositivos de Prote\u00e7\u00e3o Contra Surtos da Linha DPS Ecobox foram desenvolvidos para proteger a instala\u00e7\u00e3o el\u00e9trica. Dever\u00e1 ser instalado ap\u00f3s os disjuntores do quadro de distribui\u00e7\u00e3o, com fixa\u00e7\u00e3o em trilho TS 35.<br \/>\nVeja o modo de instala\u00e7\u00e3o na p\u00e1gina 12.<br \/>\nEm conformidade com a norma ABNT 5410\/2004 e atende as caracter\u00edsticas das Classes I e II, norma NBR IEC 61643-1, assim tamb\u00e9m como da Classe \u00a8B\u00a8 e \u201cC\u201d, \u00a0norma DIN VDE 0675.<br \/>\nA \u00a0Linha \u00a0DPS ECOBOX, dispon\u00edvel nas vers\u00f5es monopolar, bipolar, tripolar e tetrapolar.<\/p>\n","protected":false},"featured_media":763,"comment_status":"open","ping_status":"closed","template":"","meta":[],"product_cat":[26,45],"product_tag":[],"class_list":["post-762","product","type-product","status-publish","has-post-thumbnail","hentry","product_cat-disjuntor-contador-mini-contador","product_cat-drs-e-dps"],"yoast_head":"<!-- This site is optimized with the Yoast SEO plugin v20.1 - https:\/\/yoast.com\/wordpress\/plugins\/seo\/ -->\n<title>DPS Ecobox - Kifase Materiais El\u00e9tricos<\/title>\n<meta name=\"robots\" content=\"index, follow, max-snippet:-1, max-image-preview:large, max-video-preview:-1\" \/>\n<link rel=\"canonical\" href=\"https:\/\/kifase.com.br\/a\/produto\/dps-ecobox\/\" \/>\n<meta property=\"og:locale\" content=\"pt_BR\" \/>\n<meta property=\"og:type\" content=\"article\" \/>\n<meta property=\"og:title\" content=\"DPS Ecobox - Kifase Materiais El\u00e9tricos\" \/>\n<meta property=\"og:description\" content=\"Os Dispositivos de Prote\u00e7\u00e3o Contra Surtos da Linha DPS Ecobox foram desenvolvidos para proteger a instala\u00e7\u00e3o el\u00e9trica. Dever\u00e1 ser instalado ap\u00f3s os disjuntores do quadro de distribui\u00e7\u00e3o, com fixa\u00e7\u00e3o em trilho TS 35. Veja o modo de instala\u00e7\u00e3o na p\u00e1gina 12. Em conformidade com a norma ABNT 5410\/2004 e atende as caracter\u00edsticas das Classes I e II, norma NBR IEC 61643-1, assim tamb\u00e9m como da Classe \u00a8B\u00a8 e \u201cC\u201d, \u00a0norma DIN VDE 0675. A \u00a0Linha \u00a0DPS ECOBOX, dispon\u00edvel nas vers\u00f5es monopolar, bipolar, tripolar e tetrapolar.\" \/>\n<meta property=\"og:url\" content=\"https:\/\/kifase.com.br\/a\/produto\/dps-ecobox\/\" \/>\n<meta property=\"og:site_name\" content=\"Kifase Materiais El\u00e9tricos\" \/>\n<meta property=\"article:publisher\" content=\"https:\/\/www.facebook.com\/kifaseloja\" \/>\n<meta property=\"og:image\" content=\"https:\/\/kifase.com.br\/a\/wp-content\/uploads\/2022\/04\/disjuntor-ds.jpg\" \/>\n\t<meta property=\"og:image:width\" content=\"827\" \/>\n\t<meta property=\"og:image:height\" content=\"846\" \/>\n\t<meta property=\"og:image:type\" content=\"image\/jpeg\" \/>\n<meta name=\"twitter:card\" content=\"summary_large_image\" \/>\n<script type=\"application\/ld+json\" class=\"yoast-schema-graph\">{\"@context\":\"https:\/\/schema.org\",\"@graph\":[{\"@type\":\"WebPage\",\"@id\":\"https:\/\/kifase.com.br\/a\/produto\/dps-ecobox\/\",\"url\":\"https:\/\/kifase.com.br\/a\/produto\/dps-ecobox\/\",\"name\":\"DPS Ecobox - Kifase Materiais El\u00e9tricos\",\"isPartOf\":{\"@id\":\"https:\/\/kifase.com.br\/a\/#website\"},\"datePublished\":\"2022-04-28T00:10:33+00:00\",\"dateModified\":\"2022-04-28T00:10:33+00:00\",\"breadcrumb\":{\"@id\":\"https:\/\/kifase.com.br\/a\/produto\/dps-ecobox\/#breadcrumb\"},\"inLanguage\":\"pt-BR\",\"potentialAction\":[{\"@type\":\"ReadAction\",\"target\":[\"https:\/\/kifase.com.br\/a\/produto\/dps-ecobox\/\"]}]},{\"@type\":\"BreadcrumbList\",\"@id\":\"https:\/\/kifase.com.br\/a\/produto\/dps-ecobox\/#breadcrumb\",\"itemListElement\":[{\"@type\":\"ListItem\",\"position\":1,\"name\":\"In\u00edcio\",\"item\":\"https:\/\/kifase.com.br\/a\/\"},{\"@type\":\"ListItem\",\"position\":2,\"name\":\"Loja\",\"item\":\"https:\/\/kifase.com.br\/a\/loja\/\"},{\"@type\":\"ListItem\",\"position\":3,\"name\":\"DPS Ecobox\"}]},{\"@type\":\"WebSite\",\"@id\":\"https:\/\/kifase.com.br\/a\/#website\",\"url\":\"https:\/\/kifase.com.br\/a\/\",\"name\":\"Kifase Materiais El\u00e9tricos\",\"description\":\"Materiais el\u00e9tricos, ilumina\u00e7\u00e3o, ferramentas e utilidades.\",\"publisher\":{\"@id\":\"https:\/\/kifase.com.br\/a\/#organization\"},\"potentialAction\":[{\"@type\":\"SearchAction\",\"target\":{\"@type\":\"EntryPoint\",\"urlTemplate\":\"https:\/\/kifase.com.br\/a\/?s={search_term_string}\"},\"query-input\":\"required name=search_term_string\"}],\"inLanguage\":\"pt-BR\"},{\"@type\":\"Organization\",\"@id\":\"https:\/\/kifase.com.br\/a\/#organization\",\"name\":\"Kifase Materiais El\u00e9tricos\",\"url\":\"https:\/\/kifase.com.br\/a\/\",\"logo\":{\"@type\":\"ImageObject\",\"inLanguage\":\"pt-BR\",\"@id\":\"https:\/\/kifase.com.br\/a\/#\/schema\/logo\/image\/\",\"url\":\"https:\/\/kifase.com.br\/a\/wp-content\/uploads\/2022\/03\/kisafe-.jpg\",\"contentUrl\":\"https:\/\/kifase.com.br\/a\/wp-content\/uploads\/2022\/03\/kisafe-.jpg\",\"width\":339,\"height\":105,\"caption\":\"Kifase Materiais El\u00e9tricos\"},\"image\":{\"@id\":\"https:\/\/kifase.com.br\/a\/#\/schema\/logo\/image\/\"},\"sameAs\":[\"https:\/\/www.facebook.com\/kifaseloja\",\"https:\/\/www.instagram.com\/kifasemat.e\"]}]}<\/script>\n<!-- \/ Yoast SEO plugin. -->","yoast_head_json":{"title":"DPS Ecobox - Kifase Materiais El\u00e9tricos","robots":{"index":"index","follow":"follow","max-snippet":"max-snippet:-1","max-image-preview":"max-image-preview:large","max-video-preview":"max-video-preview:-1"},"canonical":"https:\/\/kifase.com.br\/a\/produto\/dps-ecobox\/","og_locale":"pt_BR","og_type":"article","og_title":"DPS Ecobox - Kifase Materiais El\u00e9tricos","og_description":"Os Dispositivos de Prote\u00e7\u00e3o Contra Surtos da Linha DPS Ecobox foram desenvolvidos para proteger a instala\u00e7\u00e3o el\u00e9trica. Dever\u00e1 ser instalado ap\u00f3s os disjuntores do quadro de distribui\u00e7\u00e3o, com fixa\u00e7\u00e3o em trilho TS 35. Veja o modo de instala\u00e7\u00e3o na p\u00e1gina 12. Em conformidade com a norma ABNT 5410\/2004 e atende as caracter\u00edsticas das Classes I e II, norma NBR IEC 61643-1, assim tamb\u00e9m como da Classe \u00a8B\u00a8 e \u201cC\u201d, \u00a0norma DIN VDE 0675. A \u00a0Linha \u00a0DPS ECOBOX, dispon\u00edvel nas vers\u00f5es monopolar, bipolar, tripolar e tetrapolar.","og_url":"https:\/\/kifase.com.br\/a\/produto\/dps-ecobox\/","og_site_name":"Kifase Materiais El\u00e9tricos","article_publisher":"https:\/\/www.facebook.com\/kifaseloja","og_image":[{"width":827,"height":846,"url":"https:\/\/kifase.com.br\/a\/wp-content\/uploads\/2022\/04\/disjuntor-ds.jpg","type":"image\/jpeg"}],"twitter_card":"summary_large_image","schema":{"@context":"https:\/\/schema.org","@graph":[{"@type":"WebPage","@id":"https:\/\/kifase.com.br\/a\/produto\/dps-ecobox\/","url":"https:\/\/kifase.com.br\/a\/produto\/dps-ecobox\/","name":"DPS Ecobox - Kifase Materiais El\u00e9tricos","isPartOf":{"@id":"https:\/\/kifase.com.br\/a\/#website"},"datePublished":"2022-04-28T00:10:33+00:00","dateModified":"2022-04-28T00:10:33+00:00","breadcrumb":{"@id":"https:\/\/kifase.com.br\/a\/produto\/dps-ecobox\/#breadcrumb"},"inLanguage":"pt-BR","potentialAction":[{"@type":"ReadAction","target":["https:\/\/kifase.com.br\/a\/produto\/dps-ecobox\/"]}]},{"@type":"BreadcrumbList","@id":"https:\/\/kifase.com.br\/a\/produto\/dps-ecobox\/#breadcrumb","itemListElement":[{"@type":"ListItem","position":1,"name":"In\u00edcio","item":"https:\/\/kifase.com.br\/a\/"},{"@type":"ListItem","position":2,"name":"Loja","item":"https:\/\/kifase.com.br\/a\/loja\/"},{"@type":"ListItem","position":3,"name":"DPS Ecobox"}]},{"@type":"WebSite","@id":"https:\/\/kifase.com.br\/a\/#website","url":"https:\/\/kifase.com.br\/a\/","name":"Kifase Materiais El\u00e9tricos","description":"Materiais el\u00e9tricos, ilumina\u00e7\u00e3o, ferramentas e utilidades.","publisher":{"@id":"https:\/\/kifase.com.br\/a\/#organization"},"potentialAction":[{"@type":"SearchAction","target":{"@type":"EntryPoint","urlTemplate":"https:\/\/kifase.com.br\/a\/?s={search_term_string}"},"query-input":"required name=search_term_string"}],"inLanguage":"pt-BR"},{"@type":"Organization","@id":"https:\/\/kifase.com.br\/a\/#organization","name":"Kifase Materiais El\u00e9tricos","url":"https:\/\/kifase.com.br\/a\/","logo":{"@type":"ImageObject","inLanguage":"pt-BR","@id":"https:\/\/kifase.com.br\/a\/#\/schema\/logo\/image\/","url":"https:\/\/kifase.com.br\/a\/wp-content\/uploads\/2022\/03\/kisafe-.jpg","contentUrl":"https:\/\/kifase.com.br\/a\/wp-content\/uploads\/2022\/03\/kisafe-.jpg","width":339,"height":105,"caption":"Kifase Materiais El\u00e9tricos"},"image":{"@id":"https:\/\/kifase.com.br\/a\/#\/schema\/logo\/image\/"},"sameAs":["https:\/\/www.facebook.com\/kifaseloja","https:\/\/www.instagram.com\/kifasemat.e"]}]}},"_links":{"self":[{"href":"https:\/\/kifase.com.br\/a\/wp-json\/wp\/v2\/product\/762","targetHints":{"allow":["GET"]}}],"collection":[{"href":"https:\/\/kifase.com.br\/a\/wp-json\/wp\/v2\/product"}],"about":[{"href":"https:\/\/kifase.com.br\/a\/wp-json\/wp\/v2\/types\/product"}],"replies":[{"embeddable":true,"href":"https:\/\/kifase.com.br\/a\/wp-json\/wp\/v2\/comments?post=762"}],"version-history":[{"count":1,"href":"https:\/\/kifase.com.br\/a\/wp-json\/wp\/v2\/product\/762\/revisions"}],"predecessor-version":[{"id":764,"href":"https:\/\/kifase.com.br\/a\/wp-json\/wp\/v2\/product\/762\/revisions\/764"}],"wp:featuredmedia":[{"embeddable":true,"href":"https:\/\/kifase.com.br\/a\/wp-json\/wp\/v2\/media\/763"}],"wp:attachment":[{"href":"https:\/\/kifase.com.br\/a\/wp-json\/wp\/v2\/media?parent=762"}],"wp:term":[{"taxonomy":"product_cat","embeddable":true,"href":"https:\/\/kifase.com.br\/a\/wp-json\/wp\/v2\/product_cat?post=762"},{"taxonomy":"product_tag","embeddable":true,"href":"https:\/\/kifase.com.br\/a\/wp-json\/wp\/v2\/product_tag?post=762"}],"curies":[{"name":"wp","href":"https:\/\/api.w.org\/{rel}","templated":true}]}}