{"id":902,"date":"2022-05-18T20:09:54","date_gmt":"2022-05-18T23:09:54","guid":{"rendered":"https:\/\/kifase.com.br\/a\/?post_type=product&#038;p=902"},"modified":"2022-06-21T21:38:14","modified_gmt":"2022-06-22T00:38:14","slug":"painel-pop-embutir-quadrado-avant","status":"publish","type":"product","link":"https:\/\/kifase.com.br\/a\/produto\/painel-pop-embutir-quadrado-avant\/","title":{"rendered":"Painel POP &#8211; Embutir quadrado &#8211; Avant"},"content":{"rendered":"<p>A linha PAINEL POP EMBUTIR QUADRADO \u00e9 vers\u00e1til e pode ser usada em ambientes residenciais, comerciais e corporativos, proporcionando uma ilumina\u00e7\u00e3o homog\u00eanea com design clean e moderno.<br \/>\nDispon\u00edvel na pot\u00eancia de 18W com corpo em alum\u00ednio e difusor em policarbonato Luz Branca, 6500k<br \/>\nFluxo luminoso constante em toda faixa de tens\u00e3o<br \/>\nTipo de instala\u00e7\u00e3o: Embutir<\/p>\n","protected":false},"excerpt":{"rendered":"<p>A linha PAINEL POP EMBUTIR QUADRADO \u00e9 vers\u00e1til e pode ser usada em ambientes residenciais, comerciais e corporativos, proporcionando uma ilumina\u00e7\u00e3o homog\u00eanea com design clean e moderno.<br \/>\nDispon\u00edvel na pot\u00eancia de 18W com corpo em alum\u00ednio e difusor em policarbonato Luz Branca, 6500k<br \/>\nFluxo luminoso constante em toda faixa de tens\u00e3o<br \/>\nTipo de instala\u00e7\u00e3o: Embutir<br \/>\nCARACTER\u00cdSTICAS DE FUNCIONAMENTO \u203a<br \/>\nTemperatura ambiente: -5\u00b0C a 40\u00b0C.<br \/>\nTens\u00e3o nominal: 100V a 240V.<br \/>\nFator de Pot\u00eancia: \u22650,90 (Painel de 30W) e \u22650,50 (Demais pot\u00eancias)<br \/>\nBaixo consumo de energia<br \/>\nATEN\u00c7\u00c3O: Na instala\u00e7\u00e3o do transformador eletr\u00f4nico, certifique-se de que o mesmo n\u00e3o ficar\u00e1 em contato com a lumin\u00e1ria,<br \/>\npois toda a base da lumin\u00e1ria funciona como dissipador de calor, o que pode causar danos e interfer\u00eancias no funcionamento do transformador.<br \/>\nPara melhor fixa\u00e7\u00e3o do painel POP de embutir, a espessura do forro deve ser de pelo menos 1cm.<br \/>\nPara garantia da vida \u00fatil do painel POP, recomenda-se uma dist\u00e2ncia de pelo menos 10 cm entre o forro e a laje.<\/p>\n","protected":false},"featured_media":923,"comment_status":"open","ping_status":"closed","template":"","meta":[],"product_cat":[23,34],"product_tag":[],"class_list":["post-902","product","type-product","status-publish","has-post-thumbnail","hentry","product_cat-iluminacao","product_cat-plafon-embutir-e-sobrepor"],"yoast_head":"<!-- This site is optimized with the Yoast SEO plugin v20.1 - https:\/\/yoast.com\/wordpress\/plugins\/seo\/ -->\n<title>Painel POP - Embutir quadrado - Avant - Kifase Materiais El\u00e9tricos<\/title>\n<meta name=\"robots\" content=\"index, follow, max-snippet:-1, max-image-preview:large, max-video-preview:-1\" \/>\n<link rel=\"canonical\" href=\"https:\/\/kifase.com.br\/a\/produto\/painel-pop-embutir-quadrado-avant\/\" \/>\n<meta property=\"og:locale\" content=\"pt_BR\" \/>\n<meta property=\"og:type\" content=\"article\" \/>\n<meta property=\"og:title\" content=\"Painel POP - Embutir quadrado - Avant - Kifase Materiais El\u00e9tricos\" \/>\n<meta property=\"og:description\" content=\"A linha PAINEL POP EMBUTIR QUADRADO \u00e9 vers\u00e1til e pode ser usada em ambientes residenciais, comerciais e corporativos, proporcionando uma ilumina\u00e7\u00e3o homog\u00eanea com design clean e moderno. Dispon\u00edvel na pot\u00eancia de 18W com corpo em alum\u00ednio e difusor em policarbonato Luz Branca, 6500k Fluxo luminoso constante em toda faixa de tens\u00e3o Tipo de instala\u00e7\u00e3o: Embutir CARACTER\u00cdSTICAS DE FUNCIONAMENTO \u203a Temperatura ambiente: -5\u00b0C a 40\u00b0C. Tens\u00e3o nominal: 100V a 240V. Fator de Pot\u00eancia: \u22650,90 (Painel de 30W) e \u22650,50 (Demais pot\u00eancias) Baixo consumo de energia ATEN\u00c7\u00c3O: Na instala\u00e7\u00e3o do transformador eletr\u00f4nico, certifique-se de que o mesmo n\u00e3o ficar\u00e1 em contato com a lumin\u00e1ria, pois toda a base da lumin\u00e1ria funciona como dissipador de calor, o que pode causar danos e interfer\u00eancias no funcionamento do transformador. Para melhor fixa\u00e7\u00e3o do painel POP de embutir, a espessura do forro deve ser de pelo menos 1cm. Para garantia da vida \u00fatil do painel POP, recomenda-se uma dist\u00e2ncia de pelo menos 10 cm entre o forro e a laje.\" \/>\n<meta property=\"og:url\" content=\"https:\/\/kifase.com.br\/a\/produto\/painel-pop-embutir-quadrado-avant\/\" \/>\n<meta property=\"og:site_name\" content=\"Kifase Materiais El\u00e9tricos\" \/>\n<meta property=\"article:publisher\" content=\"https:\/\/www.facebook.com\/kifaseloja\" \/>\n<meta property=\"article:modified_time\" content=\"2022-06-22T00:38:14+00:00\" \/>\n<meta property=\"og:image\" content=\"https:\/\/kifase.com.br\/a\/wp-content\/uploads\/2022\/05\/plafon-embutir-quadrado-br.jpg\" \/>\n\t<meta property=\"og:image:width\" content=\"827\" \/>\n\t<meta property=\"og:image:height\" content=\"827\" \/>\n\t<meta property=\"og:image:type\" content=\"image\/jpeg\" \/>\n<meta name=\"twitter:card\" content=\"summary_large_image\" \/>\n<script type=\"application\/ld+json\" class=\"yoast-schema-graph\">{\"@context\":\"https:\/\/schema.org\",\"@graph\":[{\"@type\":\"WebPage\",\"@id\":\"https:\/\/kifase.com.br\/a\/produto\/painel-pop-embutir-quadrado-avant\/\",\"url\":\"https:\/\/kifase.com.br\/a\/produto\/painel-pop-embutir-quadrado-avant\/\",\"name\":\"Painel POP - Embutir quadrado - Avant - Kifase Materiais El\u00e9tricos\",\"isPartOf\":{\"@id\":\"https:\/\/kifase.com.br\/a\/#website\"},\"datePublished\":\"2022-05-18T23:09:54+00:00\",\"dateModified\":\"2022-06-22T00:38:14+00:00\",\"breadcrumb\":{\"@id\":\"https:\/\/kifase.com.br\/a\/produto\/painel-pop-embutir-quadrado-avant\/#breadcrumb\"},\"inLanguage\":\"pt-BR\",\"potentialAction\":[{\"@type\":\"ReadAction\",\"target\":[\"https:\/\/kifase.com.br\/a\/produto\/painel-pop-embutir-quadrado-avant\/\"]}]},{\"@type\":\"BreadcrumbList\",\"@id\":\"https:\/\/kifase.com.br\/a\/produto\/painel-pop-embutir-quadrado-avant\/#breadcrumb\",\"itemListElement\":[{\"@type\":\"ListItem\",\"position\":1,\"name\":\"In\u00edcio\",\"item\":\"https:\/\/kifase.com.br\/a\/\"},{\"@type\":\"ListItem\",\"position\":2,\"name\":\"Loja\",\"item\":\"https:\/\/kifase.com.br\/a\/loja\/\"},{\"@type\":\"ListItem\",\"position\":3,\"name\":\"Painel POP &#8211; Embutir quadrado &#8211; Avant\"}]},{\"@type\":\"WebSite\",\"@id\":\"https:\/\/kifase.com.br\/a\/#website\",\"url\":\"https:\/\/kifase.com.br\/a\/\",\"name\":\"Kifase Materiais El\u00e9tricos\",\"description\":\"Materiais el\u00e9tricos, ilumina\u00e7\u00e3o, ferramentas e utilidades.\",\"publisher\":{\"@id\":\"https:\/\/kifase.com.br\/a\/#organization\"},\"potentialAction\":[{\"@type\":\"SearchAction\",\"target\":{\"@type\":\"EntryPoint\",\"urlTemplate\":\"https:\/\/kifase.com.br\/a\/?s={search_term_string}\"},\"query-input\":\"required name=search_term_string\"}],\"inLanguage\":\"pt-BR\"},{\"@type\":\"Organization\",\"@id\":\"https:\/\/kifase.com.br\/a\/#organization\",\"name\":\"Kifase Materiais El\u00e9tricos\",\"url\":\"https:\/\/kifase.com.br\/a\/\",\"logo\":{\"@type\":\"ImageObject\",\"inLanguage\":\"pt-BR\",\"@id\":\"https:\/\/kifase.com.br\/a\/#\/schema\/logo\/image\/\",\"url\":\"https:\/\/kifase.com.br\/a\/wp-content\/uploads\/2022\/03\/kisafe-.jpg\",\"contentUrl\":\"https:\/\/kifase.com.br\/a\/wp-content\/uploads\/2022\/03\/kisafe-.jpg\",\"width\":339,\"height\":105,\"caption\":\"Kifase Materiais El\u00e9tricos\"},\"image\":{\"@id\":\"https:\/\/kifase.com.br\/a\/#\/schema\/logo\/image\/\"},\"sameAs\":[\"https:\/\/www.facebook.com\/kifaseloja\",\"https:\/\/www.instagram.com\/kifasemat.e\"]}]}<\/script>\n<!-- \/ Yoast SEO plugin. -->","yoast_head_json":{"title":"Painel POP - Embutir quadrado - Avant - Kifase Materiais El\u00e9tricos","robots":{"index":"index","follow":"follow","max-snippet":"max-snippet:-1","max-image-preview":"max-image-preview:large","max-video-preview":"max-video-preview:-1"},"canonical":"https:\/\/kifase.com.br\/a\/produto\/painel-pop-embutir-quadrado-avant\/","og_locale":"pt_BR","og_type":"article","og_title":"Painel POP - Embutir quadrado - Avant - Kifase Materiais El\u00e9tricos","og_description":"A linha PAINEL POP EMBUTIR QUADRADO \u00e9 vers\u00e1til e pode ser usada em ambientes residenciais, comerciais e corporativos, proporcionando uma ilumina\u00e7\u00e3o homog\u00eanea com design clean e moderno. Dispon\u00edvel na pot\u00eancia de 18W com corpo em alum\u00ednio e difusor em policarbonato Luz Branca, 6500k Fluxo luminoso constante em toda faixa de tens\u00e3o Tipo de instala\u00e7\u00e3o: Embutir CARACTER\u00cdSTICAS DE FUNCIONAMENTO \u203a Temperatura ambiente: -5\u00b0C a 40\u00b0C. Tens\u00e3o nominal: 100V a 240V. Fator de Pot\u00eancia: \u22650,90 (Painel de 30W) e \u22650,50 (Demais pot\u00eancias) Baixo consumo de energia ATEN\u00c7\u00c3O: Na instala\u00e7\u00e3o do transformador eletr\u00f4nico, certifique-se de que o mesmo n\u00e3o ficar\u00e1 em contato com a lumin\u00e1ria, pois toda a base da lumin\u00e1ria funciona como dissipador de calor, o que pode causar danos e interfer\u00eancias no funcionamento do transformador. Para melhor fixa\u00e7\u00e3o do painel POP de embutir, a espessura do forro deve ser de pelo menos 1cm. Para garantia da vida \u00fatil do painel POP, recomenda-se uma dist\u00e2ncia de pelo menos 10 cm entre o forro e a laje.","og_url":"https:\/\/kifase.com.br\/a\/produto\/painel-pop-embutir-quadrado-avant\/","og_site_name":"Kifase Materiais El\u00e9tricos","article_publisher":"https:\/\/www.facebook.com\/kifaseloja","article_modified_time":"2022-06-22T00:38:14+00:00","og_image":[{"width":827,"height":827,"url":"https:\/\/kifase.com.br\/a\/wp-content\/uploads\/2022\/05\/plafon-embutir-quadrado-br.jpg","type":"image\/jpeg"}],"twitter_card":"summary_large_image","schema":{"@context":"https:\/\/schema.org","@graph":[{"@type":"WebPage","@id":"https:\/\/kifase.com.br\/a\/produto\/painel-pop-embutir-quadrado-avant\/","url":"https:\/\/kifase.com.br\/a\/produto\/painel-pop-embutir-quadrado-avant\/","name":"Painel POP - Embutir quadrado - Avant - Kifase Materiais El\u00e9tricos","isPartOf":{"@id":"https:\/\/kifase.com.br\/a\/#website"},"datePublished":"2022-05-18T23:09:54+00:00","dateModified":"2022-06-22T00:38:14+00:00","breadcrumb":{"@id":"https:\/\/kifase.com.br\/a\/produto\/painel-pop-embutir-quadrado-avant\/#breadcrumb"},"inLanguage":"pt-BR","potentialAction":[{"@type":"ReadAction","target":["https:\/\/kifase.com.br\/a\/produto\/painel-pop-embutir-quadrado-avant\/"]}]},{"@type":"BreadcrumbList","@id":"https:\/\/kifase.com.br\/a\/produto\/painel-pop-embutir-quadrado-avant\/#breadcrumb","itemListElement":[{"@type":"ListItem","position":1,"name":"In\u00edcio","item":"https:\/\/kifase.com.br\/a\/"},{"@type":"ListItem","position":2,"name":"Loja","item":"https:\/\/kifase.com.br\/a\/loja\/"},{"@type":"ListItem","position":3,"name":"Painel POP &#8211; Embutir quadrado &#8211; Avant"}]},{"@type":"WebSite","@id":"https:\/\/kifase.com.br\/a\/#website","url":"https:\/\/kifase.com.br\/a\/","name":"Kifase Materiais El\u00e9tricos","description":"Materiais el\u00e9tricos, ilumina\u00e7\u00e3o, ferramentas e utilidades.","publisher":{"@id":"https:\/\/kifase.com.br\/a\/#organization"},"potentialAction":[{"@type":"SearchAction","target":{"@type":"EntryPoint","urlTemplate":"https:\/\/kifase.com.br\/a\/?s={search_term_string}"},"query-input":"required name=search_term_string"}],"inLanguage":"pt-BR"},{"@type":"Organization","@id":"https:\/\/kifase.com.br\/a\/#organization","name":"Kifase Materiais El\u00e9tricos","url":"https:\/\/kifase.com.br\/a\/","logo":{"@type":"ImageObject","inLanguage":"pt-BR","@id":"https:\/\/kifase.com.br\/a\/#\/schema\/logo\/image\/","url":"https:\/\/kifase.com.br\/a\/wp-content\/uploads\/2022\/03\/kisafe-.jpg","contentUrl":"https:\/\/kifase.com.br\/a\/wp-content\/uploads\/2022\/03\/kisafe-.jpg","width":339,"height":105,"caption":"Kifase Materiais El\u00e9tricos"},"image":{"@id":"https:\/\/kifase.com.br\/a\/#\/schema\/logo\/image\/"},"sameAs":["https:\/\/www.facebook.com\/kifaseloja","https:\/\/www.instagram.com\/kifasemat.e"]}]}},"_links":{"self":[{"href":"https:\/\/kifase.com.br\/a\/wp-json\/wp\/v2\/product\/902","targetHints":{"allow":["GET"]}}],"collection":[{"href":"https:\/\/kifase.com.br\/a\/wp-json\/wp\/v2\/product"}],"about":[{"href":"https:\/\/kifase.com.br\/a\/wp-json\/wp\/v2\/types\/product"}],"replies":[{"embeddable":true,"href":"https:\/\/kifase.com.br\/a\/wp-json\/wp\/v2\/comments?post=902"}],"version-history":[{"count":4,"href":"https:\/\/kifase.com.br\/a\/wp-json\/wp\/v2\/product\/902\/revisions"}],"predecessor-version":[{"id":1119,"href":"https:\/\/kifase.com.br\/a\/wp-json\/wp\/v2\/product\/902\/revisions\/1119"}],"wp:featuredmedia":[{"embeddable":true,"href":"https:\/\/kifase.com.br\/a\/wp-json\/wp\/v2\/media\/923"}],"wp:attachment":[{"href":"https:\/\/kifase.com.br\/a\/wp-json\/wp\/v2\/media?parent=902"}],"wp:term":[{"taxonomy":"product_cat","embeddable":true,"href":"https:\/\/kifase.com.br\/a\/wp-json\/wp\/v2\/product_cat?post=902"},{"taxonomy":"product_tag","embeddable":true,"href":"https:\/\/kifase.com.br\/a\/wp-json\/wp\/v2\/product_tag?post=902"}],"curies":[{"name":"wp","href":"https:\/\/api.w.org\/{rel}","templated":true}]}}