{"id":906,"date":"2022-05-18T20:17:10","date_gmt":"2022-05-18T23:17:10","guid":{"rendered":"https:\/\/kifase.com.br\/a\/?post_type=product&#038;p=906"},"modified":"2022-06-21T21:38:04","modified_gmt":"2022-06-22T00:38:04","slug":"painel-pop-embutir-redondo-avant-copia","status":"publish","type":"product","link":"https:\/\/kifase.com.br\/a\/produto\/painel-pop-embutir-redondo-avant-copia\/","title":{"rendered":"Painel POP &#8211; Embutir redondo &#8211; Avant"},"content":{"rendered":"<p>PAINEL POP EMBUTIR REDONDO 18W &#8211; Avant<\/p>\n<p>A linha Painel Pop Embutir Redondo \u00e9 vers\u00e1til e pode ser usada em ambientes residenciais, comerciais e corporativos, proporcionando uma ilumina\u00e7\u00e3o homog\u00eanea com design clean e moderno.<\/p>\n","protected":false},"excerpt":{"rendered":"<p>PAINEL POP EMBUTIR REDONDO 18W &#8211; Avant<\/p>\n<p>A linha Painel Pop Embutir Redondo \u00e9 vers\u00e1til e pode ser usada em ambientes residenciais, comerciais e corporativos, proporcionando uma ilumina\u00e7\u00e3o homog\u00eanea com design clean e moderno.<\/p>\n<p>Informa\u00e7\u00f5es t\u00e9cnicas:<br \/>\n&#8211; Tipo de instala\u00e7\u00e3o : Embutir.<br \/>\n&#8211; Tens\u00e3o nominal : 100V a 240V.<br \/>\n&#8211; Fator de pot\u00eancia : &gt; 0,50.<br \/>\n&#8211; \u00cdndice de Prote\u00e7\u00e3o : IP20<br \/>\n&#8211; \u00c2ngulo de Abertura : 120\u00ba<br \/>\n&#8211; IRC &#8211; \u00cdndice de Reprodu\u00e7\u00e3o de Cores : &gt; 70<br \/>\n&#8211; P\u00f4tencia : 18W<br \/>\n&#8211; Fluxo Luminoso : 1260 Lumens<br \/>\n&#8211; Efici\u00eancia Luminosa : 70 Lumens \/ W<br \/>\n&#8211; Temperatura de Cor : 6500K<br \/>\n&#8211; Emiss\u00e3o de Cor : Branco Frio<br \/>\n&#8211; Dimens\u00f5es : 22 cm de di\u00e2metro x 1.8 cm de altura.<br \/>\n&#8211; Vida \u00fatil nominal de at\u00e9 25 mil horas.<\/p>\n","protected":false},"featured_media":907,"comment_status":"open","ping_status":"closed","template":"","meta":[],"product_cat":[23,34],"product_tag":[],"class_list":["post-906","product","type-product","status-publish","has-post-thumbnail","hentry","product_cat-iluminacao","product_cat-plafon-embutir-e-sobrepor"],"yoast_head":"<!-- This site is optimized with the Yoast SEO plugin v20.1 - https:\/\/yoast.com\/wordpress\/plugins\/seo\/ -->\n<title>Painel POP - Embutir redondo - Avant - Kifase Materiais El\u00e9tricos<\/title>\n<meta name=\"robots\" content=\"index, follow, max-snippet:-1, max-image-preview:large, max-video-preview:-1\" \/>\n<link rel=\"canonical\" href=\"https:\/\/kifase.com.br\/a\/produto\/painel-pop-embutir-redondo-avant-copia\/\" \/>\n<meta property=\"og:locale\" content=\"pt_BR\" \/>\n<meta property=\"og:type\" content=\"article\" \/>\n<meta property=\"og:title\" content=\"Painel POP - Embutir redondo - Avant - Kifase Materiais El\u00e9tricos\" \/>\n<meta property=\"og:description\" content=\"PAINEL POP EMBUTIR REDONDO 18W - Avant  A linha Painel Pop Embutir Redondo \u00e9 vers\u00e1til e pode ser usada em ambientes residenciais, comerciais e corporativos, proporcionando uma ilumina\u00e7\u00e3o homog\u00eanea com design clean e moderno.  Informa\u00e7\u00f5es t\u00e9cnicas: - Tipo de instala\u00e7\u00e3o : Embutir. - Tens\u00e3o nominal : 100V a 240V. - Fator de pot\u00eancia : &gt; 0,50. - \u00cdndice de Prote\u00e7\u00e3o : IP20 - \u00c2ngulo de Abertura : 120\u00ba - IRC - \u00cdndice de Reprodu\u00e7\u00e3o de Cores : &gt; 70 - P\u00f4tencia : 18W - Fluxo Luminoso : 1260 Lumens - Efici\u00eancia Luminosa : 70 Lumens \/ W - Temperatura de Cor : 6500K - Emiss\u00e3o de Cor : Branco Frio - Dimens\u00f5es : 22 cm de di\u00e2metro x 1.8 cm de altura. - Vida \u00fatil nominal de at\u00e9 25 mil horas.\" \/>\n<meta property=\"og:url\" content=\"https:\/\/kifase.com.br\/a\/produto\/painel-pop-embutir-redondo-avant-copia\/\" \/>\n<meta property=\"og:site_name\" content=\"Kifase Materiais El\u00e9tricos\" \/>\n<meta property=\"article:publisher\" content=\"https:\/\/www.facebook.com\/kifaseloja\" \/>\n<meta property=\"article:modified_time\" content=\"2022-06-22T00:38:04+00:00\" \/>\n<meta property=\"og:image\" content=\"https:\/\/kifase.com.br\/a\/wp-content\/uploads\/2022\/05\/red-emb-plafon.jpg\" \/>\n\t<meta property=\"og:image:width\" content=\"827\" \/>\n\t<meta property=\"og:image:height\" content=\"827\" \/>\n\t<meta property=\"og:image:type\" content=\"image\/jpeg\" \/>\n<meta name=\"twitter:card\" content=\"summary_large_image\" \/>\n<script type=\"application\/ld+json\" class=\"yoast-schema-graph\">{\"@context\":\"https:\/\/schema.org\",\"@graph\":[{\"@type\":\"WebPage\",\"@id\":\"https:\/\/kifase.com.br\/a\/produto\/painel-pop-embutir-redondo-avant-copia\/\",\"url\":\"https:\/\/kifase.com.br\/a\/produto\/painel-pop-embutir-redondo-avant-copia\/\",\"name\":\"Painel POP - Embutir redondo - Avant - Kifase Materiais El\u00e9tricos\",\"isPartOf\":{\"@id\":\"https:\/\/kifase.com.br\/a\/#website\"},\"datePublished\":\"2022-05-18T23:17:10+00:00\",\"dateModified\":\"2022-06-22T00:38:04+00:00\",\"breadcrumb\":{\"@id\":\"https:\/\/kifase.com.br\/a\/produto\/painel-pop-embutir-redondo-avant-copia\/#breadcrumb\"},\"inLanguage\":\"pt-BR\",\"potentialAction\":[{\"@type\":\"ReadAction\",\"target\":[\"https:\/\/kifase.com.br\/a\/produto\/painel-pop-embutir-redondo-avant-copia\/\"]}]},{\"@type\":\"BreadcrumbList\",\"@id\":\"https:\/\/kifase.com.br\/a\/produto\/painel-pop-embutir-redondo-avant-copia\/#breadcrumb\",\"itemListElement\":[{\"@type\":\"ListItem\",\"position\":1,\"name\":\"In\u00edcio\",\"item\":\"https:\/\/kifase.com.br\/a\/\"},{\"@type\":\"ListItem\",\"position\":2,\"name\":\"Loja\",\"item\":\"https:\/\/kifase.com.br\/a\/loja\/\"},{\"@type\":\"ListItem\",\"position\":3,\"name\":\"Painel POP &#8211; Embutir redondo &#8211; Avant\"}]},{\"@type\":\"WebSite\",\"@id\":\"https:\/\/kifase.com.br\/a\/#website\",\"url\":\"https:\/\/kifase.com.br\/a\/\",\"name\":\"Kifase Materiais El\u00e9tricos\",\"description\":\"Materiais el\u00e9tricos, ilumina\u00e7\u00e3o, ferramentas e utilidades.\",\"publisher\":{\"@id\":\"https:\/\/kifase.com.br\/a\/#organization\"},\"potentialAction\":[{\"@type\":\"SearchAction\",\"target\":{\"@type\":\"EntryPoint\",\"urlTemplate\":\"https:\/\/kifase.com.br\/a\/?s={search_term_string}\"},\"query-input\":\"required name=search_term_string\"}],\"inLanguage\":\"pt-BR\"},{\"@type\":\"Organization\",\"@id\":\"https:\/\/kifase.com.br\/a\/#organization\",\"name\":\"Kifase Materiais El\u00e9tricos\",\"url\":\"https:\/\/kifase.com.br\/a\/\",\"logo\":{\"@type\":\"ImageObject\",\"inLanguage\":\"pt-BR\",\"@id\":\"https:\/\/kifase.com.br\/a\/#\/schema\/logo\/image\/\",\"url\":\"https:\/\/kifase.com.br\/a\/wp-content\/uploads\/2022\/03\/kisafe-.jpg\",\"contentUrl\":\"https:\/\/kifase.com.br\/a\/wp-content\/uploads\/2022\/03\/kisafe-.jpg\",\"width\":339,\"height\":105,\"caption\":\"Kifase Materiais El\u00e9tricos\"},\"image\":{\"@id\":\"https:\/\/kifase.com.br\/a\/#\/schema\/logo\/image\/\"},\"sameAs\":[\"https:\/\/www.facebook.com\/kifaseloja\",\"https:\/\/www.instagram.com\/kifasemat.e\"]}]}<\/script>\n<!-- \/ Yoast SEO plugin. -->","yoast_head_json":{"title":"Painel POP - Embutir redondo - Avant - Kifase Materiais El\u00e9tricos","robots":{"index":"index","follow":"follow","max-snippet":"max-snippet:-1","max-image-preview":"max-image-preview:large","max-video-preview":"max-video-preview:-1"},"canonical":"https:\/\/kifase.com.br\/a\/produto\/painel-pop-embutir-redondo-avant-copia\/","og_locale":"pt_BR","og_type":"article","og_title":"Painel POP - Embutir redondo - Avant - Kifase Materiais El\u00e9tricos","og_description":"PAINEL POP EMBUTIR REDONDO 18W - Avant  A linha Painel Pop Embutir Redondo \u00e9 vers\u00e1til e pode ser usada em ambientes residenciais, comerciais e corporativos, proporcionando uma ilumina\u00e7\u00e3o homog\u00eanea com design clean e moderno.  Informa\u00e7\u00f5es t\u00e9cnicas: - Tipo de instala\u00e7\u00e3o : Embutir. - Tens\u00e3o nominal : 100V a 240V. - Fator de pot\u00eancia : &gt; 0,50. - \u00cdndice de Prote\u00e7\u00e3o : IP20 - \u00c2ngulo de Abertura : 120\u00ba - IRC - \u00cdndice de Reprodu\u00e7\u00e3o de Cores : &gt; 70 - P\u00f4tencia : 18W - Fluxo Luminoso : 1260 Lumens - Efici\u00eancia Luminosa : 70 Lumens \/ W - Temperatura de Cor : 6500K - Emiss\u00e3o de Cor : Branco Frio - Dimens\u00f5es : 22 cm de di\u00e2metro x 1.8 cm de altura. - Vida \u00fatil nominal de at\u00e9 25 mil horas.","og_url":"https:\/\/kifase.com.br\/a\/produto\/painel-pop-embutir-redondo-avant-copia\/","og_site_name":"Kifase Materiais El\u00e9tricos","article_publisher":"https:\/\/www.facebook.com\/kifaseloja","article_modified_time":"2022-06-22T00:38:04+00:00","og_image":[{"width":827,"height":827,"url":"https:\/\/kifase.com.br\/a\/wp-content\/uploads\/2022\/05\/red-emb-plafon.jpg","type":"image\/jpeg"}],"twitter_card":"summary_large_image","schema":{"@context":"https:\/\/schema.org","@graph":[{"@type":"WebPage","@id":"https:\/\/kifase.com.br\/a\/produto\/painel-pop-embutir-redondo-avant-copia\/","url":"https:\/\/kifase.com.br\/a\/produto\/painel-pop-embutir-redondo-avant-copia\/","name":"Painel POP - Embutir redondo - Avant - Kifase Materiais El\u00e9tricos","isPartOf":{"@id":"https:\/\/kifase.com.br\/a\/#website"},"datePublished":"2022-05-18T23:17:10+00:00","dateModified":"2022-06-22T00:38:04+00:00","breadcrumb":{"@id":"https:\/\/kifase.com.br\/a\/produto\/painel-pop-embutir-redondo-avant-copia\/#breadcrumb"},"inLanguage":"pt-BR","potentialAction":[{"@type":"ReadAction","target":["https:\/\/kifase.com.br\/a\/produto\/painel-pop-embutir-redondo-avant-copia\/"]}]},{"@type":"BreadcrumbList","@id":"https:\/\/kifase.com.br\/a\/produto\/painel-pop-embutir-redondo-avant-copia\/#breadcrumb","itemListElement":[{"@type":"ListItem","position":1,"name":"In\u00edcio","item":"https:\/\/kifase.com.br\/a\/"},{"@type":"ListItem","position":2,"name":"Loja","item":"https:\/\/kifase.com.br\/a\/loja\/"},{"@type":"ListItem","position":3,"name":"Painel POP &#8211; Embutir redondo &#8211; Avant"}]},{"@type":"WebSite","@id":"https:\/\/kifase.com.br\/a\/#website","url":"https:\/\/kifase.com.br\/a\/","name":"Kifase Materiais El\u00e9tricos","description":"Materiais el\u00e9tricos, ilumina\u00e7\u00e3o, ferramentas e utilidades.","publisher":{"@id":"https:\/\/kifase.com.br\/a\/#organization"},"potentialAction":[{"@type":"SearchAction","target":{"@type":"EntryPoint","urlTemplate":"https:\/\/kifase.com.br\/a\/?s={search_term_string}"},"query-input":"required name=search_term_string"}],"inLanguage":"pt-BR"},{"@type":"Organization","@id":"https:\/\/kifase.com.br\/a\/#organization","name":"Kifase Materiais El\u00e9tricos","url":"https:\/\/kifase.com.br\/a\/","logo":{"@type":"ImageObject","inLanguage":"pt-BR","@id":"https:\/\/kifase.com.br\/a\/#\/schema\/logo\/image\/","url":"https:\/\/kifase.com.br\/a\/wp-content\/uploads\/2022\/03\/kisafe-.jpg","contentUrl":"https:\/\/kifase.com.br\/a\/wp-content\/uploads\/2022\/03\/kisafe-.jpg","width":339,"height":105,"caption":"Kifase Materiais El\u00e9tricos"},"image":{"@id":"https:\/\/kifase.com.br\/a\/#\/schema\/logo\/image\/"},"sameAs":["https:\/\/www.facebook.com\/kifaseloja","https:\/\/www.instagram.com\/kifasemat.e"]}]}},"_links":{"self":[{"href":"https:\/\/kifase.com.br\/a\/wp-json\/wp\/v2\/product\/906","targetHints":{"allow":["GET"]}}],"collection":[{"href":"https:\/\/kifase.com.br\/a\/wp-json\/wp\/v2\/product"}],"about":[{"href":"https:\/\/kifase.com.br\/a\/wp-json\/wp\/v2\/types\/product"}],"replies":[{"embeddable":true,"href":"https:\/\/kifase.com.br\/a\/wp-json\/wp\/v2\/comments?post=906"}],"version-history":[{"count":3,"href":"https:\/\/kifase.com.br\/a\/wp-json\/wp\/v2\/product\/906\/revisions"}],"predecessor-version":[{"id":1118,"href":"https:\/\/kifase.com.br\/a\/wp-json\/wp\/v2\/product\/906\/revisions\/1118"}],"wp:featuredmedia":[{"embeddable":true,"href":"https:\/\/kifase.com.br\/a\/wp-json\/wp\/v2\/media\/907"}],"wp:attachment":[{"href":"https:\/\/kifase.com.br\/a\/wp-json\/wp\/v2\/media?parent=906"}],"wp:term":[{"taxonomy":"product_cat","embeddable":true,"href":"https:\/\/kifase.com.br\/a\/wp-json\/wp\/v2\/product_cat?post=906"},{"taxonomy":"product_tag","embeddable":true,"href":"https:\/\/kifase.com.br\/a\/wp-json\/wp\/v2\/product_tag?post=906"}],"curies":[{"name":"wp","href":"https:\/\/api.w.org\/{rel}","templated":true}]}}