{"id":910,"date":"2022-05-18T20:23:28","date_gmt":"2022-05-18T23:23:28","guid":{"rendered":"https:\/\/kifase.com.br\/a\/?post_type=product&#038;p=910"},"modified":"2022-06-21T21:37:44","modified_gmt":"2022-06-22T00:37:44","slug":"painel-pop-sobrepor-quadrado-avant-luz-amarela","status":"publish","type":"product","link":"https:\/\/kifase.com.br\/a\/produto\/painel-pop-sobrepor-quadrado-avant-luz-amarela\/","title":{"rendered":"Painel POP &#8211; Sobrepor redondo &#8211; Avant (Luz Amarela)"},"content":{"rendered":"<p>Os Pain\u00e9is POP Sobrepor est\u00e3o dispon\u00edveis nos formatos quadrado e redondo, vers\u00e1til, proporcionando uma ilumina\u00e7\u00e3o homog\u00eanea com design clean e moderno \u00e9 indicado para instala\u00e7\u00f5es diretamente sobre a caixa de passagem, em superf\u00edcies de alvenaria ou concreto.<\/p>\n","protected":false},"excerpt":{"rendered":"<p>Os Pain\u00e9is POP Sobrepor est\u00e3o dispon\u00edveis nos formatos quadrado e redondo, vers\u00e1til, proporcionando uma ilumina\u00e7\u00e3o homog\u00eanea com design clean e moderno \u00e9 indicado para instala\u00e7\u00f5es diretamente sobre a caixa de passagem, em superf\u00edcies de alvenaria ou concreto.<\/p>\n<p>VANTAGENS<br \/>\n&#8211; Fluxo luminoso constante em toda faixa de tens\u00e3o<br \/>\n&#8211; Tipo de instala\u00e7\u00e3o: Sobrepor<\/p>\n<p>INFORMA\u00c7\u00d5ES T\u00c9CNICAS<br \/>\n&#8211; Material:\u00a0 Corpo em alum\u00ednio com difusor em policarbonato<br \/>\n&#8211; Tens\u00e3o de entrada: 100V a 240V<br \/>\n&#8211; Pot\u00eancia: 24 Watts<br \/>\n&#8211; Tens\u00e3o: 100V \u2013 240V Bivolt \u2013 Autom\u00e1tico<br \/>\n&#8211; \u00c2ngulo de Abertura: 120\u00b0<br \/>\n&#8211; Emiss\u00e3o de Cor: Amarela<br \/>\n&#8211; Temperatura de Cor: 3000k<br \/>\n&#8211; Garantia: 12 meses<\/p>\n","protected":false},"featured_media":911,"comment_status":"open","ping_status":"closed","template":"","meta":[],"product_cat":[23,34],"product_tag":[],"class_list":["post-910","product","type-product","status-publish","has-post-thumbnail","hentry","product_cat-iluminacao","product_cat-plafon-embutir-e-sobrepor"],"yoast_head":"<!-- This site is optimized with the Yoast SEO plugin v20.1 - https:\/\/yoast.com\/wordpress\/plugins\/seo\/ -->\n<title>Painel POP - Sobrepor redondo - Avant (Luz Amarela) - Kifase Materiais El\u00e9tricos<\/title>\n<meta name=\"robots\" content=\"index, follow, max-snippet:-1, max-image-preview:large, max-video-preview:-1\" \/>\n<link rel=\"canonical\" href=\"https:\/\/kifase.com.br\/a\/produto\/painel-pop-sobrepor-quadrado-avant-luz-amarela\/\" \/>\n<meta property=\"og:locale\" content=\"pt_BR\" \/>\n<meta property=\"og:type\" content=\"article\" \/>\n<meta property=\"og:title\" content=\"Painel POP - Sobrepor redondo - Avant (Luz Amarela) - Kifase Materiais El\u00e9tricos\" \/>\n<meta property=\"og:description\" content=\"Os Pain\u00e9is POP Sobrepor est\u00e3o dispon\u00edveis nos formatos quadrado e redondo, vers\u00e1til, proporcionando uma ilumina\u00e7\u00e3o homog\u00eanea com design clean e moderno \u00e9 indicado para instala\u00e7\u00f5es diretamente sobre a caixa de passagem, em superf\u00edcies de alvenaria ou concreto.  VANTAGENS - Fluxo luminoso constante em toda faixa de tens\u00e3o - Tipo de instala\u00e7\u00e3o: Sobrepor  INFORMA\u00c7\u00d5ES T\u00c9CNICAS - Material:\u00a0 Corpo em alum\u00ednio com difusor em policarbonato - Tens\u00e3o de entrada: 100V a 240V - Pot\u00eancia: 24 Watts - Tens\u00e3o: 100V \u2013 240V Bivolt \u2013 Autom\u00e1tico - \u00c2ngulo de Abertura: 120\u00b0 - Emiss\u00e3o de Cor: Amarela - Temperatura de Cor: 3000k - Garantia: 12 meses\" \/>\n<meta property=\"og:url\" content=\"https:\/\/kifase.com.br\/a\/produto\/painel-pop-sobrepor-quadrado-avant-luz-amarela\/\" \/>\n<meta property=\"og:site_name\" content=\"Kifase Materiais El\u00e9tricos\" \/>\n<meta property=\"article:publisher\" content=\"https:\/\/www.facebook.com\/kifaseloja\" \/>\n<meta property=\"article:modified_time\" content=\"2022-06-22T00:37:44+00:00\" \/>\n<meta property=\"og:image\" content=\"https:\/\/kifase.com.br\/a\/wp-content\/uploads\/2022\/05\/red-sobre-amarela-plafon.jpg\" \/>\n\t<meta property=\"og:image:width\" content=\"827\" \/>\n\t<meta property=\"og:image:height\" content=\"827\" \/>\n\t<meta property=\"og:image:type\" content=\"image\/jpeg\" \/>\n<meta name=\"twitter:card\" content=\"summary_large_image\" \/>\n<script type=\"application\/ld+json\" class=\"yoast-schema-graph\">{\"@context\":\"https:\/\/schema.org\",\"@graph\":[{\"@type\":\"WebPage\",\"@id\":\"https:\/\/kifase.com.br\/a\/produto\/painel-pop-sobrepor-quadrado-avant-luz-amarela\/\",\"url\":\"https:\/\/kifase.com.br\/a\/produto\/painel-pop-sobrepor-quadrado-avant-luz-amarela\/\",\"name\":\"Painel POP - Sobrepor redondo - Avant (Luz Amarela) - Kifase Materiais El\u00e9tricos\",\"isPartOf\":{\"@id\":\"https:\/\/kifase.com.br\/a\/#website\"},\"datePublished\":\"2022-05-18T23:23:28+00:00\",\"dateModified\":\"2022-06-22T00:37:44+00:00\",\"breadcrumb\":{\"@id\":\"https:\/\/kifase.com.br\/a\/produto\/painel-pop-sobrepor-quadrado-avant-luz-amarela\/#breadcrumb\"},\"inLanguage\":\"pt-BR\",\"potentialAction\":[{\"@type\":\"ReadAction\",\"target\":[\"https:\/\/kifase.com.br\/a\/produto\/painel-pop-sobrepor-quadrado-avant-luz-amarela\/\"]}]},{\"@type\":\"BreadcrumbList\",\"@id\":\"https:\/\/kifase.com.br\/a\/produto\/painel-pop-sobrepor-quadrado-avant-luz-amarela\/#breadcrumb\",\"itemListElement\":[{\"@type\":\"ListItem\",\"position\":1,\"name\":\"In\u00edcio\",\"item\":\"https:\/\/kifase.com.br\/a\/\"},{\"@type\":\"ListItem\",\"position\":2,\"name\":\"Loja\",\"item\":\"https:\/\/kifase.com.br\/a\/loja\/\"},{\"@type\":\"ListItem\",\"position\":3,\"name\":\"Painel POP &#8211; Sobrepor redondo &#8211; Avant (Luz Amarela)\"}]},{\"@type\":\"WebSite\",\"@id\":\"https:\/\/kifase.com.br\/a\/#website\",\"url\":\"https:\/\/kifase.com.br\/a\/\",\"name\":\"Kifase Materiais El\u00e9tricos\",\"description\":\"Materiais el\u00e9tricos, ilumina\u00e7\u00e3o, ferramentas e utilidades.\",\"publisher\":{\"@id\":\"https:\/\/kifase.com.br\/a\/#organization\"},\"potentialAction\":[{\"@type\":\"SearchAction\",\"target\":{\"@type\":\"EntryPoint\",\"urlTemplate\":\"https:\/\/kifase.com.br\/a\/?s={search_term_string}\"},\"query-input\":\"required name=search_term_string\"}],\"inLanguage\":\"pt-BR\"},{\"@type\":\"Organization\",\"@id\":\"https:\/\/kifase.com.br\/a\/#organization\",\"name\":\"Kifase Materiais El\u00e9tricos\",\"url\":\"https:\/\/kifase.com.br\/a\/\",\"logo\":{\"@type\":\"ImageObject\",\"inLanguage\":\"pt-BR\",\"@id\":\"https:\/\/kifase.com.br\/a\/#\/schema\/logo\/image\/\",\"url\":\"https:\/\/kifase.com.br\/a\/wp-content\/uploads\/2022\/03\/kisafe-.jpg\",\"contentUrl\":\"https:\/\/kifase.com.br\/a\/wp-content\/uploads\/2022\/03\/kisafe-.jpg\",\"width\":339,\"height\":105,\"caption\":\"Kifase Materiais El\u00e9tricos\"},\"image\":{\"@id\":\"https:\/\/kifase.com.br\/a\/#\/schema\/logo\/image\/\"},\"sameAs\":[\"https:\/\/www.facebook.com\/kifaseloja\",\"https:\/\/www.instagram.com\/kifasemat.e\"]}]}<\/script>\n<!-- \/ Yoast SEO plugin. -->","yoast_head_json":{"title":"Painel POP - Sobrepor redondo - Avant (Luz Amarela) - Kifase Materiais El\u00e9tricos","robots":{"index":"index","follow":"follow","max-snippet":"max-snippet:-1","max-image-preview":"max-image-preview:large","max-video-preview":"max-video-preview:-1"},"canonical":"https:\/\/kifase.com.br\/a\/produto\/painel-pop-sobrepor-quadrado-avant-luz-amarela\/","og_locale":"pt_BR","og_type":"article","og_title":"Painel POP - Sobrepor redondo - Avant (Luz Amarela) - Kifase Materiais El\u00e9tricos","og_description":"Os Pain\u00e9is POP Sobrepor est\u00e3o dispon\u00edveis nos formatos quadrado e redondo, vers\u00e1til, proporcionando uma ilumina\u00e7\u00e3o homog\u00eanea com design clean e moderno \u00e9 indicado para instala\u00e7\u00f5es diretamente sobre a caixa de passagem, em superf\u00edcies de alvenaria ou concreto.  VANTAGENS - Fluxo luminoso constante em toda faixa de tens\u00e3o - Tipo de instala\u00e7\u00e3o: Sobrepor  INFORMA\u00c7\u00d5ES T\u00c9CNICAS - Material:\u00a0 Corpo em alum\u00ednio com difusor em policarbonato - Tens\u00e3o de entrada: 100V a 240V - Pot\u00eancia: 24 Watts - Tens\u00e3o: 100V \u2013 240V Bivolt \u2013 Autom\u00e1tico - \u00c2ngulo de Abertura: 120\u00b0 - Emiss\u00e3o de Cor: Amarela - Temperatura de Cor: 3000k - Garantia: 12 meses","og_url":"https:\/\/kifase.com.br\/a\/produto\/painel-pop-sobrepor-quadrado-avant-luz-amarela\/","og_site_name":"Kifase Materiais El\u00e9tricos","article_publisher":"https:\/\/www.facebook.com\/kifaseloja","article_modified_time":"2022-06-22T00:37:44+00:00","og_image":[{"width":827,"height":827,"url":"https:\/\/kifase.com.br\/a\/wp-content\/uploads\/2022\/05\/red-sobre-amarela-plafon.jpg","type":"image\/jpeg"}],"twitter_card":"summary_large_image","schema":{"@context":"https:\/\/schema.org","@graph":[{"@type":"WebPage","@id":"https:\/\/kifase.com.br\/a\/produto\/painel-pop-sobrepor-quadrado-avant-luz-amarela\/","url":"https:\/\/kifase.com.br\/a\/produto\/painel-pop-sobrepor-quadrado-avant-luz-amarela\/","name":"Painel POP - Sobrepor redondo - Avant (Luz Amarela) - Kifase Materiais El\u00e9tricos","isPartOf":{"@id":"https:\/\/kifase.com.br\/a\/#website"},"datePublished":"2022-05-18T23:23:28+00:00","dateModified":"2022-06-22T00:37:44+00:00","breadcrumb":{"@id":"https:\/\/kifase.com.br\/a\/produto\/painel-pop-sobrepor-quadrado-avant-luz-amarela\/#breadcrumb"},"inLanguage":"pt-BR","potentialAction":[{"@type":"ReadAction","target":["https:\/\/kifase.com.br\/a\/produto\/painel-pop-sobrepor-quadrado-avant-luz-amarela\/"]}]},{"@type":"BreadcrumbList","@id":"https:\/\/kifase.com.br\/a\/produto\/painel-pop-sobrepor-quadrado-avant-luz-amarela\/#breadcrumb","itemListElement":[{"@type":"ListItem","position":1,"name":"In\u00edcio","item":"https:\/\/kifase.com.br\/a\/"},{"@type":"ListItem","position":2,"name":"Loja","item":"https:\/\/kifase.com.br\/a\/loja\/"},{"@type":"ListItem","position":3,"name":"Painel POP &#8211; Sobrepor redondo &#8211; Avant (Luz Amarela)"}]},{"@type":"WebSite","@id":"https:\/\/kifase.com.br\/a\/#website","url":"https:\/\/kifase.com.br\/a\/","name":"Kifase Materiais El\u00e9tricos","description":"Materiais el\u00e9tricos, ilumina\u00e7\u00e3o, ferramentas e utilidades.","publisher":{"@id":"https:\/\/kifase.com.br\/a\/#organization"},"potentialAction":[{"@type":"SearchAction","target":{"@type":"EntryPoint","urlTemplate":"https:\/\/kifase.com.br\/a\/?s={search_term_string}"},"query-input":"required name=search_term_string"}],"inLanguage":"pt-BR"},{"@type":"Organization","@id":"https:\/\/kifase.com.br\/a\/#organization","name":"Kifase Materiais El\u00e9tricos","url":"https:\/\/kifase.com.br\/a\/","logo":{"@type":"ImageObject","inLanguage":"pt-BR","@id":"https:\/\/kifase.com.br\/a\/#\/schema\/logo\/image\/","url":"https:\/\/kifase.com.br\/a\/wp-content\/uploads\/2022\/03\/kisafe-.jpg","contentUrl":"https:\/\/kifase.com.br\/a\/wp-content\/uploads\/2022\/03\/kisafe-.jpg","width":339,"height":105,"caption":"Kifase Materiais El\u00e9tricos"},"image":{"@id":"https:\/\/kifase.com.br\/a\/#\/schema\/logo\/image\/"},"sameAs":["https:\/\/www.facebook.com\/kifaseloja","https:\/\/www.instagram.com\/kifasemat.e"]}]}},"_links":{"self":[{"href":"https:\/\/kifase.com.br\/a\/wp-json\/wp\/v2\/product\/910","targetHints":{"allow":["GET"]}}],"collection":[{"href":"https:\/\/kifase.com.br\/a\/wp-json\/wp\/v2\/product"}],"about":[{"href":"https:\/\/kifase.com.br\/a\/wp-json\/wp\/v2\/types\/product"}],"replies":[{"embeddable":true,"href":"https:\/\/kifase.com.br\/a\/wp-json\/wp\/v2\/comments?post=910"}],"version-history":[{"count":3,"href":"https:\/\/kifase.com.br\/a\/wp-json\/wp\/v2\/product\/910\/revisions"}],"predecessor-version":[{"id":1117,"href":"https:\/\/kifase.com.br\/a\/wp-json\/wp\/v2\/product\/910\/revisions\/1117"}],"wp:featuredmedia":[{"embeddable":true,"href":"https:\/\/kifase.com.br\/a\/wp-json\/wp\/v2\/media\/911"}],"wp:attachment":[{"href":"https:\/\/kifase.com.br\/a\/wp-json\/wp\/v2\/media?parent=910"}],"wp:term":[{"taxonomy":"product_cat","embeddable":true,"href":"https:\/\/kifase.com.br\/a\/wp-json\/wp\/v2\/product_cat?post=910"},{"taxonomy":"product_tag","embeddable":true,"href":"https:\/\/kifase.com.br\/a\/wp-json\/wp\/v2\/product_tag?post=910"}],"curies":[{"name":"wp","href":"https:\/\/api.w.org\/{rel}","templated":true}]}}