{"id":927,"date":"2022-05-18T21:01:27","date_gmt":"2022-05-19T00:01:27","guid":{"rendered":"https:\/\/kifase.com.br\/a\/?post_type=product&#038;p=927"},"modified":"2022-06-21T21:37:02","modified_gmt":"2022-06-22T00:37:02","slug":"painel-pop-sobrepor-quadrado-avant-luz-amarela-2","status":"publish","type":"product","link":"https:\/\/kifase.com.br\/a\/produto\/painel-pop-sobrepor-quadrado-avant-luz-amarela-2\/","title":{"rendered":"Painel POP &#8211; Sobrepor quadrado &#8211; Avant (Luz Amarela)"},"content":{"rendered":"<p>A Linha de Painel Pop Sobrepor Quadrado \u00e9 ideal para ambientes residenciais e comerciais por ser compacto e f\u00e1cil de instalar. \u00c9 indicada para instala\u00e7\u00e3o diretamente sobre a caixa de passagem, em superf\u00edcies de alvenaria ou concreto.<\/p>\n","protected":false},"excerpt":{"rendered":"<p>A Linha de Painel Pop Sobrepor Quadrado \u00e9 ideal para ambientes residenciais e comerciais por ser compacto e f\u00e1cil de instalar. \u00c9 indicada para instala\u00e7\u00e3o diretamente sobre a caixa de passagem, em superf\u00edcies de alvenaria ou concreto.<\/p>\n<p>Caracter\u00edsticas\/Vantagens:<br \/>\n&#8211; Formato: Quadrado;<br \/>\n&#8211; Tipo de instala\u00e7\u00e3o: Sobrepor;<br \/>\n&#8211; Medidas: 30x30cm \/ 3cm espessura;<br \/>\n&#8211; Tipo de Luz: Led;<br \/>\n&#8211; Tipo de Ambiente: Interno;<br \/>\n&#8211; Baixo consumo de energia;<br \/>\n&#8211; Transformador eletr\u00f4nico isolado;<br \/>\n&#8211; Fluxo luminoso constante em toda faixa de tens\u00e3o;<br \/>\n&#8211; N\u00e3o permite dimeriza\u00e7\u00e3o;<br \/>\n&#8211; Vida \u00fatil: 25.000 horas;<br \/>\n&#8211; Garantia: 1 ano.<\/p>\n","protected":false},"featured_media":929,"comment_status":"open","ping_status":"closed","template":"","meta":[],"product_cat":[23,34],"product_tag":[],"class_list":["post-927","product","type-product","status-publish","has-post-thumbnail","hentry","product_cat-iluminacao","product_cat-plafon-embutir-e-sobrepor"],"yoast_head":"<!-- This site is optimized with the Yoast SEO plugin v20.1 - https:\/\/yoast.com\/wordpress\/plugins\/seo\/ -->\n<title>Painel POP - Sobrepor quadrado - Avant (Luz Amarela) - Kifase Materiais El\u00e9tricos<\/title>\n<meta name=\"robots\" content=\"index, follow, max-snippet:-1, max-image-preview:large, max-video-preview:-1\" \/>\n<link rel=\"canonical\" href=\"https:\/\/kifase.com.br\/a\/produto\/painel-pop-sobrepor-quadrado-avant-luz-amarela-2\/\" \/>\n<meta property=\"og:locale\" content=\"pt_BR\" \/>\n<meta property=\"og:type\" content=\"article\" \/>\n<meta property=\"og:title\" content=\"Painel POP - Sobrepor quadrado - Avant (Luz Amarela) - Kifase Materiais El\u00e9tricos\" \/>\n<meta property=\"og:description\" content=\"A Linha de Painel Pop Sobrepor Quadrado \u00e9 ideal para ambientes residenciais e comerciais por ser compacto e f\u00e1cil de instalar. \u00c9 indicada para instala\u00e7\u00e3o diretamente sobre a caixa de passagem, em superf\u00edcies de alvenaria ou concreto.  Caracter\u00edsticas\/Vantagens: - Formato: Quadrado; - Tipo de instala\u00e7\u00e3o: Sobrepor; - Medidas: 30x30cm \/ 3cm espessura; - Tipo de Luz: Led; - Tipo de Ambiente: Interno; - Baixo consumo de energia; - Transformador eletr\u00f4nico isolado; - Fluxo luminoso constante em toda faixa de tens\u00e3o; - N\u00e3o permite dimeriza\u00e7\u00e3o; - Vida \u00fatil: 25.000 horas; - Garantia: 1 ano.\" \/>\n<meta property=\"og:url\" content=\"https:\/\/kifase.com.br\/a\/produto\/painel-pop-sobrepor-quadrado-avant-luz-amarela-2\/\" \/>\n<meta property=\"og:site_name\" content=\"Kifase Materiais El\u00e9tricos\" \/>\n<meta property=\"article:publisher\" content=\"https:\/\/www.facebook.com\/kifaseloja\" \/>\n<meta property=\"article:modified_time\" content=\"2022-06-22T00:37:02+00:00\" \/>\n<meta property=\"og:image\" content=\"https:\/\/kifase.com.br\/a\/wp-content\/uploads\/2022\/05\/quad-sobre-amarela-plafon.jpg\" \/>\n\t<meta property=\"og:image:width\" content=\"827\" \/>\n\t<meta property=\"og:image:height\" content=\"827\" \/>\n\t<meta property=\"og:image:type\" content=\"image\/jpeg\" \/>\n<meta name=\"twitter:card\" content=\"summary_large_image\" \/>\n<script type=\"application\/ld+json\" class=\"yoast-schema-graph\">{\"@context\":\"https:\/\/schema.org\",\"@graph\":[{\"@type\":\"WebPage\",\"@id\":\"https:\/\/kifase.com.br\/a\/produto\/painel-pop-sobrepor-quadrado-avant-luz-amarela-2\/\",\"url\":\"https:\/\/kifase.com.br\/a\/produto\/painel-pop-sobrepor-quadrado-avant-luz-amarela-2\/\",\"name\":\"Painel POP - Sobrepor quadrado - Avant (Luz Amarela) - Kifase Materiais El\u00e9tricos\",\"isPartOf\":{\"@id\":\"https:\/\/kifase.com.br\/a\/#website\"},\"datePublished\":\"2022-05-19T00:01:27+00:00\",\"dateModified\":\"2022-06-22T00:37:02+00:00\",\"breadcrumb\":{\"@id\":\"https:\/\/kifase.com.br\/a\/produto\/painel-pop-sobrepor-quadrado-avant-luz-amarela-2\/#breadcrumb\"},\"inLanguage\":\"pt-BR\",\"potentialAction\":[{\"@type\":\"ReadAction\",\"target\":[\"https:\/\/kifase.com.br\/a\/produto\/painel-pop-sobrepor-quadrado-avant-luz-amarela-2\/\"]}]},{\"@type\":\"BreadcrumbList\",\"@id\":\"https:\/\/kifase.com.br\/a\/produto\/painel-pop-sobrepor-quadrado-avant-luz-amarela-2\/#breadcrumb\",\"itemListElement\":[{\"@type\":\"ListItem\",\"position\":1,\"name\":\"In\u00edcio\",\"item\":\"https:\/\/kifase.com.br\/a\/\"},{\"@type\":\"ListItem\",\"position\":2,\"name\":\"Loja\",\"item\":\"https:\/\/kifase.com.br\/a\/loja\/\"},{\"@type\":\"ListItem\",\"position\":3,\"name\":\"Painel POP &#8211; Sobrepor quadrado &#8211; Avant (Luz Amarela)\"}]},{\"@type\":\"WebSite\",\"@id\":\"https:\/\/kifase.com.br\/a\/#website\",\"url\":\"https:\/\/kifase.com.br\/a\/\",\"name\":\"Kifase Materiais El\u00e9tricos\",\"description\":\"Materiais el\u00e9tricos, ilumina\u00e7\u00e3o, ferramentas e utilidades.\",\"publisher\":{\"@id\":\"https:\/\/kifase.com.br\/a\/#organization\"},\"potentialAction\":[{\"@type\":\"SearchAction\",\"target\":{\"@type\":\"EntryPoint\",\"urlTemplate\":\"https:\/\/kifase.com.br\/a\/?s={search_term_string}\"},\"query-input\":\"required name=search_term_string\"}],\"inLanguage\":\"pt-BR\"},{\"@type\":\"Organization\",\"@id\":\"https:\/\/kifase.com.br\/a\/#organization\",\"name\":\"Kifase Materiais El\u00e9tricos\",\"url\":\"https:\/\/kifase.com.br\/a\/\",\"logo\":{\"@type\":\"ImageObject\",\"inLanguage\":\"pt-BR\",\"@id\":\"https:\/\/kifase.com.br\/a\/#\/schema\/logo\/image\/\",\"url\":\"https:\/\/kifase.com.br\/a\/wp-content\/uploads\/2022\/03\/kisafe-.jpg\",\"contentUrl\":\"https:\/\/kifase.com.br\/a\/wp-content\/uploads\/2022\/03\/kisafe-.jpg\",\"width\":339,\"height\":105,\"caption\":\"Kifase Materiais El\u00e9tricos\"},\"image\":{\"@id\":\"https:\/\/kifase.com.br\/a\/#\/schema\/logo\/image\/\"},\"sameAs\":[\"https:\/\/www.facebook.com\/kifaseloja\",\"https:\/\/www.instagram.com\/kifasemat.e\"]}]}<\/script>\n<!-- \/ Yoast SEO plugin. -->","yoast_head_json":{"title":"Painel POP - Sobrepor quadrado - Avant (Luz Amarela) - Kifase Materiais El\u00e9tricos","robots":{"index":"index","follow":"follow","max-snippet":"max-snippet:-1","max-image-preview":"max-image-preview:large","max-video-preview":"max-video-preview:-1"},"canonical":"https:\/\/kifase.com.br\/a\/produto\/painel-pop-sobrepor-quadrado-avant-luz-amarela-2\/","og_locale":"pt_BR","og_type":"article","og_title":"Painel POP - Sobrepor quadrado - Avant (Luz Amarela) - Kifase Materiais El\u00e9tricos","og_description":"A Linha de Painel Pop Sobrepor Quadrado \u00e9 ideal para ambientes residenciais e comerciais por ser compacto e f\u00e1cil de instalar. \u00c9 indicada para instala\u00e7\u00e3o diretamente sobre a caixa de passagem, em superf\u00edcies de alvenaria ou concreto.  Caracter\u00edsticas\/Vantagens: - Formato: Quadrado; - Tipo de instala\u00e7\u00e3o: Sobrepor; - Medidas: 30x30cm \/ 3cm espessura; - Tipo de Luz: Led; - Tipo de Ambiente: Interno; - Baixo consumo de energia; - Transformador eletr\u00f4nico isolado; - Fluxo luminoso constante em toda faixa de tens\u00e3o; - N\u00e3o permite dimeriza\u00e7\u00e3o; - Vida \u00fatil: 25.000 horas; - Garantia: 1 ano.","og_url":"https:\/\/kifase.com.br\/a\/produto\/painel-pop-sobrepor-quadrado-avant-luz-amarela-2\/","og_site_name":"Kifase Materiais El\u00e9tricos","article_publisher":"https:\/\/www.facebook.com\/kifaseloja","article_modified_time":"2022-06-22T00:37:02+00:00","og_image":[{"width":827,"height":827,"url":"https:\/\/kifase.com.br\/a\/wp-content\/uploads\/2022\/05\/quad-sobre-amarela-plafon.jpg","type":"image\/jpeg"}],"twitter_card":"summary_large_image","schema":{"@context":"https:\/\/schema.org","@graph":[{"@type":"WebPage","@id":"https:\/\/kifase.com.br\/a\/produto\/painel-pop-sobrepor-quadrado-avant-luz-amarela-2\/","url":"https:\/\/kifase.com.br\/a\/produto\/painel-pop-sobrepor-quadrado-avant-luz-amarela-2\/","name":"Painel POP - Sobrepor quadrado - Avant (Luz Amarela) - Kifase Materiais El\u00e9tricos","isPartOf":{"@id":"https:\/\/kifase.com.br\/a\/#website"},"datePublished":"2022-05-19T00:01:27+00:00","dateModified":"2022-06-22T00:37:02+00:00","breadcrumb":{"@id":"https:\/\/kifase.com.br\/a\/produto\/painel-pop-sobrepor-quadrado-avant-luz-amarela-2\/#breadcrumb"},"inLanguage":"pt-BR","potentialAction":[{"@type":"ReadAction","target":["https:\/\/kifase.com.br\/a\/produto\/painel-pop-sobrepor-quadrado-avant-luz-amarela-2\/"]}]},{"@type":"BreadcrumbList","@id":"https:\/\/kifase.com.br\/a\/produto\/painel-pop-sobrepor-quadrado-avant-luz-amarela-2\/#breadcrumb","itemListElement":[{"@type":"ListItem","position":1,"name":"In\u00edcio","item":"https:\/\/kifase.com.br\/a\/"},{"@type":"ListItem","position":2,"name":"Loja","item":"https:\/\/kifase.com.br\/a\/loja\/"},{"@type":"ListItem","position":3,"name":"Painel POP &#8211; Sobrepor quadrado &#8211; Avant (Luz Amarela)"}]},{"@type":"WebSite","@id":"https:\/\/kifase.com.br\/a\/#website","url":"https:\/\/kifase.com.br\/a\/","name":"Kifase Materiais El\u00e9tricos","description":"Materiais el\u00e9tricos, ilumina\u00e7\u00e3o, ferramentas e utilidades.","publisher":{"@id":"https:\/\/kifase.com.br\/a\/#organization"},"potentialAction":[{"@type":"SearchAction","target":{"@type":"EntryPoint","urlTemplate":"https:\/\/kifase.com.br\/a\/?s={search_term_string}"},"query-input":"required name=search_term_string"}],"inLanguage":"pt-BR"},{"@type":"Organization","@id":"https:\/\/kifase.com.br\/a\/#organization","name":"Kifase Materiais El\u00e9tricos","url":"https:\/\/kifase.com.br\/a\/","logo":{"@type":"ImageObject","inLanguage":"pt-BR","@id":"https:\/\/kifase.com.br\/a\/#\/schema\/logo\/image\/","url":"https:\/\/kifase.com.br\/a\/wp-content\/uploads\/2022\/03\/kisafe-.jpg","contentUrl":"https:\/\/kifase.com.br\/a\/wp-content\/uploads\/2022\/03\/kisafe-.jpg","width":339,"height":105,"caption":"Kifase Materiais El\u00e9tricos"},"image":{"@id":"https:\/\/kifase.com.br\/a\/#\/schema\/logo\/image\/"},"sameAs":["https:\/\/www.facebook.com\/kifaseloja","https:\/\/www.instagram.com\/kifasemat.e"]}]}},"_links":{"self":[{"href":"https:\/\/kifase.com.br\/a\/wp-json\/wp\/v2\/product\/927","targetHints":{"allow":["GET"]}}],"collection":[{"href":"https:\/\/kifase.com.br\/a\/wp-json\/wp\/v2\/product"}],"about":[{"href":"https:\/\/kifase.com.br\/a\/wp-json\/wp\/v2\/types\/product"}],"replies":[{"embeddable":true,"href":"https:\/\/kifase.com.br\/a\/wp-json\/wp\/v2\/comments?post=927"}],"version-history":[{"count":2,"href":"https:\/\/kifase.com.br\/a\/wp-json\/wp\/v2\/product\/927\/revisions"}],"predecessor-version":[{"id":1113,"href":"https:\/\/kifase.com.br\/a\/wp-json\/wp\/v2\/product\/927\/revisions\/1113"}],"wp:featuredmedia":[{"embeddable":true,"href":"https:\/\/kifase.com.br\/a\/wp-json\/wp\/v2\/media\/929"}],"wp:attachment":[{"href":"https:\/\/kifase.com.br\/a\/wp-json\/wp\/v2\/media?parent=927"}],"wp:term":[{"taxonomy":"product_cat","embeddable":true,"href":"https:\/\/kifase.com.br\/a\/wp-json\/wp\/v2\/product_cat?post=927"},{"taxonomy":"product_tag","embeddable":true,"href":"https:\/\/kifase.com.br\/a\/wp-json\/wp\/v2\/product_tag?post=927"}],"curies":[{"name":"wp","href":"https:\/\/api.w.org\/{rel}","templated":true}]}}