{"id":934,"date":"2022-05-19T20:31:31","date_gmt":"2022-05-19T23:31:31","guid":{"rendered":"https:\/\/kifase.com.br\/a\/?post_type=product&#038;p=934"},"modified":"2022-05-19T20:39:22","modified_gmt":"2022-05-19T23:39:22","slug":"refletor-slim-led-50w-avant-luz-amarela","status":"publish","type":"product","link":"https:\/\/kifase.com.br\/a\/produto\/refletor-slim-led-50w-avant-luz-amarela\/","title":{"rendered":"Refletor Slim Led 50w &#8211; Avant (Luz Amarela)"},"content":{"rendered":"<p>PROPRIEDADES<br \/>\n\u203a Corpo em alum\u00ednio e difusor em vidro.<br \/>\n\u203a Possui driver incorporado.<br \/>\n\u203a N\u00e3o desbota objetos (n\u00e3o emite ultravioleta).<br \/>\n\u203a Fluxo luminoso constante em toda faixa de tens\u00e3o.<br \/>\n\u203a Constru\u00e7\u00e3o livre de merc\u00fario.<br \/>\n\u203a Baixo consumo de energia.<\/p>\n","protected":false},"excerpt":{"rendered":"<p>PROPRIEDADES<br \/>\n\u203a Corpo em alum\u00ednio e difusor em vidro.<br \/>\n\u203a Possui driver incorporado.<br \/>\n\u203a N\u00e3o desbota objetos (n\u00e3o emite ultravioleta).<br \/>\n\u203a Fluxo luminoso constante em toda faixa de tens\u00e3o.<br \/>\n\u203a Constru\u00e7\u00e3o livre de merc\u00fario.<br \/>\n\u203a Baixo consumo de energia.<\/p>\n<p>CARACTER\u00cdSTICAS DE FUNCIONAMENTO<br \/>\n\u203a Temperatura ambiente: -5\u00b0C a 40\u00b0C.<br \/>\n\u203a Tens\u00e3o de entrada: 100V a 240V.<br \/>\n\u203a Tipo de Instala\u00e7\u00e3o: Sobrepor.<\/p>\n","protected":false},"featured_media":935,"comment_status":"open","ping_status":"closed","template":"","meta":[],"product_cat":[23,35],"product_tag":[],"class_list":["post-934","product","type-product","status-publish","has-post-thumbnail","hentry","product_cat-iluminacao","product_cat-refletores"],"yoast_head":"<!-- This site is optimized with the Yoast SEO plugin v20.1 - https:\/\/yoast.com\/wordpress\/plugins\/seo\/ -->\n<title>Refletor Slim Led 50w - Avant (Luz Amarela) - Kifase Materiais El\u00e9tricos<\/title>\n<meta name=\"robots\" content=\"index, follow, max-snippet:-1, max-image-preview:large, max-video-preview:-1\" \/>\n<link rel=\"canonical\" href=\"https:\/\/kifase.com.br\/a\/produto\/refletor-slim-led-50w-avant-luz-amarela\/\" \/>\n<meta property=\"og:locale\" content=\"pt_BR\" \/>\n<meta property=\"og:type\" content=\"article\" \/>\n<meta property=\"og:title\" content=\"Refletor Slim Led 50w - Avant (Luz Amarela) - Kifase Materiais El\u00e9tricos\" \/>\n<meta property=\"og:description\" content=\"PROPRIEDADES \u203a Corpo em alum\u00ednio e difusor em vidro. \u203a Possui driver incorporado. \u203a N\u00e3o desbota objetos (n\u00e3o emite ultravioleta). \u203a Fluxo luminoso constante em toda faixa de tens\u00e3o. \u203a Constru\u00e7\u00e3o livre de merc\u00fario. \u203a Baixo consumo de energia.  CARACTER\u00cdSTICAS DE FUNCIONAMENTO \u203a Temperatura ambiente: -5\u00b0C a 40\u00b0C. \u203a Tens\u00e3o de entrada: 100V a 240V. \u203a Tipo de Instala\u00e7\u00e3o: Sobrepor.\" \/>\n<meta property=\"og:url\" content=\"https:\/\/kifase.com.br\/a\/produto\/refletor-slim-led-50w-avant-luz-amarela\/\" \/>\n<meta property=\"og:site_name\" content=\"Kifase Materiais El\u00e9tricos\" \/>\n<meta property=\"article:publisher\" content=\"https:\/\/www.facebook.com\/kifaseloja\" \/>\n<meta property=\"article:modified_time\" content=\"2022-05-19T23:39:22+00:00\" \/>\n<meta property=\"og:image\" content=\"https:\/\/kifase.com.br\/a\/wp-content\/uploads\/2022\/05\/refeltor-50w-amarelo.jpg\" \/>\n\t<meta property=\"og:image:width\" content=\"827\" \/>\n\t<meta property=\"og:image:height\" content=\"827\" \/>\n\t<meta property=\"og:image:type\" content=\"image\/jpeg\" \/>\n<meta name=\"twitter:card\" content=\"summary_large_image\" \/>\n<script type=\"application\/ld+json\" class=\"yoast-schema-graph\">{\"@context\":\"https:\/\/schema.org\",\"@graph\":[{\"@type\":\"WebPage\",\"@id\":\"https:\/\/kifase.com.br\/a\/produto\/refletor-slim-led-50w-avant-luz-amarela\/\",\"url\":\"https:\/\/kifase.com.br\/a\/produto\/refletor-slim-led-50w-avant-luz-amarela\/\",\"name\":\"Refletor Slim Led 50w - Avant (Luz Amarela) - Kifase Materiais El\u00e9tricos\",\"isPartOf\":{\"@id\":\"https:\/\/kifase.com.br\/a\/#website\"},\"datePublished\":\"2022-05-19T23:31:31+00:00\",\"dateModified\":\"2022-05-19T23:39:22+00:00\",\"breadcrumb\":{\"@id\":\"https:\/\/kifase.com.br\/a\/produto\/refletor-slim-led-50w-avant-luz-amarela\/#breadcrumb\"},\"inLanguage\":\"pt-BR\",\"potentialAction\":[{\"@type\":\"ReadAction\",\"target\":[\"https:\/\/kifase.com.br\/a\/produto\/refletor-slim-led-50w-avant-luz-amarela\/\"]}]},{\"@type\":\"BreadcrumbList\",\"@id\":\"https:\/\/kifase.com.br\/a\/produto\/refletor-slim-led-50w-avant-luz-amarela\/#breadcrumb\",\"itemListElement\":[{\"@type\":\"ListItem\",\"position\":1,\"name\":\"In\u00edcio\",\"item\":\"https:\/\/kifase.com.br\/a\/\"},{\"@type\":\"ListItem\",\"position\":2,\"name\":\"Loja\",\"item\":\"https:\/\/kifase.com.br\/a\/loja\/\"},{\"@type\":\"ListItem\",\"position\":3,\"name\":\"Refletor Slim Led 50w &#8211; Avant (Luz Amarela)\"}]},{\"@type\":\"WebSite\",\"@id\":\"https:\/\/kifase.com.br\/a\/#website\",\"url\":\"https:\/\/kifase.com.br\/a\/\",\"name\":\"Kifase Materiais El\u00e9tricos\",\"description\":\"Materiais el\u00e9tricos, ilumina\u00e7\u00e3o, ferramentas e utilidades.\",\"publisher\":{\"@id\":\"https:\/\/kifase.com.br\/a\/#organization\"},\"potentialAction\":[{\"@type\":\"SearchAction\",\"target\":{\"@type\":\"EntryPoint\",\"urlTemplate\":\"https:\/\/kifase.com.br\/a\/?s={search_term_string}\"},\"query-input\":\"required name=search_term_string\"}],\"inLanguage\":\"pt-BR\"},{\"@type\":\"Organization\",\"@id\":\"https:\/\/kifase.com.br\/a\/#organization\",\"name\":\"Kifase Materiais El\u00e9tricos\",\"url\":\"https:\/\/kifase.com.br\/a\/\",\"logo\":{\"@type\":\"ImageObject\",\"inLanguage\":\"pt-BR\",\"@id\":\"https:\/\/kifase.com.br\/a\/#\/schema\/logo\/image\/\",\"url\":\"https:\/\/kifase.com.br\/a\/wp-content\/uploads\/2022\/03\/kisafe-.jpg\",\"contentUrl\":\"https:\/\/kifase.com.br\/a\/wp-content\/uploads\/2022\/03\/kisafe-.jpg\",\"width\":339,\"height\":105,\"caption\":\"Kifase Materiais El\u00e9tricos\"},\"image\":{\"@id\":\"https:\/\/kifase.com.br\/a\/#\/schema\/logo\/image\/\"},\"sameAs\":[\"https:\/\/www.facebook.com\/kifaseloja\",\"https:\/\/www.instagram.com\/kifasemat.e\"]}]}<\/script>\n<!-- \/ Yoast SEO plugin. -->","yoast_head_json":{"title":"Refletor Slim Led 50w - Avant (Luz Amarela) - Kifase Materiais El\u00e9tricos","robots":{"index":"index","follow":"follow","max-snippet":"max-snippet:-1","max-image-preview":"max-image-preview:large","max-video-preview":"max-video-preview:-1"},"canonical":"https:\/\/kifase.com.br\/a\/produto\/refletor-slim-led-50w-avant-luz-amarela\/","og_locale":"pt_BR","og_type":"article","og_title":"Refletor Slim Led 50w - Avant (Luz Amarela) - Kifase Materiais El\u00e9tricos","og_description":"PROPRIEDADES \u203a Corpo em alum\u00ednio e difusor em vidro. \u203a Possui driver incorporado. \u203a N\u00e3o desbota objetos (n\u00e3o emite ultravioleta). \u203a Fluxo luminoso constante em toda faixa de tens\u00e3o. \u203a Constru\u00e7\u00e3o livre de merc\u00fario. \u203a Baixo consumo de energia.  CARACTER\u00cdSTICAS DE FUNCIONAMENTO \u203a Temperatura ambiente: -5\u00b0C a 40\u00b0C. \u203a Tens\u00e3o de entrada: 100V a 240V. \u203a Tipo de Instala\u00e7\u00e3o: Sobrepor.","og_url":"https:\/\/kifase.com.br\/a\/produto\/refletor-slim-led-50w-avant-luz-amarela\/","og_site_name":"Kifase Materiais El\u00e9tricos","article_publisher":"https:\/\/www.facebook.com\/kifaseloja","article_modified_time":"2022-05-19T23:39:22+00:00","og_image":[{"width":827,"height":827,"url":"https:\/\/kifase.com.br\/a\/wp-content\/uploads\/2022\/05\/refeltor-50w-amarelo.jpg","type":"image\/jpeg"}],"twitter_card":"summary_large_image","schema":{"@context":"https:\/\/schema.org","@graph":[{"@type":"WebPage","@id":"https:\/\/kifase.com.br\/a\/produto\/refletor-slim-led-50w-avant-luz-amarela\/","url":"https:\/\/kifase.com.br\/a\/produto\/refletor-slim-led-50w-avant-luz-amarela\/","name":"Refletor Slim Led 50w - Avant (Luz Amarela) - Kifase Materiais El\u00e9tricos","isPartOf":{"@id":"https:\/\/kifase.com.br\/a\/#website"},"datePublished":"2022-05-19T23:31:31+00:00","dateModified":"2022-05-19T23:39:22+00:00","breadcrumb":{"@id":"https:\/\/kifase.com.br\/a\/produto\/refletor-slim-led-50w-avant-luz-amarela\/#breadcrumb"},"inLanguage":"pt-BR","potentialAction":[{"@type":"ReadAction","target":["https:\/\/kifase.com.br\/a\/produto\/refletor-slim-led-50w-avant-luz-amarela\/"]}]},{"@type":"BreadcrumbList","@id":"https:\/\/kifase.com.br\/a\/produto\/refletor-slim-led-50w-avant-luz-amarela\/#breadcrumb","itemListElement":[{"@type":"ListItem","position":1,"name":"In\u00edcio","item":"https:\/\/kifase.com.br\/a\/"},{"@type":"ListItem","position":2,"name":"Loja","item":"https:\/\/kifase.com.br\/a\/loja\/"},{"@type":"ListItem","position":3,"name":"Refletor Slim Led 50w &#8211; Avant (Luz Amarela)"}]},{"@type":"WebSite","@id":"https:\/\/kifase.com.br\/a\/#website","url":"https:\/\/kifase.com.br\/a\/","name":"Kifase Materiais El\u00e9tricos","description":"Materiais el\u00e9tricos, ilumina\u00e7\u00e3o, ferramentas e utilidades.","publisher":{"@id":"https:\/\/kifase.com.br\/a\/#organization"},"potentialAction":[{"@type":"SearchAction","target":{"@type":"EntryPoint","urlTemplate":"https:\/\/kifase.com.br\/a\/?s={search_term_string}"},"query-input":"required name=search_term_string"}],"inLanguage":"pt-BR"},{"@type":"Organization","@id":"https:\/\/kifase.com.br\/a\/#organization","name":"Kifase Materiais El\u00e9tricos","url":"https:\/\/kifase.com.br\/a\/","logo":{"@type":"ImageObject","inLanguage":"pt-BR","@id":"https:\/\/kifase.com.br\/a\/#\/schema\/logo\/image\/","url":"https:\/\/kifase.com.br\/a\/wp-content\/uploads\/2022\/03\/kisafe-.jpg","contentUrl":"https:\/\/kifase.com.br\/a\/wp-content\/uploads\/2022\/03\/kisafe-.jpg","width":339,"height":105,"caption":"Kifase Materiais El\u00e9tricos"},"image":{"@id":"https:\/\/kifase.com.br\/a\/#\/schema\/logo\/image\/"},"sameAs":["https:\/\/www.facebook.com\/kifaseloja","https:\/\/www.instagram.com\/kifasemat.e"]}]}},"_links":{"self":[{"href":"https:\/\/kifase.com.br\/a\/wp-json\/wp\/v2\/product\/934","targetHints":{"allow":["GET"]}}],"collection":[{"href":"https:\/\/kifase.com.br\/a\/wp-json\/wp\/v2\/product"}],"about":[{"href":"https:\/\/kifase.com.br\/a\/wp-json\/wp\/v2\/types\/product"}],"replies":[{"embeddable":true,"href":"https:\/\/kifase.com.br\/a\/wp-json\/wp\/v2\/comments?post=934"}],"version-history":[{"count":1,"href":"https:\/\/kifase.com.br\/a\/wp-json\/wp\/v2\/product\/934\/revisions"}],"predecessor-version":[{"id":936,"href":"https:\/\/kifase.com.br\/a\/wp-json\/wp\/v2\/product\/934\/revisions\/936"}],"wp:featuredmedia":[{"embeddable":true,"href":"https:\/\/kifase.com.br\/a\/wp-json\/wp\/v2\/media\/935"}],"wp:attachment":[{"href":"https:\/\/kifase.com.br\/a\/wp-json\/wp\/v2\/media?parent=934"}],"wp:term":[{"taxonomy":"product_cat","embeddable":true,"href":"https:\/\/kifase.com.br\/a\/wp-json\/wp\/v2\/product_cat?post=934"},{"taxonomy":"product_tag","embeddable":true,"href":"https:\/\/kifase.com.br\/a\/wp-json\/wp\/v2\/product_tag?post=934"}],"curies":[{"name":"wp","href":"https:\/\/api.w.org\/{rel}","templated":true}]}}