{"id":937,"date":"2022-05-19T20:42:53","date_gmt":"2022-05-19T23:42:53","guid":{"rendered":"https:\/\/kifase.com.br\/a\/?post_type=product&#038;p=937"},"modified":"2022-05-19T20:48:11","modified_gmt":"2022-05-19T23:48:11","slug":"refletor-slim-led-10w-avant-luz-branca","status":"publish","type":"product","link":"https:\/\/kifase.com.br\/a\/produto\/refletor-slim-led-10w-avant-luz-branca\/","title":{"rendered":"Refletor Slim Led 10w &#8211; Avant (Luz Branca)"},"content":{"rendered":"<p>Modelo: LED<br \/>\nPot\u00eancia: 10w.<br \/>\nFluxo luminoso: 750 lumens.<br \/>\nTemperatura de cor: Branco frio 6500k.<br \/>\nMaterial: Corpo em alum\u00ednio e vidro temperado<br \/>\nCor: Carca\u00e7a preta.<br \/>\nTens\u00e3o: Bivolt<br \/>\nIRC: &gt;80<br \/>\n\u00c2ngulo de abertura: 120\u00b0.<br \/>\nGrau de prote\u00e7\u00e3o: IP65 pode ficar ao tempo.<br \/>\nTipo de Instala\u00e7\u00e3o: Sobrepor.<br \/>\nDimens\u00f5es: 91mm(Largura) x 90mm(Altura) x 26mm(Profundidade)<br \/>\nVida \u00fatil: 25.000 horas.<\/p>\n","protected":false},"excerpt":{"rendered":"<p>Modelo: LED<br \/>\nPot\u00eancia: 10w.<br \/>\nFluxo luminoso: 750 lumens.<br \/>\nTemperatura de cor: Branco frio 6500k.<br \/>\nMaterial: Corpo em alum\u00ednio e vidro temperado<br \/>\nCor: Carca\u00e7a preta.<br \/>\nTens\u00e3o: Bivolt<br \/>\nIRC: &gt;80<br \/>\n\u00c2ngulo de abertura: 120\u00b0.<br \/>\nGrau de prote\u00e7\u00e3o: IP65 pode ficar ao tempo.<br \/>\nTipo de Instala\u00e7\u00e3o: Sobrepor.<br \/>\nDimens\u00f5es: 91mm(Largura) x 90mm(Altura) x 26mm(Profundidade)<br \/>\nVida \u00fatil: 25.000 horas.<\/p>\n","protected":false},"featured_media":938,"comment_status":"open","ping_status":"closed","template":"","meta":[],"product_cat":[23,35],"product_tag":[],"class_list":["post-937","product","type-product","status-publish","has-post-thumbnail","hentry","product_cat-iluminacao","product_cat-refletores"],"yoast_head":"<!-- This site is optimized with the Yoast SEO plugin v20.1 - https:\/\/yoast.com\/wordpress\/plugins\/seo\/ -->\n<title>Refletor Slim Led 10w - Avant (Luz Branca) - Kifase Materiais El\u00e9tricos<\/title>\n<meta name=\"robots\" content=\"index, follow, max-snippet:-1, max-image-preview:large, max-video-preview:-1\" \/>\n<link rel=\"canonical\" href=\"https:\/\/kifase.com.br\/a\/produto\/refletor-slim-led-10w-avant-luz-branca\/\" \/>\n<meta property=\"og:locale\" content=\"pt_BR\" \/>\n<meta property=\"og:type\" content=\"article\" \/>\n<meta property=\"og:title\" content=\"Refletor Slim Led 10w - Avant (Luz Branca) - Kifase Materiais El\u00e9tricos\" \/>\n<meta property=\"og:description\" content=\"Modelo: LED Pot\u00eancia: 10w. Fluxo luminoso: 750 lumens. Temperatura de cor: Branco frio 6500k. Material: Corpo em alum\u00ednio e vidro temperado Cor: Carca\u00e7a preta. Tens\u00e3o: Bivolt IRC: &gt;80 \u00c2ngulo de abertura: 120\u00b0. Grau de prote\u00e7\u00e3o: IP65 pode ficar ao tempo. Tipo de Instala\u00e7\u00e3o: Sobrepor. Dimens\u00f5es: 91mm(Largura) x 90mm(Altura) x 26mm(Profundidade) Vida \u00fatil: 25.000 horas.\" \/>\n<meta property=\"og:url\" content=\"https:\/\/kifase.com.br\/a\/produto\/refletor-slim-led-10w-avant-luz-branca\/\" \/>\n<meta property=\"og:site_name\" content=\"Kifase Materiais El\u00e9tricos\" \/>\n<meta property=\"article:publisher\" content=\"https:\/\/www.facebook.com\/kifaseloja\" \/>\n<meta property=\"article:modified_time\" content=\"2022-05-19T23:48:11+00:00\" \/>\n<meta property=\"og:image\" content=\"https:\/\/kifase.com.br\/a\/wp-content\/uploads\/2022\/05\/refeltor-10w-branco.jpg\" \/>\n\t<meta property=\"og:image:width\" content=\"827\" \/>\n\t<meta property=\"og:image:height\" content=\"827\" \/>\n\t<meta property=\"og:image:type\" content=\"image\/jpeg\" \/>\n<meta name=\"twitter:card\" content=\"summary_large_image\" \/>\n<script type=\"application\/ld+json\" class=\"yoast-schema-graph\">{\"@context\":\"https:\/\/schema.org\",\"@graph\":[{\"@type\":\"WebPage\",\"@id\":\"https:\/\/kifase.com.br\/a\/produto\/refletor-slim-led-10w-avant-luz-branca\/\",\"url\":\"https:\/\/kifase.com.br\/a\/produto\/refletor-slim-led-10w-avant-luz-branca\/\",\"name\":\"Refletor Slim Led 10w - Avant (Luz Branca) - Kifase Materiais El\u00e9tricos\",\"isPartOf\":{\"@id\":\"https:\/\/kifase.com.br\/a\/#website\"},\"datePublished\":\"2022-05-19T23:42:53+00:00\",\"dateModified\":\"2022-05-19T23:48:11+00:00\",\"breadcrumb\":{\"@id\":\"https:\/\/kifase.com.br\/a\/produto\/refletor-slim-led-10w-avant-luz-branca\/#breadcrumb\"},\"inLanguage\":\"pt-BR\",\"potentialAction\":[{\"@type\":\"ReadAction\",\"target\":[\"https:\/\/kifase.com.br\/a\/produto\/refletor-slim-led-10w-avant-luz-branca\/\"]}]},{\"@type\":\"BreadcrumbList\",\"@id\":\"https:\/\/kifase.com.br\/a\/produto\/refletor-slim-led-10w-avant-luz-branca\/#breadcrumb\",\"itemListElement\":[{\"@type\":\"ListItem\",\"position\":1,\"name\":\"In\u00edcio\",\"item\":\"https:\/\/kifase.com.br\/a\/\"},{\"@type\":\"ListItem\",\"position\":2,\"name\":\"Loja\",\"item\":\"https:\/\/kifase.com.br\/a\/loja\/\"},{\"@type\":\"ListItem\",\"position\":3,\"name\":\"Refletor Slim Led 10w &#8211; Avant (Luz Branca)\"}]},{\"@type\":\"WebSite\",\"@id\":\"https:\/\/kifase.com.br\/a\/#website\",\"url\":\"https:\/\/kifase.com.br\/a\/\",\"name\":\"Kifase Materiais El\u00e9tricos\",\"description\":\"Materiais el\u00e9tricos, ilumina\u00e7\u00e3o, ferramentas e utilidades.\",\"publisher\":{\"@id\":\"https:\/\/kifase.com.br\/a\/#organization\"},\"potentialAction\":[{\"@type\":\"SearchAction\",\"target\":{\"@type\":\"EntryPoint\",\"urlTemplate\":\"https:\/\/kifase.com.br\/a\/?s={search_term_string}\"},\"query-input\":\"required name=search_term_string\"}],\"inLanguage\":\"pt-BR\"},{\"@type\":\"Organization\",\"@id\":\"https:\/\/kifase.com.br\/a\/#organization\",\"name\":\"Kifase Materiais El\u00e9tricos\",\"url\":\"https:\/\/kifase.com.br\/a\/\",\"logo\":{\"@type\":\"ImageObject\",\"inLanguage\":\"pt-BR\",\"@id\":\"https:\/\/kifase.com.br\/a\/#\/schema\/logo\/image\/\",\"url\":\"https:\/\/kifase.com.br\/a\/wp-content\/uploads\/2022\/03\/kisafe-.jpg\",\"contentUrl\":\"https:\/\/kifase.com.br\/a\/wp-content\/uploads\/2022\/03\/kisafe-.jpg\",\"width\":339,\"height\":105,\"caption\":\"Kifase Materiais El\u00e9tricos\"},\"image\":{\"@id\":\"https:\/\/kifase.com.br\/a\/#\/schema\/logo\/image\/\"},\"sameAs\":[\"https:\/\/www.facebook.com\/kifaseloja\",\"https:\/\/www.instagram.com\/kifasemat.e\"]}]}<\/script>\n<!-- \/ Yoast SEO plugin. -->","yoast_head_json":{"title":"Refletor Slim Led 10w - Avant (Luz Branca) - Kifase Materiais El\u00e9tricos","robots":{"index":"index","follow":"follow","max-snippet":"max-snippet:-1","max-image-preview":"max-image-preview:large","max-video-preview":"max-video-preview:-1"},"canonical":"https:\/\/kifase.com.br\/a\/produto\/refletor-slim-led-10w-avant-luz-branca\/","og_locale":"pt_BR","og_type":"article","og_title":"Refletor Slim Led 10w - Avant (Luz Branca) - Kifase Materiais El\u00e9tricos","og_description":"Modelo: LED Pot\u00eancia: 10w. Fluxo luminoso: 750 lumens. Temperatura de cor: Branco frio 6500k. Material: Corpo em alum\u00ednio e vidro temperado Cor: Carca\u00e7a preta. Tens\u00e3o: Bivolt IRC: &gt;80 \u00c2ngulo de abertura: 120\u00b0. Grau de prote\u00e7\u00e3o: IP65 pode ficar ao tempo. Tipo de Instala\u00e7\u00e3o: Sobrepor. Dimens\u00f5es: 91mm(Largura) x 90mm(Altura) x 26mm(Profundidade) Vida \u00fatil: 25.000 horas.","og_url":"https:\/\/kifase.com.br\/a\/produto\/refletor-slim-led-10w-avant-luz-branca\/","og_site_name":"Kifase Materiais El\u00e9tricos","article_publisher":"https:\/\/www.facebook.com\/kifaseloja","article_modified_time":"2022-05-19T23:48:11+00:00","og_image":[{"width":827,"height":827,"url":"https:\/\/kifase.com.br\/a\/wp-content\/uploads\/2022\/05\/refeltor-10w-branco.jpg","type":"image\/jpeg"}],"twitter_card":"summary_large_image","schema":{"@context":"https:\/\/schema.org","@graph":[{"@type":"WebPage","@id":"https:\/\/kifase.com.br\/a\/produto\/refletor-slim-led-10w-avant-luz-branca\/","url":"https:\/\/kifase.com.br\/a\/produto\/refletor-slim-led-10w-avant-luz-branca\/","name":"Refletor Slim Led 10w - Avant (Luz Branca) - Kifase Materiais El\u00e9tricos","isPartOf":{"@id":"https:\/\/kifase.com.br\/a\/#website"},"datePublished":"2022-05-19T23:42:53+00:00","dateModified":"2022-05-19T23:48:11+00:00","breadcrumb":{"@id":"https:\/\/kifase.com.br\/a\/produto\/refletor-slim-led-10w-avant-luz-branca\/#breadcrumb"},"inLanguage":"pt-BR","potentialAction":[{"@type":"ReadAction","target":["https:\/\/kifase.com.br\/a\/produto\/refletor-slim-led-10w-avant-luz-branca\/"]}]},{"@type":"BreadcrumbList","@id":"https:\/\/kifase.com.br\/a\/produto\/refletor-slim-led-10w-avant-luz-branca\/#breadcrumb","itemListElement":[{"@type":"ListItem","position":1,"name":"In\u00edcio","item":"https:\/\/kifase.com.br\/a\/"},{"@type":"ListItem","position":2,"name":"Loja","item":"https:\/\/kifase.com.br\/a\/loja\/"},{"@type":"ListItem","position":3,"name":"Refletor Slim Led 10w &#8211; Avant (Luz Branca)"}]},{"@type":"WebSite","@id":"https:\/\/kifase.com.br\/a\/#website","url":"https:\/\/kifase.com.br\/a\/","name":"Kifase Materiais El\u00e9tricos","description":"Materiais el\u00e9tricos, ilumina\u00e7\u00e3o, ferramentas e utilidades.","publisher":{"@id":"https:\/\/kifase.com.br\/a\/#organization"},"potentialAction":[{"@type":"SearchAction","target":{"@type":"EntryPoint","urlTemplate":"https:\/\/kifase.com.br\/a\/?s={search_term_string}"},"query-input":"required name=search_term_string"}],"inLanguage":"pt-BR"},{"@type":"Organization","@id":"https:\/\/kifase.com.br\/a\/#organization","name":"Kifase Materiais El\u00e9tricos","url":"https:\/\/kifase.com.br\/a\/","logo":{"@type":"ImageObject","inLanguage":"pt-BR","@id":"https:\/\/kifase.com.br\/a\/#\/schema\/logo\/image\/","url":"https:\/\/kifase.com.br\/a\/wp-content\/uploads\/2022\/03\/kisafe-.jpg","contentUrl":"https:\/\/kifase.com.br\/a\/wp-content\/uploads\/2022\/03\/kisafe-.jpg","width":339,"height":105,"caption":"Kifase Materiais El\u00e9tricos"},"image":{"@id":"https:\/\/kifase.com.br\/a\/#\/schema\/logo\/image\/"},"sameAs":["https:\/\/www.facebook.com\/kifaseloja","https:\/\/www.instagram.com\/kifasemat.e"]}]}},"_links":{"self":[{"href":"https:\/\/kifase.com.br\/a\/wp-json\/wp\/v2\/product\/937","targetHints":{"allow":["GET"]}}],"collection":[{"href":"https:\/\/kifase.com.br\/a\/wp-json\/wp\/v2\/product"}],"about":[{"href":"https:\/\/kifase.com.br\/a\/wp-json\/wp\/v2\/types\/product"}],"replies":[{"embeddable":true,"href":"https:\/\/kifase.com.br\/a\/wp-json\/wp\/v2\/comments?post=937"}],"version-history":[{"count":1,"href":"https:\/\/kifase.com.br\/a\/wp-json\/wp\/v2\/product\/937\/revisions"}],"predecessor-version":[{"id":939,"href":"https:\/\/kifase.com.br\/a\/wp-json\/wp\/v2\/product\/937\/revisions\/939"}],"wp:featuredmedia":[{"embeddable":true,"href":"https:\/\/kifase.com.br\/a\/wp-json\/wp\/v2\/media\/938"}],"wp:attachment":[{"href":"https:\/\/kifase.com.br\/a\/wp-json\/wp\/v2\/media?parent=937"}],"wp:term":[{"taxonomy":"product_cat","embeddable":true,"href":"https:\/\/kifase.com.br\/a\/wp-json\/wp\/v2\/product_cat?post=937"},{"taxonomy":"product_tag","embeddable":true,"href":"https:\/\/kifase.com.br\/a\/wp-json\/wp\/v2\/product_tag?post=937"}],"curies":[{"name":"wp","href":"https:\/\/api.w.org\/{rel}","templated":true}]}}